{"id":9772,"date":"2023-01-11T23:22:14","date_gmt":"2023-01-11T23:22:14","guid":{"rendered":"https:\/\/lamascoteriaonline.co\/shop\/?post_type=product&#038;p=9772"},"modified":"2024-07-16T20:30:30","modified_gmt":"2024-07-16T20:30:30","slug":"pro-plan-feline-dm-272-kg","status":"publish","type":"product","link":"https:\/\/lamascoteriaonline.co\/shop\/product\/pro-plan-feline-dm-272-kg\/","title":{"rendered":"Pro Plan Feline DM 2,72 KG"},"content":{"rendered":"<h5 class=\"card-subtitle mb-1\">Descripci\u00f3n<\/h5>\n<h3>Alimento terap\u00e9utico para gatos adultos de todas las razas<\/h3>\n<p>Indicado para apoyar el tratamiento de Diabetes Mellitus y de otros disturbios fisiol\u00f3gicos o metab\u00f3licos que sean beneficiados por una dieta rica en prote\u00ednas y baja en carbohidratos.<\/p>\n","protected":false},"excerpt":{"rendered":"<p>Descripci\u00f3n Alimento terap\u00e9utico para gatos adultos de todas las razas Indicado para apoyar el tratamiento de Diabetes Mellitus y de otros disturbios fisiol\u00f3gicos o metab\u00f3licos que sean beneficiados por una dieta rica en prote\u00ednas y baja en carbohidratos.<\/p>\n","protected":false},"featured_media":9773,"comment_status":"open","ping_status":"closed","template":"","meta":{"_et_pb_use_builder":"","_et_pb_old_content":"","_et_gb_content_width":"","_joinchat":[]},"product_brand":[],"product_cat":[49],"product_tag":[],"class_list":{"0":"post-9772","1":"product","2":"type-product","3":"status-publish","4":"has-post-thumbnail","6":"product_cat-proplan-gatos","8":"first","9":"outofstock","10":"shipping-taxable","11":"purchasable","12":"product-type-simple"},"_links":{"self":[{"href":"https:\/\/lamascoteriaonline.co\/shop\/wp-json\/wp\/v2\/product\/9772","targetHints":{"allow":["GET"]}}],"collection":[{"href":"https:\/\/lamascoteriaonline.co\/shop\/wp-json\/wp\/v2\/product"}],"about":[{"href":"https:\/\/lamascoteriaonline.co\/shop\/wp-json\/wp\/v2\/types\/product"}],"replies":[{"embeddable":true,"href":"https:\/\/lamascoteriaonline.co\/shop\/wp-json\/wp\/v2\/comments?post=9772"}],"wp:featuredmedia":[{"embeddable":true,"href":"https:\/\/lamascoteriaonline.co\/shop\/wp-json\/wp\/v2\/media\/9773"}],"wp:attachment":[{"href":"https:\/\/lamascoteriaonline.co\/shop\/wp-json\/wp\/v2\/media?parent=9772"}],"wp:term":[{"taxonomy":"product_brand","embeddable":true,"href":"https:\/\/lamascoteriaonline.co\/shop\/wp-json\/wp\/v2\/product_brand?post=9772"},{"taxonomy":"product_cat","embeddable":true,"href":"https:\/\/lamascoteriaonline.co\/shop\/wp-json\/wp\/v2\/product_cat?post=9772"},{"taxonomy":"product_tag","embeddable":true,"href":"https:\/\/lamascoteriaonline.co\/shop\/wp-json\/wp\/v2\/product_tag?post=9772"}],"curies":[{"name":"wp","href":"https:\/\/api.w.org\/{rel}","templated":true}]}}