{"id":9757,"date":"2023-01-11T22:55:34","date_gmt":"2023-01-11T22:55:34","guid":{"rendered":"https:\/\/lamascoteriaonline.co\/shop\/?post_type=product&#038;p=9757"},"modified":"2024-01-21T14:36:23","modified_gmt":"2024-01-21T14:36:23","slug":"pro-plan-ur-272-kg","status":"publish","type":"product","link":"https:\/\/lamascoteriaonline.co\/shop\/product\/pro-plan-ur-272-kg\/","title":{"rendered":"Pro Plan UR 2,72 kg"},"content":{"rendered":"<div class=\"text\">\n<div class=\"sectionMarquee-label\">\n<h5 class=\"card-subtitle mb-1\">Descripci\u00f3n<\/h5>\n<p>Alimento terap\u00e9utico para perros adultos de todas las razas.<\/p>\n<p>Indicado para la disoluci\u00f3n de ur\u00f3litos de estruvita est\u00e9riles y en la reducci\u00f3n del riesgo de la formaci\u00f3n de cristales o ur\u00f3litos de estruvita y oxalato de sodio.<\/p>\n<\/div>\n<\/div>\n","protected":false},"excerpt":{"rendered":"<p>Descripci\u00f3n Alimento terap\u00e9utico para perros adultos de todas las razas. Indicado para la disoluci\u00f3n de ur\u00f3litos de estruvita est\u00e9riles y en la reducci\u00f3n del riesgo de la formaci\u00f3n de cristales o ur\u00f3litos de estruvita y oxalato de sodio.<\/p>\n","protected":false},"featured_media":9758,"comment_status":"open","ping_status":"closed","template":"","meta":{"_et_pb_use_builder":"","_et_pb_old_content":"","_et_gb_content_width":"","_joinchat":[]},"product_brand":[],"product_cat":[16],"product_tag":[],"class_list":{"0":"post-9757","1":"product","2":"type-product","3":"status-publish","4":"has-post-thumbnail","6":"product_cat-proplan-perros","8":"first","9":"instock","10":"shipping-taxable","11":"purchasable","12":"product-type-simple"},"_links":{"self":[{"href":"https:\/\/lamascoteriaonline.co\/shop\/wp-json\/wp\/v2\/product\/9757","targetHints":{"allow":["GET"]}}],"collection":[{"href":"https:\/\/lamascoteriaonline.co\/shop\/wp-json\/wp\/v2\/product"}],"about":[{"href":"https:\/\/lamascoteriaonline.co\/shop\/wp-json\/wp\/v2\/types\/product"}],"replies":[{"embeddable":true,"href":"https:\/\/lamascoteriaonline.co\/shop\/wp-json\/wp\/v2\/comments?post=9757"}],"wp:featuredmedia":[{"embeddable":true,"href":"https:\/\/lamascoteriaonline.co\/shop\/wp-json\/wp\/v2\/media\/9758"}],"wp:attachment":[{"href":"https:\/\/lamascoteriaonline.co\/shop\/wp-json\/wp\/v2\/media?parent=9757"}],"wp:term":[{"taxonomy":"product_brand","embeddable":true,"href":"https:\/\/lamascoteriaonline.co\/shop\/wp-json\/wp\/v2\/product_brand?post=9757"},{"taxonomy":"product_cat","embeddable":true,"href":"https:\/\/lamascoteriaonline.co\/shop\/wp-json\/wp\/v2\/product_cat?post=9757"},{"taxonomy":"product_tag","embeddable":true,"href":"https:\/\/lamascoteriaonline.co\/shop\/wp-json\/wp\/v2\/product_tag?post=9757"}],"curies":[{"name":"wp","href":"https:\/\/api.w.org\/{rel}","templated":true}]}}