{"id":9746,"date":"2023-01-11T22:38:54","date_gmt":"2023-01-11T22:38:54","guid":{"rendered":"https:\/\/lamascoteriaonline.co\/shop\/?post_type=product&#038;p=9746"},"modified":"2024-01-21T14:42:01","modified_gmt":"2024-01-21T14:42:01","slug":"pro-plan-obesidad","status":"publish","type":"product","link":"https:\/\/lamascoteriaonline.co\/shop\/product\/pro-plan-obesidad\/","title":{"rendered":"Pro Plan HA"},"content":{"rendered":"<div class=\"text\">\n<div class=\"sectionMarquee-label\">\n<h5 class=\"card-subtitle mb-1\">Descripci\u00f3n<\/h5>\n<h3>F\u00f3rmula indicada para perros con hipersensibilidad alimentaria<\/h3>\n<p>Causante de signos cl\u00ednicos que afectan a la piel y el tracto gastrointestinal como dermatosis al\u00e9rgica no estacional y gastroenteritis.<\/p>\n<p>Una dieta cl\u00ednica para el diagn\u00f3stico y el manejo nutricional de las alergias e intolerancias alimentarias en perros de todas las edades.<\/p>\n<\/div>\n<\/div>\n","protected":false},"excerpt":{"rendered":"<p>Descripci\u00f3n F\u00f3rmula indicada para perros con hipersensibilidad alimentaria Causante de signos cl\u00ednicos que afectan a la piel y el tracto gastrointestinal como dermatosis al\u00e9rgica no estacional y gastroenteritis. Una dieta cl\u00ednica para el diagn\u00f3stico y el manejo nutricional de las alergias e intolerancias alimentarias en perros de todas las edades.<\/p>\n","protected":false},"featured_media":9750,"comment_status":"open","ping_status":"closed","template":"","meta":{"_et_pb_use_builder":"","_et_pb_old_content":"","_et_gb_content_width":"","_joinchat":[]},"product_brand":[],"product_cat":[16],"product_tag":[],"class_list":{"0":"post-9746","1":"product","2":"type-product","3":"status-publish","4":"has-post-thumbnail","6":"product_cat-proplan-perros","8":"first","9":"instock","10":"shipping-taxable","11":"purchasable","12":"product-type-variable"},"_links":{"self":[{"href":"https:\/\/lamascoteriaonline.co\/shop\/wp-json\/wp\/v2\/product\/9746","targetHints":{"allow":["GET"]}}],"collection":[{"href":"https:\/\/lamascoteriaonline.co\/shop\/wp-json\/wp\/v2\/product"}],"about":[{"href":"https:\/\/lamascoteriaonline.co\/shop\/wp-json\/wp\/v2\/types\/product"}],"replies":[{"embeddable":true,"href":"https:\/\/lamascoteriaonline.co\/shop\/wp-json\/wp\/v2\/comments?post=9746"}],"wp:featuredmedia":[{"embeddable":true,"href":"https:\/\/lamascoteriaonline.co\/shop\/wp-json\/wp\/v2\/media\/9750"}],"wp:attachment":[{"href":"https:\/\/lamascoteriaonline.co\/shop\/wp-json\/wp\/v2\/media?parent=9746"}],"wp:term":[{"taxonomy":"product_brand","embeddable":true,"href":"https:\/\/lamascoteriaonline.co\/shop\/wp-json\/wp\/v2\/product_brand?post=9746"},{"taxonomy":"product_cat","embeddable":true,"href":"https:\/\/lamascoteriaonline.co\/shop\/wp-json\/wp\/v2\/product_cat?post=9746"},{"taxonomy":"product_tag","embeddable":true,"href":"https:\/\/lamascoteriaonline.co\/shop\/wp-json\/wp\/v2\/product_tag?post=9746"}],"curies":[{"name":"wp","href":"https:\/\/api.w.org\/{rel}","templated":true}]}}