{"id":9725,"date":"2023-01-11T21:43:36","date_gmt":"2023-01-11T21:43:36","guid":{"rendered":"https:\/\/lamascoteriaonline.co\/shop\/?post_type=product&#038;p=9725"},"modified":"2024-01-21T15:20:17","modified_gmt":"2024-01-21T15:20:17","slug":"pro-plan-active-mind-raza-mediana-y-grande","status":"publish","type":"product","link":"https:\/\/lamascoteriaonline.co\/shop\/product\/pro-plan-active-mind-raza-mediana-y-grande\/","title":{"rendered":"Pro Plan Active Mind Raza Mediana y Grande"},"content":{"rendered":"<div class=\"text\">\n<div class=\"sectionMarquee-label\">\n<h1>PURINA\u00ae PRO PLAN\u00ae ACTIVE MIND 7+<\/h1>\n<\/div>\n<div class=\"sectionMarquee-sub\">Desarrollado por veterinarios y nutricionistas Pro Plan Active Mind 7+ con tecnolog\u00eda exclusiva Optiage\u00ae con aceites bot\u00e1nicos que proveen una fuente alternativa de energ\u00eda para el cerebro en perros de 7 o m\u00e1s a\u00f1os.<\/div>\n<\/div>\n","protected":false},"excerpt":{"rendered":"<p>PURINA\u00ae PRO PLAN\u00ae ACTIVE MIND 7+ Desarrollado por veterinarios y nutricionistas Pro Plan Active Mind 7+ con tecnolog\u00eda exclusiva Optiage\u00ae con aceites bot\u00e1nicos que proveen una fuente alternativa de energ\u00eda para el cerebro en perros de 7 o m\u00e1s a\u00f1os.<\/p>\n","protected":false},"featured_media":9729,"comment_status":"open","ping_status":"closed","template":"","meta":{"_et_pb_use_builder":"","_et_pb_old_content":"","_et_gb_content_width":"","_joinchat":[]},"product_brand":[],"product_cat":[16],"product_tag":[],"class_list":{"0":"post-9725","1":"product","2":"type-product","3":"status-publish","4":"has-post-thumbnail","6":"product_cat-proplan-perros","8":"first","9":"instock","10":"shipping-taxable","11":"purchasable","12":"product-type-variable"},"_links":{"self":[{"href":"https:\/\/lamascoteriaonline.co\/shop\/wp-json\/wp\/v2\/product\/9725","targetHints":{"allow":["GET"]}}],"collection":[{"href":"https:\/\/lamascoteriaonline.co\/shop\/wp-json\/wp\/v2\/product"}],"about":[{"href":"https:\/\/lamascoteriaonline.co\/shop\/wp-json\/wp\/v2\/types\/product"}],"replies":[{"embeddable":true,"href":"https:\/\/lamascoteriaonline.co\/shop\/wp-json\/wp\/v2\/comments?post=9725"}],"wp:featuredmedia":[{"embeddable":true,"href":"https:\/\/lamascoteriaonline.co\/shop\/wp-json\/wp\/v2\/media\/9729"}],"wp:attachment":[{"href":"https:\/\/lamascoteriaonline.co\/shop\/wp-json\/wp\/v2\/media?parent=9725"}],"wp:term":[{"taxonomy":"product_brand","embeddable":true,"href":"https:\/\/lamascoteriaonline.co\/shop\/wp-json\/wp\/v2\/product_brand?post=9725"},{"taxonomy":"product_cat","embeddable":true,"href":"https:\/\/lamascoteriaonline.co\/shop\/wp-json\/wp\/v2\/product_cat?post=9725"},{"taxonomy":"product_tag","embeddable":true,"href":"https:\/\/lamascoteriaonline.co\/shop\/wp-json\/wp\/v2\/product_tag?post=9725"}],"curies":[{"name":"wp","href":"https:\/\/api.w.org\/{rel}","templated":true}]}}