{"id":9522,"date":"2022-09-01T05:22:25","date_gmt":"2022-09-01T05:22:25","guid":{"rendered":"https:\/\/lamascoteriaonline.co\/shop\/?post_type=product&#038;p=9522"},"modified":"2022-09-01T13:38:54","modified_gmt":"2022-09-01T13:38:54","slug":"nutriss-natural-senior","status":"publish","type":"product","link":"https:\/\/lamascoteriaonline.co\/shop\/product\/nutriss-natural-senior\/","title":{"rendered":"Nutriss Natural Senior"},"content":{"rendered":"<p>Nutriss al Natural Senior ayuda al cuidado de los huesos y las articulaciones, el fortalecimiento del sistema inmune y el cuidado cardiaco del perro. Adem\u00e1s, est\u00e1 elaborado con ingredientes naturales, saludables y de alta palatabilidad, con la inclusi\u00f3n de pollo real y frutas deshidratadas.<\/p>\n","protected":false},"excerpt":{"rendered":"<p>Nutriss al Natural Senior ayuda al cuidado de los huesos y las articulaciones, el fortalecimiento del sistema inmune y el cuidado cardiaco del perro. Adem\u00e1s, est\u00e1 elaborado con ingredientes naturales, saludables y de alta palatabilidad, con la inclusi\u00f3n de pollo real y frutas deshidratadas.<\/p>\n","protected":false},"featured_media":9525,"comment_status":"open","ping_status":"closed","template":"","meta":{"_et_pb_use_builder":"","_et_pb_old_content":"","_et_gb_content_width":"","_joinchat":[]},"product_brand":[],"product_cat":[154],"product_tag":[],"class_list":{"0":"post-9522","1":"product","2":"type-product","3":"status-publish","4":"has-post-thumbnail","6":"product_cat-nutriss-al-natural","8":"first","9":"instock","10":"shipping-taxable","11":"purchasable","12":"product-type-variable"},"_links":{"self":[{"href":"https:\/\/lamascoteriaonline.co\/shop\/wp-json\/wp\/v2\/product\/9522","targetHints":{"allow":["GET"]}}],"collection":[{"href":"https:\/\/lamascoteriaonline.co\/shop\/wp-json\/wp\/v2\/product"}],"about":[{"href":"https:\/\/lamascoteriaonline.co\/shop\/wp-json\/wp\/v2\/types\/product"}],"replies":[{"embeddable":true,"href":"https:\/\/lamascoteriaonline.co\/shop\/wp-json\/wp\/v2\/comments?post=9522"}],"wp:featuredmedia":[{"embeddable":true,"href":"https:\/\/lamascoteriaonline.co\/shop\/wp-json\/wp\/v2\/media\/9525"}],"wp:attachment":[{"href":"https:\/\/lamascoteriaonline.co\/shop\/wp-json\/wp\/v2\/media?parent=9522"}],"wp:term":[{"taxonomy":"product_brand","embeddable":true,"href":"https:\/\/lamascoteriaonline.co\/shop\/wp-json\/wp\/v2\/product_brand?post=9522"},{"taxonomy":"product_cat","embeddable":true,"href":"https:\/\/lamascoteriaonline.co\/shop\/wp-json\/wp\/v2\/product_cat?post=9522"},{"taxonomy":"product_tag","embeddable":true,"href":"https:\/\/lamascoteriaonline.co\/shop\/wp-json\/wp\/v2\/product_tag?post=9522"}],"curies":[{"name":"wp","href":"https:\/\/api.w.org\/{rel}","templated":true}]}}