{"id":9511,"date":"2022-09-01T04:59:01","date_gmt":"2022-09-01T04:59:01","guid":{"rendered":"https:\/\/lamascoteriaonline.co\/shop\/?post_type=product&#038;p=9511"},"modified":"2024-09-30T14:57:21","modified_gmt":"2024-09-30T14:57:21","slug":"nutriss-adulto-cachorros-leche","status":"publish","type":"product","link":"https:\/\/lamascoteriaonline.co\/shop\/product\/nutriss-adulto-cachorros-leche\/","title":{"rendered":"Nutriss Cachorros Leche"},"content":{"rendered":"<p>Alimento para perros cachorros de todas las razas, que contiene un alto porcentaje de prote\u00edna y DHA para el correcto desarrollo y formaci\u00f3n del cerebro.<\/p>\n<h4 class=\"text-center color-blanco sub-beneficios\">Formulado con DHA<\/h4>\n<p class=\"text-center color-blanco\">Un \u00e1cido graso que potencia la capacidad de aprendizaje de tu mascota e interviene de manera esencial y activa en el desarrollo de su cerebro.<\/p>\n<h4 class=\"text-center color-blanco sub-beneficios\">Ingredientes seleccionados<\/h4>\n<p class=\"text-center color-blanco\">Empleamos leche deslactosada enriquecida con vitaminas, minerales y m\u00faltiples ingredientes aptos para el sano desarrollo de tu mascota.<\/p>\n<h4 class=\"text-center color-blanco sub-beneficios\">Prote\u00edna especializada<\/h4>\n<p class=\"text-center color-blanco\">Nuestra f\u00f3rmula incluye la mejor prote\u00edna animal, ideal para fortalecer el crecimiento y desarrollo de tu perro en formaci\u00f3n.<\/p>\n","protected":false},"excerpt":{"rendered":"<p>Alimento para perros cachorros de todas las razas, que contiene un alto porcentaje de prote\u00edna y DHA para el correcto desarrollo y formaci\u00f3n del cerebro. Formulado con DHA Un \u00e1cido graso que potencia la capacidad de aprendizaje de tu mascota e interviene de manera esencial y activa en el desarrollo de su cerebro. Ingredientes seleccionados [&hellip;]<\/p>\n","protected":false},"featured_media":9514,"comment_status":"open","ping_status":"closed","template":"","meta":{"_et_pb_use_builder":"","_et_pb_old_content":"","_et_gb_content_width":"","_joinchat":[]},"product_brand":[],"product_cat":[154],"product_tag":[],"class_list":{"0":"post-9511","1":"product","2":"type-product","3":"status-publish","4":"has-post-thumbnail","6":"product_cat-nutriss-al-natural","8":"first","9":"instock","10":"shipping-taxable","11":"purchasable","12":"product-type-variable"},"_links":{"self":[{"href":"https:\/\/lamascoteriaonline.co\/shop\/wp-json\/wp\/v2\/product\/9511","targetHints":{"allow":["GET"]}}],"collection":[{"href":"https:\/\/lamascoteriaonline.co\/shop\/wp-json\/wp\/v2\/product"}],"about":[{"href":"https:\/\/lamascoteriaonline.co\/shop\/wp-json\/wp\/v2\/types\/product"}],"replies":[{"embeddable":true,"href":"https:\/\/lamascoteriaonline.co\/shop\/wp-json\/wp\/v2\/comments?post=9511"}],"wp:featuredmedia":[{"embeddable":true,"href":"https:\/\/lamascoteriaonline.co\/shop\/wp-json\/wp\/v2\/media\/9514"}],"wp:attachment":[{"href":"https:\/\/lamascoteriaonline.co\/shop\/wp-json\/wp\/v2\/media?parent=9511"}],"wp:term":[{"taxonomy":"product_brand","embeddable":true,"href":"https:\/\/lamascoteriaonline.co\/shop\/wp-json\/wp\/v2\/product_brand?post=9511"},{"taxonomy":"product_cat","embeddable":true,"href":"https:\/\/lamascoteriaonline.co\/shop\/wp-json\/wp\/v2\/product_cat?post=9511"},{"taxonomy":"product_tag","embeddable":true,"href":"https:\/\/lamascoteriaonline.co\/shop\/wp-json\/wp\/v2\/product_tag?post=9511"}],"curies":[{"name":"wp","href":"https:\/\/api.w.org\/{rel}","templated":true}]}}