{"id":9507,"date":"2022-09-01T04:50:15","date_gmt":"2022-09-01T04:50:15","guid":{"rendered":"https:\/\/lamascoteriaonline.co\/shop\/?post_type=product&#038;p=9507"},"modified":"2024-09-30T14:54:49","modified_gmt":"2024-09-30T14:54:49","slug":"nutriss-adulto-pollo","status":"publish","type":"product","link":"https:\/\/lamascoteriaonline.co\/shop\/product\/nutriss-adulto-pollo\/","title":{"rendered":"Nutriss Adulto Pollo"},"content":{"rendered":"<p>Alimento seco para perros adultos con sabor a carne y vegetales.<\/p>\n<p><strong>Contiene:<\/strong><\/p>\n<ul>\n<li>Vitamina A: Asegura buena y aguda visi\u00f3n.<\/li>\n<li>Fibras vegetales de los cereales: Facilitan la digesti\u00f3n y regulan el tr\u00e1nsito intestinal.<\/li>\n<li>Calcio, F\u00f3sforo y Vitamina D: Huesos fuertes.<\/li>\n<li>Vitaminas y minerales: Esenciales para el desarrollo del tejido muscular y fortalecimiento de los dientes.<\/li>\n<li>Vitamina E y Zinc: Proporcionan brillo y sedosidad al pelo y mantienen la buena condici\u00f3n de la piel.<\/li>\n<li>Grasas esenciales y carbohidratos: Proporcionan energ\u00eda y vitalidad a la mascota.<\/li>\n<\/ul>\n","protected":false},"excerpt":{"rendered":"<p>Alimento seco para perros adultos con sabor a carne y vegetales. Contiene: Vitamina A: Asegura buena y aguda visi\u00f3n. Fibras vegetales de los cereales: Facilitan la digesti\u00f3n y regulan el tr\u00e1nsito intestinal. Calcio, F\u00f3sforo y Vitamina D: Huesos fuertes. Vitaminas y minerales: Esenciales para el desarrollo del tejido muscular y fortalecimiento de los dientes. Vitamina [&hellip;]<\/p>\n","protected":false},"featured_media":9535,"comment_status":"open","ping_status":"closed","template":"","meta":{"_et_pb_use_builder":"","_et_pb_old_content":"","_et_gb_content_width":"","_joinchat":[]},"product_brand":[],"product_cat":[154],"product_tag":[],"class_list":{"0":"post-9507","1":"product","2":"type-product","3":"status-publish","4":"has-post-thumbnail","6":"product_cat-nutriss-al-natural","8":"first","9":"instock","10":"shipping-taxable","11":"purchasable","12":"product-type-variable"},"_links":{"self":[{"href":"https:\/\/lamascoteriaonline.co\/shop\/wp-json\/wp\/v2\/product\/9507","targetHints":{"allow":["GET"]}}],"collection":[{"href":"https:\/\/lamascoteriaonline.co\/shop\/wp-json\/wp\/v2\/product"}],"about":[{"href":"https:\/\/lamascoteriaonline.co\/shop\/wp-json\/wp\/v2\/types\/product"}],"replies":[{"embeddable":true,"href":"https:\/\/lamascoteriaonline.co\/shop\/wp-json\/wp\/v2\/comments?post=9507"}],"wp:featuredmedia":[{"embeddable":true,"href":"https:\/\/lamascoteriaonline.co\/shop\/wp-json\/wp\/v2\/media\/9535"}],"wp:attachment":[{"href":"https:\/\/lamascoteriaonline.co\/shop\/wp-json\/wp\/v2\/media?parent=9507"}],"wp:term":[{"taxonomy":"product_brand","embeddable":true,"href":"https:\/\/lamascoteriaonline.co\/shop\/wp-json\/wp\/v2\/product_brand?post=9507"},{"taxonomy":"product_cat","embeddable":true,"href":"https:\/\/lamascoteriaonline.co\/shop\/wp-json\/wp\/v2\/product_cat?post=9507"},{"taxonomy":"product_tag","embeddable":true,"href":"https:\/\/lamascoteriaonline.co\/shop\/wp-json\/wp\/v2\/product_tag?post=9507"}],"curies":[{"name":"wp","href":"https:\/\/api.w.org\/{rel}","templated":true}]}}