{"id":930,"date":"2018-10-26T18:23:27","date_gmt":"2018-10-26T18:23:27","guid":{"rendered":"http:\/\/lamascoteriaonline.co\/shop\/?post_type=product&#038;p=930"},"modified":"2024-01-21T15:04:43","modified_gmt":"2024-01-21T15:04:43","slug":"pro-plan-reduced-calorie-con-optifit","status":"publish","type":"product","link":"https:\/\/lamascoteriaonline.co\/shop\/product\/pro-plan-reduced-calorie-con-optifit\/","title":{"rendered":"Pro Plan Cat Reduced Calorie 3 kg"},"content":{"rendered":"<div class=\"text\">Alimento completo y balanceado para gatos poco activos o con exceso de peso.<\/div>\n<div class=\"detail\">Es una tecnolog\u00eda exclusiva, gracias a la reducci\u00f3n de un 35%* de las grasas, junto con unos niveles elevados de prote\u00ednas y fibras naturales, para reducir peso y mantener una condici\u00f3n corporal saludable. *respecto de la f\u00f3rmula PURINA<sup>\u00ae<\/sup> PRO PLAN<sup>\u00ae<\/sup> Adult Chicken &amp; Rice OPTIPREBIO<\/div>\n","protected":false},"excerpt":{"rendered":"<p>Alimento completo y balanceado para gatos poco activos o con exceso de peso. Es una tecnolog\u00eda exclusiva, gracias a la reducci\u00f3n de un 35%* de las grasas, junto con unos niveles elevados de prote\u00ednas y fibras naturales, para reducir peso y mantener una condici\u00f3n corporal saludable. *respecto de la f\u00f3rmula PURINA\u00ae PRO PLAN\u00ae Adult Chicken [&hellip;]<\/p>\n","protected":false},"featured_media":7947,"comment_status":"open","ping_status":"closed","template":"","meta":{"_et_pb_use_builder":"","_et_pb_old_content":"","_et_gb_content_width":"","_joinchat":[]},"product_brand":[],"product_cat":[49],"product_tag":[],"class_list":{"0":"post-930","1":"product","2":"type-product","3":"status-publish","4":"has-post-thumbnail","6":"product_cat-proplan-gatos","8":"first","9":"instock","10":"shipping-taxable","11":"purchasable","12":"product-type-simple"},"_links":{"self":[{"href":"https:\/\/lamascoteriaonline.co\/shop\/wp-json\/wp\/v2\/product\/930","targetHints":{"allow":["GET"]}}],"collection":[{"href":"https:\/\/lamascoteriaonline.co\/shop\/wp-json\/wp\/v2\/product"}],"about":[{"href":"https:\/\/lamascoteriaonline.co\/shop\/wp-json\/wp\/v2\/types\/product"}],"replies":[{"embeddable":true,"href":"https:\/\/lamascoteriaonline.co\/shop\/wp-json\/wp\/v2\/comments?post=930"}],"wp:featuredmedia":[{"embeddable":true,"href":"https:\/\/lamascoteriaonline.co\/shop\/wp-json\/wp\/v2\/media\/7947"}],"wp:attachment":[{"href":"https:\/\/lamascoteriaonline.co\/shop\/wp-json\/wp\/v2\/media?parent=930"}],"wp:term":[{"taxonomy":"product_brand","embeddable":true,"href":"https:\/\/lamascoteriaonline.co\/shop\/wp-json\/wp\/v2\/product_brand?post=930"},{"taxonomy":"product_cat","embeddable":true,"href":"https:\/\/lamascoteriaonline.co\/shop\/wp-json\/wp\/v2\/product_cat?post=930"},{"taxonomy":"product_tag","embeddable":true,"href":"https:\/\/lamascoteriaonline.co\/shop\/wp-json\/wp\/v2\/product_tag?post=930"}],"curies":[{"name":"wp","href":"https:\/\/api.w.org\/{rel}","templated":true}]}}