{"id":926,"date":"2018-10-26T18:18:41","date_gmt":"2018-10-26T18:18:41","guid":{"rendered":"http:\/\/lamascoteriaonline.co\/shop\/?post_type=product&#038;p=926"},"modified":"2024-01-21T15:06:28","modified_gmt":"2024-01-21T15:06:28","slug":"pro-plan-adult-7-con-optiage","status":"publish","type":"product","link":"https:\/\/lamascoteriaonline.co\/shop\/product\/pro-plan-adult-7-con-optiage\/","title":{"rendered":"Pro Plan Cat Live Clear"},"content":{"rendered":"<div class=\"text\">LiveClear es un alimento revolucionario para gatos que reduce los al\u00e9rgenos en su pelo y caspa en un promedio de 47% a partir de la tercera semana de alimentaci\u00f3n diaria.<\/div>\n<div><\/div>\n<div>Respaldado por m\u00e1s de una d\u00e9cada de investigaci\u00f3n, se demuestra que LiveClear reduce de forma segura y efectiva al\u00e9rgenos en el pelo y la caspa de los gatos. Mire el video a continuaci\u00f3n para aprender c\u00f3mo funciona LiveClear.<\/div>\n<div><\/div>\n<div><\/div>\n","protected":false},"excerpt":{"rendered":"<p>LiveClear es un alimento revolucionario para gatos que reduce los al\u00e9rgenos en su pelo y caspa en un promedio de 47% a partir de la tercera semana de alimentaci\u00f3n diaria. Respaldado por m\u00e1s de una d\u00e9cada de investigaci\u00f3n, se demuestra que LiveClear reduce de forma segura y efectiva al\u00e9rgenos en el pelo y la caspa [&hellip;]<\/p>\n","protected":false},"featured_media":7948,"comment_status":"open","ping_status":"closed","template":"","meta":{"_et_pb_use_builder":"","_et_pb_old_content":"","_et_gb_content_width":"","_joinchat":[]},"product_brand":[],"product_cat":[49],"product_tag":[],"class_list":{"0":"post-926","1":"product","2":"type-product","3":"status-publish","4":"has-post-thumbnail","6":"product_cat-proplan-gatos","8":"first","9":"instock","10":"shipping-taxable","11":"purchasable","12":"product-type-variable"},"_links":{"self":[{"href":"https:\/\/lamascoteriaonline.co\/shop\/wp-json\/wp\/v2\/product\/926","targetHints":{"allow":["GET"]}}],"collection":[{"href":"https:\/\/lamascoteriaonline.co\/shop\/wp-json\/wp\/v2\/product"}],"about":[{"href":"https:\/\/lamascoteriaonline.co\/shop\/wp-json\/wp\/v2\/types\/product"}],"replies":[{"embeddable":true,"href":"https:\/\/lamascoteriaonline.co\/shop\/wp-json\/wp\/v2\/comments?post=926"}],"wp:featuredmedia":[{"embeddable":true,"href":"https:\/\/lamascoteriaonline.co\/shop\/wp-json\/wp\/v2\/media\/7948"}],"wp:attachment":[{"href":"https:\/\/lamascoteriaonline.co\/shop\/wp-json\/wp\/v2\/media?parent=926"}],"wp:term":[{"taxonomy":"product_brand","embeddable":true,"href":"https:\/\/lamascoteriaonline.co\/shop\/wp-json\/wp\/v2\/product_brand?post=926"},{"taxonomy":"product_cat","embeddable":true,"href":"https:\/\/lamascoteriaonline.co\/shop\/wp-json\/wp\/v2\/product_cat?post=926"},{"taxonomy":"product_tag","embeddable":true,"href":"https:\/\/lamascoteriaonline.co\/shop\/wp-json\/wp\/v2\/product_tag?post=926"}],"curies":[{"name":"wp","href":"https:\/\/api.w.org\/{rel}","templated":true}]}}