{"id":9182,"date":"2022-06-28T21:03:22","date_gmt":"2022-06-28T21:03:22","guid":{"rendered":"https:\/\/lamascoteriaonline.co\/shop\/?post_type=product&#038;p=9182"},"modified":"2023-05-18T17:56:08","modified_gmt":"2023-05-18T17:56:08","slug":"chunky-cordero-arroz-y-salmon-cachorro","status":"publish","type":"product","link":"https:\/\/lamascoteriaonline.co\/shop\/product\/chunky-cordero-arroz-y-salmon-cachorro\/","title":{"rendered":"Chunky Cordero, Arroz Y Salm\u00f3n Cachorro"},"content":{"rendered":"<p>Chunky entrega los niveles perfectos de prote\u00edna, grasa y carbohidratos para cubrir con generosidad sus requerimientos. Recomendado en cachorros de todos los tama\u00f1os desde el destete hasta los 12 meses de edad, representa mejor nutrici\u00f3n para un sano crecimiento de tu cachorro, carne de pollo como fuente principal de prote\u00edna. \u00c1cidos grasos y Omega 3 para el cuidado de piel y pelo de tu cachorro.<\/p>\n","protected":false},"excerpt":{"rendered":"<p>Chunky entrega los niveles perfectos de prote\u00edna, grasa y carbohidratos para cubrir con generosidad sus requerimientos. Recomendado en cachorros de todos los tama\u00f1os desde el destete hasta los 12 meses de edad, representa mejor nutrici\u00f3n para un sano crecimiento de tu cachorro, carne de pollo como fuente principal de prote\u00edna. \u00c1cidos grasos y Omega 3 [&hellip;]<\/p>\n","protected":false},"featured_media":9186,"comment_status":"open","ping_status":"closed","template":"","meta":{"_et_pb_use_builder":"","_et_pb_old_content":"","_et_gb_content_width":"","_joinchat":[]},"product_brand":[],"product_cat":[146],"product_tag":[],"class_list":{"0":"post-9182","1":"product","2":"type-product","3":"status-publish","4":"has-post-thumbnail","6":"product_cat-chunky-perros","8":"first","9":"instock","10":"shipping-taxable","11":"purchasable","12":"product-type-variable"},"_links":{"self":[{"href":"https:\/\/lamascoteriaonline.co\/shop\/wp-json\/wp\/v2\/product\/9182","targetHints":{"allow":["GET"]}}],"collection":[{"href":"https:\/\/lamascoteriaonline.co\/shop\/wp-json\/wp\/v2\/product"}],"about":[{"href":"https:\/\/lamascoteriaonline.co\/shop\/wp-json\/wp\/v2\/types\/product"}],"replies":[{"embeddable":true,"href":"https:\/\/lamascoteriaonline.co\/shop\/wp-json\/wp\/v2\/comments?post=9182"}],"wp:featuredmedia":[{"embeddable":true,"href":"https:\/\/lamascoteriaonline.co\/shop\/wp-json\/wp\/v2\/media\/9186"}],"wp:attachment":[{"href":"https:\/\/lamascoteriaonline.co\/shop\/wp-json\/wp\/v2\/media?parent=9182"}],"wp:term":[{"taxonomy":"product_brand","embeddable":true,"href":"https:\/\/lamascoteriaonline.co\/shop\/wp-json\/wp\/v2\/product_brand?post=9182"},{"taxonomy":"product_cat","embeddable":true,"href":"https:\/\/lamascoteriaonline.co\/shop\/wp-json\/wp\/v2\/product_cat?post=9182"},{"taxonomy":"product_tag","embeddable":true,"href":"https:\/\/lamascoteriaonline.co\/shop\/wp-json\/wp\/v2\/product_tag?post=9182"}],"curies":[{"name":"wp","href":"https:\/\/api.w.org\/{rel}","templated":true}]}}