{"id":9176,"date":"2022-06-28T21:00:54","date_gmt":"2022-06-28T21:00:54","guid":{"rendered":"https:\/\/lamascoteriaonline.co\/shop\/?post_type=product&#038;p=9176"},"modified":"2023-05-18T17:54:51","modified_gmt":"2023-05-18T17:54:51","slug":"chunky-cordero-arroz-y-salmon-adulto","status":"publish","type":"product","link":"https:\/\/lamascoteriaonline.co\/shop\/product\/chunky-cordero-arroz-y-salmon-adulto\/","title":{"rendered":"Chunky Cordero, Arroz Y Salm\u00f3n Adulto"},"content":{"rendered":"<p>Chunky perros esta dise\u00f1ado para soportar su salud y bienestar, es un alimento elaborado con altos est\u00e1ndares de calidad, dise\u00f1ado para favorecer y cubrir los requerimientos nutricionales y energia que necesitan a diario.<\/p>\n","protected":false},"excerpt":{"rendered":"<p>Chunky perros esta dise\u00f1ado para soportar su salud y bienestar, es un alimento elaborado con altos est\u00e1ndares de calidad, dise\u00f1ado para favorecer y cubrir los requerimientos nutricionales y energia que necesitan a diario.<\/p>\n","protected":false},"featured_media":9181,"comment_status":"open","ping_status":"closed","template":"","meta":{"_et_pb_use_builder":"","_et_pb_old_content":"","_et_gb_content_width":"","_joinchat":[]},"product_brand":[],"product_cat":[146],"product_tag":[],"class_list":{"0":"post-9176","1":"product","2":"type-product","3":"status-publish","4":"has-post-thumbnail","6":"product_cat-chunky-perros","8":"first","9":"instock","10":"shipping-taxable","11":"purchasable","12":"product-type-variable"},"_links":{"self":[{"href":"https:\/\/lamascoteriaonline.co\/shop\/wp-json\/wp\/v2\/product\/9176","targetHints":{"allow":["GET"]}}],"collection":[{"href":"https:\/\/lamascoteriaonline.co\/shop\/wp-json\/wp\/v2\/product"}],"about":[{"href":"https:\/\/lamascoteriaonline.co\/shop\/wp-json\/wp\/v2\/types\/product"}],"replies":[{"embeddable":true,"href":"https:\/\/lamascoteriaonline.co\/shop\/wp-json\/wp\/v2\/comments?post=9176"}],"wp:featuredmedia":[{"embeddable":true,"href":"https:\/\/lamascoteriaonline.co\/shop\/wp-json\/wp\/v2\/media\/9181"}],"wp:attachment":[{"href":"https:\/\/lamascoteriaonline.co\/shop\/wp-json\/wp\/v2\/media?parent=9176"}],"wp:term":[{"taxonomy":"product_brand","embeddable":true,"href":"https:\/\/lamascoteriaonline.co\/shop\/wp-json\/wp\/v2\/product_brand?post=9176"},{"taxonomy":"product_cat","embeddable":true,"href":"https:\/\/lamascoteriaonline.co\/shop\/wp-json\/wp\/v2\/product_cat?post=9176"},{"taxonomy":"product_tag","embeddable":true,"href":"https:\/\/lamascoteriaonline.co\/shop\/wp-json\/wp\/v2\/product_tag?post=9176"}],"curies":[{"name":"wp","href":"https:\/\/api.w.org\/{rel}","templated":true}]}}