{"id":9166,"date":"2022-06-28T20:51:13","date_gmt":"2022-06-28T20:51:13","guid":{"rendered":"https:\/\/lamascoteriaonline.co\/shop\/?post_type=product&#038;p=9166"},"modified":"2023-05-18T17:51:41","modified_gmt":"2023-05-18T17:51:41","slug":"chunky-pollo-adultos-mayores","status":"publish","type":"product","link":"https:\/\/lamascoteriaonline.co\/shop\/product\/chunky-pollo-adultos-mayores\/","title":{"rendered":"Chunky Pollo Adultos Mayores"},"content":{"rendered":"<p>Chunky Pollo. Alimento seco para perros mayores de 5 a\u00f1os, sus croquetas e ingredientes est\u00e1n pensados para las necesidades espec\u00edficas de tu perro en esta etapa de vida. Chunky perros esta dise\u00f1ado para soportar su salud y bienestar, es un alimento elaborado con altos est\u00e1ndares de calidad, dise\u00f1ado para favorecer y cubrir los requerimientos nutricionales y energia que necesitan a diario. Gracias a sus altos niveles de nutrientes como vitaminas, minerales, antioxidantes, \u00e1cidos grasos omegas, entre otros; Este concentrado contribuir\u00e1 a la buena salud en general y al mantenimiento de la piel y el pelaje. Adem\u00e1s, gracias al DH pack y a su alto nivel de fibra tambi\u00e9n favorecer\u00e1 la digesti\u00f3n y la protecci\u00f3n del tracto gastrointestinal.<\/p>\n","protected":false},"excerpt":{"rendered":"<p>Chunky Pollo. Alimento seco para perros mayores de 5 a\u00f1os, sus croquetas e ingredientes est\u00e1n pensados para las necesidades espec\u00edficas de tu perro en esta etapa de vida. Chunky perros esta dise\u00f1ado para soportar su salud y bienestar, es un alimento elaborado con altos est\u00e1ndares de calidad, dise\u00f1ado para favorecer y cubrir los requerimientos nutricionales [&hellip;]<\/p>\n","protected":false},"featured_media":9168,"comment_status":"open","ping_status":"closed","template":"","meta":{"_et_pb_use_builder":"","_et_pb_old_content":"","_et_gb_content_width":"","_joinchat":[]},"product_brand":[],"product_cat":[146],"product_tag":[],"class_list":{"0":"post-9166","1":"product","2":"type-product","3":"status-publish","4":"has-post-thumbnail","6":"product_cat-chunky-perros","8":"first","9":"instock","10":"shipping-taxable","11":"purchasable","12":"product-type-variable"},"_links":{"self":[{"href":"https:\/\/lamascoteriaonline.co\/shop\/wp-json\/wp\/v2\/product\/9166","targetHints":{"allow":["GET"]}}],"collection":[{"href":"https:\/\/lamascoteriaonline.co\/shop\/wp-json\/wp\/v2\/product"}],"about":[{"href":"https:\/\/lamascoteriaonline.co\/shop\/wp-json\/wp\/v2\/types\/product"}],"replies":[{"embeddable":true,"href":"https:\/\/lamascoteriaonline.co\/shop\/wp-json\/wp\/v2\/comments?post=9166"}],"wp:featuredmedia":[{"embeddable":true,"href":"https:\/\/lamascoteriaonline.co\/shop\/wp-json\/wp\/v2\/media\/9168"}],"wp:attachment":[{"href":"https:\/\/lamascoteriaonline.co\/shop\/wp-json\/wp\/v2\/media?parent=9166"}],"wp:term":[{"taxonomy":"product_brand","embeddable":true,"href":"https:\/\/lamascoteriaonline.co\/shop\/wp-json\/wp\/v2\/product_brand?post=9166"},{"taxonomy":"product_cat","embeddable":true,"href":"https:\/\/lamascoteriaonline.co\/shop\/wp-json\/wp\/v2\/product_cat?post=9166"},{"taxonomy":"product_tag","embeddable":true,"href":"https:\/\/lamascoteriaonline.co\/shop\/wp-json\/wp\/v2\/product_tag?post=9166"}],"curies":[{"name":"wp","href":"https:\/\/api.w.org\/{rel}","templated":true}]}}