{"id":916,"date":"2018-10-26T18:05:42","date_gmt":"2018-10-26T18:05:42","guid":{"rendered":"http:\/\/lamascoteriaonline.co\/shop\/?post_type=product&#038;p=916"},"modified":"2024-01-21T14:57:16","modified_gmt":"2024-01-21T14:57:16","slug":"pro-plan-kitten-con-optistart","status":"publish","type":"product","link":"https:\/\/lamascoteriaonline.co\/shop\/product\/pro-plan-kitten-con-optistart\/","title":{"rendered":"Pro Plan Kitten"},"content":{"rendered":"<p>Los gatitos en su primera etapa de vida, experimentan un r\u00e1pido crecimiento. Su sistema inmune se encuentra en pleno desarrollo y est\u00e1n sometidos a situaciones de estr\u00e9s. Adem\u00e1s, son m\u00e1s propensos a sufrir infecciones y trastornos digestivos que los gatos adultos. Una nutrici\u00f3n espec\u00edfica es clave para favorecer un desarrollo y crecimiento saludables. Desarrollado por Veterinarios y Nutricionistas de Purina, PURINA\u00ae PRO PLAN\u00ae Kitten Optistart con calostro ofrece una nutrici\u00f3n espec\u00edfica para los gatitos desde su destete, y para madres gestantes o lactantes, promoviendo una salud \u00f3ptima y bienestar general.<\/p>\n","protected":false},"excerpt":{"rendered":"<p>Los gatitos en su primera etapa de vida, experimentan un r\u00e1pido crecimiento. Su sistema inmune se encuentra en pleno desarrollo y est\u00e1n sometidos a situaciones de estr\u00e9s. Adem\u00e1s, son m\u00e1s propensos a sufrir infecciones y trastornos digestivos que los gatos adultos. Una nutrici\u00f3n espec\u00edfica es clave para favorecer un desarrollo y crecimiento saludables. Desarrollado por [&hellip;]<\/p>\n","protected":false},"featured_media":7935,"comment_status":"open","ping_status":"closed","template":"","meta":{"_et_pb_use_builder":"","_et_pb_old_content":"","_et_gb_content_width":"","_joinchat":[]},"product_brand":[],"product_cat":[49],"product_tag":[],"class_list":{"0":"post-916","1":"product","2":"type-product","3":"status-publish","4":"has-post-thumbnail","6":"product_cat-proplan-gatos","8":"first","9":"instock","10":"shipping-taxable","11":"purchasable","12":"product-type-variable"},"_links":{"self":[{"href":"https:\/\/lamascoteriaonline.co\/shop\/wp-json\/wp\/v2\/product\/916","targetHints":{"allow":["GET"]}}],"collection":[{"href":"https:\/\/lamascoteriaonline.co\/shop\/wp-json\/wp\/v2\/product"}],"about":[{"href":"https:\/\/lamascoteriaonline.co\/shop\/wp-json\/wp\/v2\/types\/product"}],"replies":[{"embeddable":true,"href":"https:\/\/lamascoteriaonline.co\/shop\/wp-json\/wp\/v2\/comments?post=916"}],"wp:featuredmedia":[{"embeddable":true,"href":"https:\/\/lamascoteriaonline.co\/shop\/wp-json\/wp\/v2\/media\/7935"}],"wp:attachment":[{"href":"https:\/\/lamascoteriaonline.co\/shop\/wp-json\/wp\/v2\/media?parent=916"}],"wp:term":[{"taxonomy":"product_brand","embeddable":true,"href":"https:\/\/lamascoteriaonline.co\/shop\/wp-json\/wp\/v2\/product_brand?post=916"},{"taxonomy":"product_cat","embeddable":true,"href":"https:\/\/lamascoteriaonline.co\/shop\/wp-json\/wp\/v2\/product_cat?post=916"},{"taxonomy":"product_tag","embeddable":true,"href":"https:\/\/lamascoteriaonline.co\/shop\/wp-json\/wp\/v2\/product_tag?post=916"}],"curies":[{"name":"wp","href":"https:\/\/api.w.org\/{rel}","templated":true}]}}