{"id":9147,"date":"2022-06-28T17:40:22","date_gmt":"2022-06-28T17:40:22","guid":{"rendered":"https:\/\/lamascoteriaonline.co\/shop\/?post_type=product&#038;p=9147"},"modified":"2023-05-18T18:07:36","modified_gmt":"2023-05-18T18:07:36","slug":"chunky-adulto-razas-pequenas","status":"publish","type":"product","link":"https:\/\/lamascoteriaonline.co\/shop\/product\/chunky-adulto-razas-pequenas\/","title":{"rendered":"Chunky Adulto Razas Peque\u00f1as"},"content":{"rendered":"<p>Chunky Pollo Razas Peque\u00f1as. Alimento seco para perros adultos de razas peque\u00f1as o miniaturas. Chunky perros esta dise\u00f1ado para soportar su salud y bienestar, es un alimento elaborado con altos est\u00e1ndares de calidad, dise\u00f1ado para favorecer y cubrir los requerimientos nutricionales y energia que necesitan a diario, la f\u00f3rmula de este concentrado cuenta con \u00e1cidos grasos, vitaminas, minerales y DH pack que favorecer\u00e1n su salud en general. Adem\u00e1s sus palatables croquetas son m\u00e1s peque\u00f1as con el fin de que sean f\u00e1ciles de masticar y de disminuir la acumulaci\u00f3n de sarro en los dientes.<\/p>\n","protected":false},"excerpt":{"rendered":"<p>Chunky Pollo Razas Peque\u00f1as. Alimento seco para perros adultos de razas peque\u00f1as o miniaturas. Chunky perros esta dise\u00f1ado para soportar su salud y bienestar, es un alimento elaborado con altos est\u00e1ndares de calidad, dise\u00f1ado para favorecer y cubrir los requerimientos nutricionales y energia que necesitan a diario, la f\u00f3rmula de este concentrado cuenta con \u00e1cidos [&hellip;]<\/p>\n","protected":false},"featured_media":9151,"comment_status":"open","ping_status":"closed","template":"","meta":{"_et_pb_use_builder":"","_et_pb_old_content":"","_et_gb_content_width":"","_joinchat":[]},"product_brand":[],"product_cat":[146],"product_tag":[],"class_list":{"0":"post-9147","1":"product","2":"type-product","3":"status-publish","4":"has-post-thumbnail","6":"product_cat-chunky-perros","8":"first","9":"instock","10":"shipping-taxable","11":"purchasable","12":"product-type-variable"},"_links":{"self":[{"href":"https:\/\/lamascoteriaonline.co\/shop\/wp-json\/wp\/v2\/product\/9147","targetHints":{"allow":["GET"]}}],"collection":[{"href":"https:\/\/lamascoteriaonline.co\/shop\/wp-json\/wp\/v2\/product"}],"about":[{"href":"https:\/\/lamascoteriaonline.co\/shop\/wp-json\/wp\/v2\/types\/product"}],"replies":[{"embeddable":true,"href":"https:\/\/lamascoteriaonline.co\/shop\/wp-json\/wp\/v2\/comments?post=9147"}],"wp:featuredmedia":[{"embeddable":true,"href":"https:\/\/lamascoteriaonline.co\/shop\/wp-json\/wp\/v2\/media\/9151"}],"wp:attachment":[{"href":"https:\/\/lamascoteriaonline.co\/shop\/wp-json\/wp\/v2\/media?parent=9147"}],"wp:term":[{"taxonomy":"product_brand","embeddable":true,"href":"https:\/\/lamascoteriaonline.co\/shop\/wp-json\/wp\/v2\/product_brand?post=9147"},{"taxonomy":"product_cat","embeddable":true,"href":"https:\/\/lamascoteriaonline.co\/shop\/wp-json\/wp\/v2\/product_cat?post=9147"},{"taxonomy":"product_tag","embeddable":true,"href":"https:\/\/lamascoteriaonline.co\/shop\/wp-json\/wp\/v2\/product_tag?post=9147"}],"curies":[{"name":"wp","href":"https:\/\/api.w.org\/{rel}","templated":true}]}}