{"id":9065,"date":"2022-06-28T15:18:08","date_gmt":"2022-06-28T15:18:08","guid":{"rendered":"https:\/\/lamascoteriaonline.co\/shop\/?post_type=product&#038;p=9065"},"modified":"2023-07-01T16:21:58","modified_gmt":"2023-07-01T16:21:58","slug":"cat-chow-esterilizado","status":"publish","type":"product","link":"https:\/\/lamascoteriaonline.co\/shop\/product\/cat-chow-esterilizado\/","title":{"rendered":"Cat Chow Esterilizado"},"content":{"rendered":"<p>Una buena nutrici\u00f3n es fundamental para proteger la salud de los gatos. Es por eso que desarrollamos\u00a0<strong>PURINA\u00ae CAT CHOW\u00ae CON DEFENSE PLUS\u00ae<\/strong>, elaborado con una selecci\u00f3n de ingredientes naturales y mejorado, con la inclusi\u00f3n de un prebi\u00f3tico natural.<\/p>\n","protected":false},"excerpt":{"rendered":"<p>Una buena nutrici\u00f3n es fundamental para proteger la salud de los gatos. Es por eso que desarrollamos\u00a0PURINA\u00ae CAT CHOW\u00ae CON DEFENSE PLUS\u00ae, elaborado con una selecci\u00f3n de ingredientes naturales y mejorado, con la inclusi\u00f3n de un prebi\u00f3tico natural.<\/p>\n","protected":false},"featured_media":9068,"comment_status":"open","ping_status":"closed","template":"","meta":{"_et_pb_use_builder":"","_et_pb_old_content":"","_et_gb_content_width":"","_joinchat":[]},"product_brand":[],"product_cat":[62],"product_tag":[],"class_list":{"0":"post-9065","1":"product","2":"type-product","3":"status-publish","4":"has-post-thumbnail","6":"product_cat-cat-chow","8":"first","9":"instock","10":"shipping-taxable","11":"purchasable","12":"product-type-variable"},"_links":{"self":[{"href":"https:\/\/lamascoteriaonline.co\/shop\/wp-json\/wp\/v2\/product\/9065","targetHints":{"allow":["GET"]}}],"collection":[{"href":"https:\/\/lamascoteriaonline.co\/shop\/wp-json\/wp\/v2\/product"}],"about":[{"href":"https:\/\/lamascoteriaonline.co\/shop\/wp-json\/wp\/v2\/types\/product"}],"replies":[{"embeddable":true,"href":"https:\/\/lamascoteriaonline.co\/shop\/wp-json\/wp\/v2\/comments?post=9065"}],"wp:featuredmedia":[{"embeddable":true,"href":"https:\/\/lamascoteriaonline.co\/shop\/wp-json\/wp\/v2\/media\/9068"}],"wp:attachment":[{"href":"https:\/\/lamascoteriaonline.co\/shop\/wp-json\/wp\/v2\/media?parent=9065"}],"wp:term":[{"taxonomy":"product_brand","embeddable":true,"href":"https:\/\/lamascoteriaonline.co\/shop\/wp-json\/wp\/v2\/product_brand?post=9065"},{"taxonomy":"product_cat","embeddable":true,"href":"https:\/\/lamascoteriaonline.co\/shop\/wp-json\/wp\/v2\/product_cat?post=9065"},{"taxonomy":"product_tag","embeddable":true,"href":"https:\/\/lamascoteriaonline.co\/shop\/wp-json\/wp\/v2\/product_tag?post=9065"}],"curies":[{"name":"wp","href":"https:\/\/api.w.org\/{rel}","templated":true}]}}