{"id":9031,"date":"2022-06-23T18:01:50","date_gmt":"2022-06-23T18:01:50","guid":{"rendered":"https:\/\/lamascoteriaonline.co\/shop\/?post_type=product&#038;p=9031"},"modified":"2025-02-20T22:21:27","modified_gmt":"2025-02-20T22:21:27","slug":"br-for-cat-wild-adulto","status":"publish","type":"product","link":"https:\/\/lamascoteriaonline.co\/shop\/product\/br-for-cat-wild-adulto\/","title":{"rendered":"BR For Cat Wild Adulto"},"content":{"rendered":"<p><b>BR FOR CAT WILD ADULTS<\/b>, es un alimento completo para GATOS adultos de todas las razas, mantiene el sistema inmunol\u00f3gico saludable, piel y pelaje sano.<\/p>\n<p>Salm\u00f3n fresco (25%), Pato deshidratado (12%) Pollo deshidratado (12%) Grasa animal (pollo 11%) Guisantes verdes, Arvejas verdes, Batata, Prote\u00edna de pollo hidrolizada (7%), Pulpa de remolacha seca, semillas de lino, Manzanas secas, MOS (Mono-oligosacaridos), Achicoria seca (Fuente natural de Inulina y FOS), Secado levadura de cerveza, minerales, Aceite de salm\u00f3n (1%), Secado br\u00f3coli, Espinacas secas, Ar\u00e1ndanos rojos secos, Ar\u00e1ndanos azules secos, Extractos de plantas (Rosmarinus sp., Vitis sp., C\u00farcuma sp., Citrus sp., Eugenia sp.).<\/p>\n<table class=\"table table-striped\">\n<tbody>\n<tr>\n<td>Prote\u00edna (m\u00ednimo)<\/td>\n<td>34%<\/td>\n<\/tr>\n<tr>\n<td>Grasa (m\u00ednimo)<\/td>\n<td>20%<\/td>\n<\/tr>\n<tr>\n<td>Fibra (m\u00e1ximo)<\/td>\n<td>3,5%<\/td>\n<\/tr>\n<tr>\n<td>Humedad (m\u00e1ximo)<\/td>\n<td>9,0%<\/td>\n<\/tr>\n<tr>\n<td>Calcio (m\u00ednimo)<\/td>\n<td>1,2%<\/td>\n<\/tr>\n<tr>\n<td>F\u00f3sforo (m\u00ednimo)<\/td>\n<td>0,9%<\/td>\n<\/tr>\n<tr>\n<td>Taurina<\/td>\n<td>1,800 mg<\/td>\n<\/tr>\n<tr>\n<td>L-carnitia<\/td>\n<td>50 mg<\/td>\n<\/tr>\n<tr>\n<td>Materia Inorg\u00e1nica<\/td>\n<td>8,0%<\/td>\n<\/tr>\n<\/tbody>\n<\/table>\n","protected":false},"excerpt":{"rendered":"<p>BR FOR CAT WILD ADULTS, es un alimento completo para GATOS adultos de todas las razas, mantiene el sistema inmunol\u00f3gico saludable, piel y pelaje sano. Salm\u00f3n fresco (25%), Pato deshidratado (12%) Pollo deshidratado (12%) Grasa animal (pollo 11%) Guisantes verdes, Arvejas verdes, Batata, Prote\u00edna de pollo hidrolizada (7%), Pulpa de remolacha seca, semillas de lino, [&hellip;]<\/p>\n","protected":false},"featured_media":10709,"comment_status":"open","ping_status":"closed","template":"","meta":{"_et_pb_use_builder":"","_et_pb_old_content":"","_et_gb_content_width":"","_joinchat":[]},"product_brand":[],"product_cat":[139],"product_tag":[],"class_list":{"0":"post-9031","1":"product","2":"type-product","3":"status-publish","4":"has-post-thumbnail","6":"product_cat-br-concentrados-gatos","8":"first","9":"instock","10":"shipping-taxable","11":"purchasable","12":"product-type-variable"},"_links":{"self":[{"href":"https:\/\/lamascoteriaonline.co\/shop\/wp-json\/wp\/v2\/product\/9031","targetHints":{"allow":["GET"]}}],"collection":[{"href":"https:\/\/lamascoteriaonline.co\/shop\/wp-json\/wp\/v2\/product"}],"about":[{"href":"https:\/\/lamascoteriaonline.co\/shop\/wp-json\/wp\/v2\/types\/product"}],"replies":[{"embeddable":true,"href":"https:\/\/lamascoteriaonline.co\/shop\/wp-json\/wp\/v2\/comments?post=9031"}],"wp:featuredmedia":[{"embeddable":true,"href":"https:\/\/lamascoteriaonline.co\/shop\/wp-json\/wp\/v2\/media\/10709"}],"wp:attachment":[{"href":"https:\/\/lamascoteriaonline.co\/shop\/wp-json\/wp\/v2\/media?parent=9031"}],"wp:term":[{"taxonomy":"product_brand","embeddable":true,"href":"https:\/\/lamascoteriaonline.co\/shop\/wp-json\/wp\/v2\/product_brand?post=9031"},{"taxonomy":"product_cat","embeddable":true,"href":"https:\/\/lamascoteriaonline.co\/shop\/wp-json\/wp\/v2\/product_cat?post=9031"},{"taxonomy":"product_tag","embeddable":true,"href":"https:\/\/lamascoteriaonline.co\/shop\/wp-json\/wp\/v2\/product_tag?post=9031"}],"curies":[{"name":"wp","href":"https:\/\/api.w.org\/{rel}","templated":true}]}}