{"id":8930,"date":"2022-05-20T21:58:28","date_gmt":"2022-05-20T21:58:28","guid":{"rendered":"https:\/\/lamascoteriaonline.co\/shop\/?post_type=product&#038;p=8930"},"modified":"2024-05-25T16:05:49","modified_gmt":"2024-05-25T16:05:49","slug":"evolve-dog-snack-grain-free-jerky-turkey-pavo","status":"publish","type":"product","link":"https:\/\/lamascoteriaonline.co\/shop\/product\/evolve-dog-snack-grain-free-jerky-turkey-pavo\/","title":{"rendered":"Evolve Dog Snack Grain Free Jerky Turkey- Pavo"},"content":{"rendered":"<p>No maneja cereales como fuente de carbohidrato, ar\u00e1ndanos que protegen el tracto urinario, favorecen la digesti\u00f3n y son antioxidantes naturales, cocci\u00f3n al horno lento que permite una mayor palatabilidad, manteniendo un sabor natural e intenso, vegetales y Frutas, vitaminas y minerales, superioridad en ingredientes, sin colorantes, saborizantes, ni preservantes artificiales.<\/p>\n","protected":false},"excerpt":{"rendered":"<p>No maneja cereales como fuente de carbohidrato, ar\u00e1ndanos que protegen el tracto urinario, favorecen la digesti\u00f3n y son antioxidantes naturales, cocci\u00f3n al horno lento que permite una mayor palatabilidad, manteniendo un sabor natural e intenso, vegetales y Frutas, vitaminas y minerales, superioridad en ingredientes, sin colorantes, saborizantes, ni preservantes artificiales.<\/p>\n","protected":false},"featured_media":8932,"comment_status":"open","ping_status":"closed","template":"","meta":{"_et_pb_use_builder":"","_et_pb_old_content":"","_et_gb_content_width":"","_joinchat":[]},"product_brand":[],"product_cat":[133],"product_tag":[],"class_list":{"0":"post-8930","1":"product","2":"type-product","3":"status-publish","4":"has-post-thumbnail","6":"product_cat-evolve-snacks-perro","8":"first","9":"instock","10":"shipping-taxable","11":"purchasable","12":"product-type-simple"},"_links":{"self":[{"href":"https:\/\/lamascoteriaonline.co\/shop\/wp-json\/wp\/v2\/product\/8930","targetHints":{"allow":["GET"]}}],"collection":[{"href":"https:\/\/lamascoteriaonline.co\/shop\/wp-json\/wp\/v2\/product"}],"about":[{"href":"https:\/\/lamascoteriaonline.co\/shop\/wp-json\/wp\/v2\/types\/product"}],"replies":[{"embeddable":true,"href":"https:\/\/lamascoteriaonline.co\/shop\/wp-json\/wp\/v2\/comments?post=8930"}],"wp:featuredmedia":[{"embeddable":true,"href":"https:\/\/lamascoteriaonline.co\/shop\/wp-json\/wp\/v2\/media\/8932"}],"wp:attachment":[{"href":"https:\/\/lamascoteriaonline.co\/shop\/wp-json\/wp\/v2\/media?parent=8930"}],"wp:term":[{"taxonomy":"product_brand","embeddable":true,"href":"https:\/\/lamascoteriaonline.co\/shop\/wp-json\/wp\/v2\/product_brand?post=8930"},{"taxonomy":"product_cat","embeddable":true,"href":"https:\/\/lamascoteriaonline.co\/shop\/wp-json\/wp\/v2\/product_cat?post=8930"},{"taxonomy":"product_tag","embeddable":true,"href":"https:\/\/lamascoteriaonline.co\/shop\/wp-json\/wp\/v2\/product_tag?post=8930"}],"curies":[{"name":"wp","href":"https:\/\/api.w.org\/{rel}","templated":true}]}}