{"id":875,"date":"2018-10-22T15:37:35","date_gmt":"2018-10-22T15:37:35","guid":{"rendered":"http:\/\/lamascoteriaonline.co\/shop\/?post_type=product&#038;p=875"},"modified":"2024-01-21T15:13:06","modified_gmt":"2024-01-21T15:13:06","slug":"pro-plan-small-breed","status":"publish","type":"product","link":"https:\/\/lamascoteriaonline.co\/shop\/product\/pro-plan-small-breed\/","title":{"rendered":"Pro Plan Adulto Small Breed"},"content":{"rendered":"<div class=\"text\">Provee nutrici\u00f3n de avanzada que ayuda a los perros de razas peque\u00f1as a mantenerse fuertes y llenos de vitalidad.<\/div>\n<div class=\"detail\">Para satisfacer las necesidades nutricionales espec\u00edficas de los perros de razas peque\u00f1as, PURINA<sup>\u00ae<\/sup> PRO PLAN<sup>\u00ae<\/sup> ha desarrollado OptiLife<sup>\u00ae<\/sup> Small Breed con una f\u00f3rmula sumamente sabrosa.Ofrece nutrici\u00f3n concentrada con \u00f3ptimos niveles de prote\u00ednas (29%) y grasas (17%).<\/div>\n","protected":false},"excerpt":{"rendered":"<p>Provee nutrici\u00f3n de avanzada que ayuda a los perros de razas peque\u00f1as a mantenerse fuertes y llenos de vitalidad. Para satisfacer las necesidades nutricionales espec\u00edficas de los perros de razas peque\u00f1as, PURINA\u00ae PRO PLAN\u00ae ha desarrollado OptiLife\u00ae Small Breed con una f\u00f3rmula sumamente sabrosa.Ofrece nutrici\u00f3n concentrada con \u00f3ptimos niveles de prote\u00ednas (29%) y grasas (17%).<\/p>\n","protected":false},"featured_media":7964,"comment_status":"open","ping_status":"closed","template":"","meta":{"_et_pb_use_builder":"","_et_pb_old_content":"","_et_gb_content_width":"","_joinchat":[]},"product_brand":[],"product_cat":[16],"product_tag":[],"class_list":{"0":"post-875","1":"product","2":"type-product","3":"status-publish","4":"has-post-thumbnail","6":"product_cat-proplan-perros","8":"first","9":"instock","10":"shipping-taxable","11":"purchasable","12":"product-type-variable"},"_links":{"self":[{"href":"https:\/\/lamascoteriaonline.co\/shop\/wp-json\/wp\/v2\/product\/875","targetHints":{"allow":["GET"]}}],"collection":[{"href":"https:\/\/lamascoteriaonline.co\/shop\/wp-json\/wp\/v2\/product"}],"about":[{"href":"https:\/\/lamascoteriaonline.co\/shop\/wp-json\/wp\/v2\/types\/product"}],"replies":[{"embeddable":true,"href":"https:\/\/lamascoteriaonline.co\/shop\/wp-json\/wp\/v2\/comments?post=875"}],"wp:featuredmedia":[{"embeddable":true,"href":"https:\/\/lamascoteriaonline.co\/shop\/wp-json\/wp\/v2\/media\/7964"}],"wp:attachment":[{"href":"https:\/\/lamascoteriaonline.co\/shop\/wp-json\/wp\/v2\/media?parent=875"}],"wp:term":[{"taxonomy":"product_brand","embeddable":true,"href":"https:\/\/lamascoteriaonline.co\/shop\/wp-json\/wp\/v2\/product_brand?post=875"},{"taxonomy":"product_cat","embeddable":true,"href":"https:\/\/lamascoteriaonline.co\/shop\/wp-json\/wp\/v2\/product_cat?post=875"},{"taxonomy":"product_tag","embeddable":true,"href":"https:\/\/lamascoteriaonline.co\/shop\/wp-json\/wp\/v2\/product_tag?post=875"}],"curies":[{"name":"wp","href":"https:\/\/api.w.org\/{rel}","templated":true}]}}