{"id":869,"date":"2018-10-22T15:29:37","date_gmt":"2018-10-22T15:29:37","guid":{"rendered":"http:\/\/lamascoteriaonline.co\/shop\/?post_type=product&#038;p=869"},"modified":"2024-01-21T15:15:08","modified_gmt":"2024-01-21T15:15:08","slug":"pro-plan-complete","status":"publish","type":"product","link":"https:\/\/lamascoteriaonline.co\/shop\/product\/pro-plan-complete\/","title":{"rendered":"Pro Plan Adulto Medium Breed"},"content":{"rendered":"<div class=\"text\">Provee nutrici\u00f3n de avanzada que ayuda a los perros de razas medianas a mantenerse fuertes y llenos de vitalidad.<\/div>\n<div class=\"detail\">Esta f\u00f3rmula ofrece, a trav\u00e9s de sus sabrosas croquetas, un contenido rico en prote\u00ednas (26%) y grasas (15%), utilizando como ingrediente principal carne fresca de pollo, que ayuda a los perros a mantener la masa corporal magra y m\u00fasculos fuertes.<\/div>\n","protected":false},"excerpt":{"rendered":"<p>Provee nutrici\u00f3n de avanzada que ayuda a los perros de razas medianas a mantenerse fuertes y llenos de vitalidad. Esta f\u00f3rmula ofrece, a trav\u00e9s de sus sabrosas croquetas, un contenido rico en prote\u00ednas (26%) y grasas (15%), utilizando como ingrediente principal carne fresca de pollo, que ayuda a los perros a mantener la masa corporal [&hellip;]<\/p>\n","protected":false},"featured_media":7965,"comment_status":"open","ping_status":"closed","template":"","meta":{"_et_pb_use_builder":"","_et_pb_old_content":"","_et_gb_content_width":"","_joinchat":[]},"product_brand":[],"product_cat":[16],"product_tag":[],"class_list":{"0":"post-869","1":"product","2":"type-product","3":"status-publish","4":"has-post-thumbnail","6":"product_cat-proplan-perros","8":"first","9":"instock","10":"shipping-taxable","11":"purchasable","12":"product-type-variable"},"_links":{"self":[{"href":"https:\/\/lamascoteriaonline.co\/shop\/wp-json\/wp\/v2\/product\/869","targetHints":{"allow":["GET"]}}],"collection":[{"href":"https:\/\/lamascoteriaonline.co\/shop\/wp-json\/wp\/v2\/product"}],"about":[{"href":"https:\/\/lamascoteriaonline.co\/shop\/wp-json\/wp\/v2\/types\/product"}],"replies":[{"embeddable":true,"href":"https:\/\/lamascoteriaonline.co\/shop\/wp-json\/wp\/v2\/comments?post=869"}],"wp:featuredmedia":[{"embeddable":true,"href":"https:\/\/lamascoteriaonline.co\/shop\/wp-json\/wp\/v2\/media\/7965"}],"wp:attachment":[{"href":"https:\/\/lamascoteriaonline.co\/shop\/wp-json\/wp\/v2\/media?parent=869"}],"wp:term":[{"taxonomy":"product_brand","embeddable":true,"href":"https:\/\/lamascoteriaonline.co\/shop\/wp-json\/wp\/v2\/product_brand?post=869"},{"taxonomy":"product_cat","embeddable":true,"href":"https:\/\/lamascoteriaonline.co\/shop\/wp-json\/wp\/v2\/product_cat?post=869"},{"taxonomy":"product_tag","embeddable":true,"href":"https:\/\/lamascoteriaonline.co\/shop\/wp-json\/wp\/v2\/product_tag?post=869"}],"curies":[{"name":"wp","href":"https:\/\/api.w.org\/{rel}","templated":true}]}}