{"id":861,"date":"2018-10-22T15:17:06","date_gmt":"2018-10-22T15:17:06","guid":{"rendered":"http:\/\/lamascoteriaonline.co\/shop\/?post_type=product&#038;p=861"},"modified":"2024-01-21T15:08:00","modified_gmt":"2024-01-21T15:08:00","slug":"pro-plan-puppy-small-breed","status":"publish","type":"product","link":"https:\/\/lamascoteriaonline.co\/shop\/product\/pro-plan-puppy-small-breed\/","title":{"rendered":"Pro Plan Puppy Small Breed"},"content":{"rendered":"<div class=\"text\">Elimina la \u201cbrecha inmunol\u00f3gica\u201d y provee nutrici\u00f3n completa que ayuda a los cachorros a crecer fuertes y sanos.<\/div>\n<div class=\"detail\">Los cachorros de tallas peque\u00f1as crecen m\u00e1s r\u00e1pidamente y su metabolismo es m\u00e1s acelerado. Requieren una alimentaci\u00f3n especial, con altos niveles de energ\u00eda y una concentraci\u00f3n de nutrientes en part\u00edculas m\u00e1s peque\u00f1as, m\u00e1s adecuadas a sus mand\u00edbulas.<\/div>\n","protected":false},"excerpt":{"rendered":"<p>Elimina la \u201cbrecha inmunol\u00f3gica\u201d y provee nutrici\u00f3n completa que ayuda a los cachorros a crecer fuertes y sanos. Los cachorros de tallas peque\u00f1as crecen m\u00e1s r\u00e1pidamente y su metabolismo es m\u00e1s acelerado. Requieren una alimentaci\u00f3n especial, con altos niveles de energ\u00eda y una concentraci\u00f3n de nutrientes en part\u00edculas m\u00e1s peque\u00f1as, m\u00e1s adecuadas a sus mand\u00edbulas.<\/p>\n","protected":false},"featured_media":7949,"comment_status":"open","ping_status":"closed","template":"","meta":{"_et_pb_use_builder":"","_et_pb_old_content":"","_et_gb_content_width":"","_joinchat":[]},"product_brand":[],"product_cat":[16],"product_tag":[],"class_list":{"0":"post-861","1":"product","2":"type-product","3":"status-publish","4":"has-post-thumbnail","6":"product_cat-proplan-perros","8":"first","9":"instock","10":"shipping-taxable","11":"purchasable","12":"product-type-variable"},"_links":{"self":[{"href":"https:\/\/lamascoteriaonline.co\/shop\/wp-json\/wp\/v2\/product\/861","targetHints":{"allow":["GET"]}}],"collection":[{"href":"https:\/\/lamascoteriaonline.co\/shop\/wp-json\/wp\/v2\/product"}],"about":[{"href":"https:\/\/lamascoteriaonline.co\/shop\/wp-json\/wp\/v2\/types\/product"}],"replies":[{"embeddable":true,"href":"https:\/\/lamascoteriaonline.co\/shop\/wp-json\/wp\/v2\/comments?post=861"}],"wp:featuredmedia":[{"embeddable":true,"href":"https:\/\/lamascoteriaonline.co\/shop\/wp-json\/wp\/v2\/media\/7949"}],"wp:attachment":[{"href":"https:\/\/lamascoteriaonline.co\/shop\/wp-json\/wp\/v2\/media?parent=861"}],"wp:term":[{"taxonomy":"product_brand","embeddable":true,"href":"https:\/\/lamascoteriaonline.co\/shop\/wp-json\/wp\/v2\/product_brand?post=861"},{"taxonomy":"product_cat","embeddable":true,"href":"https:\/\/lamascoteriaonline.co\/shop\/wp-json\/wp\/v2\/product_cat?post=861"},{"taxonomy":"product_tag","embeddable":true,"href":"https:\/\/lamascoteriaonline.co\/shop\/wp-json\/wp\/v2\/product_tag?post=861"}],"curies":[{"name":"wp","href":"https:\/\/api.w.org\/{rel}","templated":true}]}}