{"id":8568,"date":"2022-05-10T23:32:47","date_gmt":"2022-05-10T23:32:47","guid":{"rendered":"https:\/\/lamascoteriaonline.co\/shop\/?post_type=product&#038;p=8568"},"modified":"2024-06-12T22:39:31","modified_gmt":"2024-06-12T22:39:31","slug":"monello-cat-bola-pelos","status":"publish","type":"product","link":"https:\/\/lamascoteriaonline.co\/shop\/product\/monello-cat-bola-pelos\/","title":{"rendered":"Monello Cat Bola Pelos"},"content":{"rendered":"<p>Monello Gatos Adultos Bolas de Pelos<em>\u00a0Pollo y Pescado<\/em>\u00a0es un alimento desarrollado para las mascotas que tienen problemas con la ingesti\u00f3n de pelos. La presencia de celulosa ayuda a eliminar las bolas de pelos y evita que sean repelidas por el v\u00f3mito o que queden trancadas en el intestino de los gatos. La f\u00f3rmula tambi\u00e9n cuenta con pulpa de remolacha, fuente rica en fibras, que act\u00faa a invel intestinal, lo cual ayuda a absorber los nutrientes, promueve la salud del \u00f3rgano y provoca la reducci\u00f3n del volumen y olor de las heces.<\/p>\n<p>La f\u00f3rmula, libre de colorantes y aromatizantes artificiales, favorece un tracto urinario sano, lo cual previene la formaci\u00f3n de c\u00e1lculos renales y genera m\u00e1s bienestar. La adici\u00f3n de harina y aceite de salm\u00f3n, ingredientes nobles para la alimentaci\u00f3n felina, estimula el desarrollo equilibrado de los gatos en todas las etapas de la vida.<\/p>\n","protected":false},"excerpt":{"rendered":"<p>Monello Gatos Adultos Bolas de Pelos\u00a0Pollo y Pescado\u00a0es un alimento desarrollado para las mascotas que tienen problemas con la ingesti\u00f3n de pelos. La presencia de celulosa ayuda a eliminar las bolas de pelos y evita que sean repelidas por el v\u00f3mito o que queden trancadas en el intestino de los gatos. La f\u00f3rmula tambi\u00e9n cuenta [&hellip;]<\/p>\n","protected":false},"featured_media":8572,"comment_status":"open","ping_status":"closed","template":"","meta":{"_et_pb_use_builder":"","_et_pb_old_content":"","_et_gb_content_width":"","_joinchat":[]},"product_brand":[],"product_cat":[63],"product_tag":[],"class_list":{"0":"post-8568","1":"product","2":"type-product","3":"status-publish","4":"has-post-thumbnail","6":"product_cat-monello-gatos","8":"first","9":"instock","10":"shipping-taxable","11":"purchasable","12":"product-type-variable"},"_links":{"self":[{"href":"https:\/\/lamascoteriaonline.co\/shop\/wp-json\/wp\/v2\/product\/8568","targetHints":{"allow":["GET"]}}],"collection":[{"href":"https:\/\/lamascoteriaonline.co\/shop\/wp-json\/wp\/v2\/product"}],"about":[{"href":"https:\/\/lamascoteriaonline.co\/shop\/wp-json\/wp\/v2\/types\/product"}],"replies":[{"embeddable":true,"href":"https:\/\/lamascoteriaonline.co\/shop\/wp-json\/wp\/v2\/comments?post=8568"}],"wp:featuredmedia":[{"embeddable":true,"href":"https:\/\/lamascoteriaonline.co\/shop\/wp-json\/wp\/v2\/media\/8572"}],"wp:attachment":[{"href":"https:\/\/lamascoteriaonline.co\/shop\/wp-json\/wp\/v2\/media?parent=8568"}],"wp:term":[{"taxonomy":"product_brand","embeddable":true,"href":"https:\/\/lamascoteriaonline.co\/shop\/wp-json\/wp\/v2\/product_brand?post=8568"},{"taxonomy":"product_cat","embeddable":true,"href":"https:\/\/lamascoteriaonline.co\/shop\/wp-json\/wp\/v2\/product_cat?post=8568"},{"taxonomy":"product_tag","embeddable":true,"href":"https:\/\/lamascoteriaonline.co\/shop\/wp-json\/wp\/v2\/product_tag?post=8568"}],"curies":[{"name":"wp","href":"https:\/\/api.w.org\/{rel}","templated":true}]}}