{"id":8254,"date":"2022-04-07T19:58:05","date_gmt":"2022-04-07T19:58:05","guid":{"rendered":"https:\/\/lamascoteriaonline.co\/shop\/?post_type=product&#038;p=8254"},"modified":"2024-06-03T12:26:23","modified_gmt":"2024-06-03T12:26:23","slug":"ppvd-ha-canino","status":"publish","type":"product","link":"https:\/\/lamascoteriaonline.co\/shop\/product\/ppvd-ha-canino\/","title":{"rendered":"PPVD HA Canino"},"content":{"rendered":"<h6 id=\"tw-target-text\" class=\"tw-data-text tw-text-large tw-ta\" dir=\"ltr\" data-placeholder=\"Traducci\u00f3n\"><span class=\"Y2IQFc\" lang=\"es\">Purina Pro Plan Veterinary Diets HA Hydrolyzed Canine Formula contiene prote\u00edna hidrolizada, que es prote\u00edna que se ha descompuesto en peque\u00f1os componentes para que sea menos probable que cause una reacci\u00f3n alimentaria adversa en ciertos perros. HA Hydrolyzed est\u00e1 elaborado con ingredientes de alta calidad. La ciencia detr\u00e1s de nuestras dietas terap\u00e9uticas representa una colaboraci\u00f3n entre nutricionistas, investigadores y veterinarios de Purina.<\/span><\/h6>\n","protected":false},"excerpt":{"rendered":"<p>Purina Pro Plan Veterinary Diets HA Hydrolyzed Canine Formula contiene prote\u00edna hidrolizada, que es prote\u00edna que se ha descompuesto en peque\u00f1os componentes para que sea menos probable que cause una reacci\u00f3n alimentaria adversa en ciertos perros. HA Hydrolyzed est\u00e1 elaborado con ingredientes de alta calidad. La ciencia detr\u00e1s de nuestras dietas terap\u00e9uticas representa una colaboraci\u00f3n [&hellip;]<\/p>\n","protected":false},"featured_media":8317,"comment_status":"open","ping_status":"closed","template":"","meta":{"_et_pb_use_builder":"","_et_pb_old_content":"","_et_gb_content_width":"","_joinchat":[]},"product_brand":[],"product_cat":[108],"product_tag":[],"class_list":{"0":"post-8254","1":"product","2":"type-product","3":"status-publish","4":"has-post-thumbnail","6":"product_cat-proplan-humedo-perro","8":"first","9":"instock","10":"shipping-taxable","11":"purchasable","12":"product-type-simple"},"_links":{"self":[{"href":"https:\/\/lamascoteriaonline.co\/shop\/wp-json\/wp\/v2\/product\/8254","targetHints":{"allow":["GET"]}}],"collection":[{"href":"https:\/\/lamascoteriaonline.co\/shop\/wp-json\/wp\/v2\/product"}],"about":[{"href":"https:\/\/lamascoteriaonline.co\/shop\/wp-json\/wp\/v2\/types\/product"}],"replies":[{"embeddable":true,"href":"https:\/\/lamascoteriaonline.co\/shop\/wp-json\/wp\/v2\/comments?post=8254"}],"wp:featuredmedia":[{"embeddable":true,"href":"https:\/\/lamascoteriaonline.co\/shop\/wp-json\/wp\/v2\/media\/8317"}],"wp:attachment":[{"href":"https:\/\/lamascoteriaonline.co\/shop\/wp-json\/wp\/v2\/media?parent=8254"}],"wp:term":[{"taxonomy":"product_brand","embeddable":true,"href":"https:\/\/lamascoteriaonline.co\/shop\/wp-json\/wp\/v2\/product_brand?post=8254"},{"taxonomy":"product_cat","embeddable":true,"href":"https:\/\/lamascoteriaonline.co\/shop\/wp-json\/wp\/v2\/product_cat?post=8254"},{"taxonomy":"product_tag","embeddable":true,"href":"https:\/\/lamascoteriaonline.co\/shop\/wp-json\/wp\/v2\/product_tag?post=8254"}],"curies":[{"name":"wp","href":"https:\/\/api.w.org\/{rel}","templated":true}]}}