{"id":8252,"date":"2022-04-07T19:54:30","date_gmt":"2022-04-07T19:54:30","guid":{"rendered":"https:\/\/lamascoteriaonline.co\/shop\/?post_type=product&#038;p=8252"},"modified":"2024-06-03T12:26:53","modified_gmt":"2024-06-03T12:26:53","slug":"ppvd-nf-canino","status":"publish","type":"product","link":"https:\/\/lamascoteriaonline.co\/shop\/product\/ppvd-nf-canino\/","title":{"rendered":"PPVD NF Canino"},"content":{"rendered":"<h6 id=\"tw-target-text\" class=\"tw-data-text tw-text-large tw-ta\" dir=\"ltr\" data-placeholder=\"Traducci\u00f3n\"><span class=\"Y2IQFc\" lang=\"es\">Purina Pro Plan Veterinary Diets NF Kidney Function Canine Formulas est\u00e1 hecho con una cantidad restringida de prote\u00edna de alta calidad y f\u00f3sforo restringido. La ciencia detr\u00e1s de nuestras dietas terap\u00e9uticas representa una colaboraci\u00f3n entre nutricionistas, investigadores y veterinarios de Purina.<\/span><\/h6>\n","protected":false},"excerpt":{"rendered":"<p>Purina Pro Plan Veterinary Diets NF Kidney Function Canine Formulas est\u00e1 hecho con una cantidad restringida de prote\u00edna de alta calidad y f\u00f3sforo restringido. La ciencia detr\u00e1s de nuestras dietas terap\u00e9uticas representa una colaboraci\u00f3n entre nutricionistas, investigadores y veterinarios de Purina.<\/p>\n","protected":false},"featured_media":8318,"comment_status":"open","ping_status":"closed","template":"","meta":{"_et_pb_use_builder":"","_et_pb_old_content":"","_et_gb_content_width":"","_joinchat":[]},"product_brand":[],"product_cat":[108],"product_tag":[],"class_list":{"0":"post-8252","1":"product","2":"type-product","3":"status-publish","4":"has-post-thumbnail","6":"product_cat-proplan-humedo-perro","8":"first","9":"instock","10":"shipping-taxable","11":"purchasable","12":"product-type-simple"},"_links":{"self":[{"href":"https:\/\/lamascoteriaonline.co\/shop\/wp-json\/wp\/v2\/product\/8252","targetHints":{"allow":["GET"]}}],"collection":[{"href":"https:\/\/lamascoteriaonline.co\/shop\/wp-json\/wp\/v2\/product"}],"about":[{"href":"https:\/\/lamascoteriaonline.co\/shop\/wp-json\/wp\/v2\/types\/product"}],"replies":[{"embeddable":true,"href":"https:\/\/lamascoteriaonline.co\/shop\/wp-json\/wp\/v2\/comments?post=8252"}],"wp:featuredmedia":[{"embeddable":true,"href":"https:\/\/lamascoteriaonline.co\/shop\/wp-json\/wp\/v2\/media\/8318"}],"wp:attachment":[{"href":"https:\/\/lamascoteriaonline.co\/shop\/wp-json\/wp\/v2\/media?parent=8252"}],"wp:term":[{"taxonomy":"product_brand","embeddable":true,"href":"https:\/\/lamascoteriaonline.co\/shop\/wp-json\/wp\/v2\/product_brand?post=8252"},{"taxonomy":"product_cat","embeddable":true,"href":"https:\/\/lamascoteriaonline.co\/shop\/wp-json\/wp\/v2\/product_cat?post=8252"},{"taxonomy":"product_tag","embeddable":true,"href":"https:\/\/lamascoteriaonline.co\/shop\/wp-json\/wp\/v2\/product_tag?post=8252"}],"curies":[{"name":"wp","href":"https:\/\/api.w.org\/{rel}","templated":true}]}}