{"id":8247,"date":"2022-04-07T19:43:50","date_gmt":"2022-04-07T19:43:50","guid":{"rendered":"https:\/\/lamascoteriaonline.co\/shop\/?post_type=product&#038;p=8247"},"modified":"2024-06-03T12:27:30","modified_gmt":"2024-06-03T12:27:30","slug":"ppvd-om-canino","status":"publish","type":"product","link":"https:\/\/lamascoteriaonline.co\/shop\/product\/ppvd-om-canino\/","title":{"rendered":"PPVD OM Canino"},"content":{"rendered":"<h6 id=\"tw-target-text\" class=\"tw-data-text tw-text-large tw-ta\" dir=\"ltr\" data-placeholder=\"Traducci\u00f3n\"><span class=\"Y2IQFc\" lang=\"es\">Para perros obesos o con sobrepeso, las f\u00f3rmulas caninas para el control del sobrepeso de Purina Pro Plan Veterinary Diets OM se han formulado especialmente para ayudar a los perros a perder peso mientras mantienen la masa muscular. La ciencia detr\u00e1s de nuestras dietas terap\u00e9uticas representa una colaboraci\u00f3n entre nutricionistas, investigadores y veterinarios de Purina.<\/span><\/h6>\n","protected":false},"excerpt":{"rendered":"<p>Para perros obesos o con sobrepeso, las f\u00f3rmulas caninas para el control del sobrepeso de Purina Pro Plan Veterinary Diets OM se han formulado especialmente para ayudar a los perros a perder peso mientras mantienen la masa muscular. La ciencia detr\u00e1s de nuestras dietas terap\u00e9uticas representa una colaboraci\u00f3n entre nutricionistas, investigadores y veterinarios de Purina.<\/p>\n","protected":false},"featured_media":8321,"comment_status":"open","ping_status":"closed","template":"","meta":{"_et_pb_use_builder":"","_et_pb_old_content":"","_et_gb_content_width":"","_joinchat":[]},"product_brand":[],"product_cat":[108],"product_tag":[],"class_list":{"0":"post-8247","1":"product","2":"type-product","3":"status-publish","4":"has-post-thumbnail","6":"product_cat-proplan-humedo-perro","8":"first","9":"instock","10":"shipping-taxable","11":"purchasable","12":"product-type-simple"},"_links":{"self":[{"href":"https:\/\/lamascoteriaonline.co\/shop\/wp-json\/wp\/v2\/product\/8247","targetHints":{"allow":["GET"]}}],"collection":[{"href":"https:\/\/lamascoteriaonline.co\/shop\/wp-json\/wp\/v2\/product"}],"about":[{"href":"https:\/\/lamascoteriaonline.co\/shop\/wp-json\/wp\/v2\/types\/product"}],"replies":[{"embeddable":true,"href":"https:\/\/lamascoteriaonline.co\/shop\/wp-json\/wp\/v2\/comments?post=8247"}],"wp:featuredmedia":[{"embeddable":true,"href":"https:\/\/lamascoteriaonline.co\/shop\/wp-json\/wp\/v2\/media\/8321"}],"wp:attachment":[{"href":"https:\/\/lamascoteriaonline.co\/shop\/wp-json\/wp\/v2\/media?parent=8247"}],"wp:term":[{"taxonomy":"product_brand","embeddable":true,"href":"https:\/\/lamascoteriaonline.co\/shop\/wp-json\/wp\/v2\/product_brand?post=8247"},{"taxonomy":"product_cat","embeddable":true,"href":"https:\/\/lamascoteriaonline.co\/shop\/wp-json\/wp\/v2\/product_cat?post=8247"},{"taxonomy":"product_tag","embeddable":true,"href":"https:\/\/lamascoteriaonline.co\/shop\/wp-json\/wp\/v2\/product_tag?post=8247"}],"curies":[{"name":"wp","href":"https:\/\/api.w.org\/{rel}","templated":true}]}}