{"id":8028,"date":"2022-03-02T17:19:19","date_gmt":"2022-03-02T17:19:19","guid":{"rendered":"https:\/\/lamascoteriaonline.co\/shop\/?post_type=product&#038;p=8028"},"modified":"2023-06-28T20:13:43","modified_gmt":"2023-06-28T20:13:43","slug":"hills-perro-derm-complete","status":"publish","type":"product","link":"https:\/\/lamascoteriaonline.co\/shop\/product\/hills-perro-derm-complete\/","title":{"rendered":"Hills Perro Derm Complete"},"content":{"rendered":"<ul>\n<li>\n<div class=\"productAwareRichText richText component section default-style first odd col-xs-12 initialized\">\n<div class=\"component-content\">\n<div class=\"richText-content\">\n<p>Existen muchos tipos de irritantes ambientales que nos rodean a nosotros y tambi\u00e9n a nuestras mascotas cada d\u00eda, estos incluyen pulgas, polen e incluso el polvo en nuestros hogares. En algunos perros, estos irritantes pueden causar condiciones cut\u00e1neas que provocan el rascado, en ocasiones excesivo. Esto es desagradable para el perro y tambi\u00e9n puede ser dif\u00edcil para los dem\u00e1s en la familia. La buena noticia es que la mayor\u00eda de los perros con estas condiciones cut\u00e1neas pueden beneficiarse comiendo simplemente el alimento correcto.<\/p>\n<p>Los nutri\u00f3logos y veterinarios de Hill&#8217;s desarrollaron\u00a0<b><span class=\"nowrap\">Prescription Diet\u00ae<\/span>\u00a0<span class=\"nowrap\">Derm Defense\u2122<\/span><\/b>\u00a0nutrici\u00f3n cl\u00ednica especialmente formulada para ayudar en el manejo de las sensibilidades ambientales en perros.<\/p>\n<\/div>\n<\/div>\n<\/div>\n<div class=\"conditionalBox box component section pdp-2019-only-pd even col-xs-12\">\n<div id=\"01560286193\" class=\"component-content\">\n<div class=\"paragraphSystem content\">\n<p>&nbsp;<\/p>\n<div class=\"productAwareRichText richText component section col-xs-12 productawarerichtext default-style initialized\">\n<div class=\"component-content\">\n<div class=\"richText-content\">\n<h4>C\u00f3mo funciona:<\/h4>\n<ul>\n<li>Con un complejo exclusivo de bioactivos y fitonutrientes<\/li>\n<li>Niveles altos de \u00e1cidos grasos omega-3 y -6<\/li>\n<li>Antioxidantes cl\u00ednicamente comprobados, incluyendo vitamina E<\/li>\n<li>Sin ma\u00edz, harina de subproductos de pollo, colorantes, saborizantes o conservadores artificiales<\/li>\n<\/ul>\n<\/div>\n<\/div>\n<\/div>\n<\/div>\n<\/div>\n<\/div>\n<\/li>\n<\/ul>\n","protected":false},"excerpt":{"rendered":"<p>Existen muchos tipos de irritantes ambientales que nos rodean a nosotros y tambi\u00e9n a nuestras mascotas cada d\u00eda, estos incluyen pulgas, polen e incluso el polvo en nuestros hogares. En algunos perros, estos irritantes pueden causar condiciones cut\u00e1neas que provocan el rascado, en ocasiones excesivo. Esto es desagradable para el perro y tambi\u00e9n puede ser [&hellip;]<\/p>\n","protected":false},"featured_media":9949,"comment_status":"open","ping_status":"closed","template":"","meta":{"_et_pb_use_builder":"","_et_pb_old_content":"","_et_gb_content_width":"","_joinchat":[]},"product_brand":[],"product_cat":[22],"product_tag":[],"class_list":{"0":"post-8028","1":"product","2":"type-product","3":"status-publish","4":"has-post-thumbnail","6":"product_cat-hills-perros","8":"first","9":"instock","10":"shipping-taxable","11":"purchasable","12":"product-type-variable"},"_links":{"self":[{"href":"https:\/\/lamascoteriaonline.co\/shop\/wp-json\/wp\/v2\/product\/8028","targetHints":{"allow":["GET"]}}],"collection":[{"href":"https:\/\/lamascoteriaonline.co\/shop\/wp-json\/wp\/v2\/product"}],"about":[{"href":"https:\/\/lamascoteriaonline.co\/shop\/wp-json\/wp\/v2\/types\/product"}],"replies":[{"embeddable":true,"href":"https:\/\/lamascoteriaonline.co\/shop\/wp-json\/wp\/v2\/comments?post=8028"}],"wp:featuredmedia":[{"embeddable":true,"href":"https:\/\/lamascoteriaonline.co\/shop\/wp-json\/wp\/v2\/media\/9949"}],"wp:attachment":[{"href":"https:\/\/lamascoteriaonline.co\/shop\/wp-json\/wp\/v2\/media?parent=8028"}],"wp:term":[{"taxonomy":"product_brand","embeddable":true,"href":"https:\/\/lamascoteriaonline.co\/shop\/wp-json\/wp\/v2\/product_brand?post=8028"},{"taxonomy":"product_cat","embeddable":true,"href":"https:\/\/lamascoteriaonline.co\/shop\/wp-json\/wp\/v2\/product_cat?post=8028"},{"taxonomy":"product_tag","embeddable":true,"href":"https:\/\/lamascoteriaonline.co\/shop\/wp-json\/wp\/v2\/product_tag?post=8028"}],"curies":[{"name":"wp","href":"https:\/\/api.w.org\/{rel}","templated":true}]}}