{"id":7993,"date":"2022-02-28T22:58:12","date_gmt":"2022-02-28T22:58:12","guid":{"rendered":"https:\/\/lamascoteriaonline.co\/shop\/?post_type=product&#038;p=7993"},"modified":"2022-02-28T23:03:09","modified_gmt":"2022-02-28T23:03:09","slug":"chunky-cachorro-cordero-arroz-y-salmon","status":"publish","type":"product","link":"https:\/\/lamascoteriaonline.co\/shop\/product\/chunky-cachorro-cordero-arroz-y-salmon\/","title":{"rendered":"Chunky Cachorro Cordero, Arroz y Salm\u00f3n"},"content":{"rendered":"<h3 style=\"background: white; margin: 7.5pt 0cm 7.5pt 0cm;\"><span style=\"font-size: 10.5pt; font-family: 'Arial',sans-serif; color: #888888; background: white;\">Chunky Adulto Cordero, Arroz y Salm\u00f3n es un alimento para perros cachorros formulado con ingredientes no alerg\u00e9nicos, tales como el cordero y el salm\u00f3n que elimina la posibilidad de irritaci\u00f3n a la piel, que se asocia con una reacci\u00f3n a los ingredientes com\u00fanmente utilizados en la alimentaci\u00f3n de los perros. Tiene alto contenido de \u00e1cidos grasos como el Omega 3 y 6 que promueven un pelaje sano y brillante.\u00a0<\/span><\/h3>\n","protected":false},"excerpt":{"rendered":"<p>Chunky Adulto Cordero, Arroz y Salm\u00f3n es un alimento para perros cachorros formulado con ingredientes no alerg\u00e9nicos, tales como el cordero y el salm\u00f3n que elimina la posibilidad de irritaci\u00f3n a la piel, que se asocia con una reacci\u00f3n a los ingredientes com\u00fanmente utilizados en la alimentaci\u00f3n de los perros. Tiene alto contenido de \u00e1cidos [&hellip;]<\/p>\n","protected":false},"featured_media":7997,"comment_status":"open","ping_status":"closed","template":"","meta":{"_et_pb_use_builder":"","_et_pb_old_content":"","_et_gb_content_width":"","_joinchat":[]},"product_brand":[],"product_cat":[44],"product_tag":[],"class_list":{"0":"post-7993","1":"product","2":"type-product","3":"status-publish","4":"has-post-thumbnail","6":"product_cat-chunky","8":"first","9":"instock","10":"shipping-taxable","11":"purchasable","12":"product-type-variable"},"_links":{"self":[{"href":"https:\/\/lamascoteriaonline.co\/shop\/wp-json\/wp\/v2\/product\/7993","targetHints":{"allow":["GET"]}}],"collection":[{"href":"https:\/\/lamascoteriaonline.co\/shop\/wp-json\/wp\/v2\/product"}],"about":[{"href":"https:\/\/lamascoteriaonline.co\/shop\/wp-json\/wp\/v2\/types\/product"}],"replies":[{"embeddable":true,"href":"https:\/\/lamascoteriaonline.co\/shop\/wp-json\/wp\/v2\/comments?post=7993"}],"wp:featuredmedia":[{"embeddable":true,"href":"https:\/\/lamascoteriaonline.co\/shop\/wp-json\/wp\/v2\/media\/7997"}],"wp:attachment":[{"href":"https:\/\/lamascoteriaonline.co\/shop\/wp-json\/wp\/v2\/media?parent=7993"}],"wp:term":[{"taxonomy":"product_brand","embeddable":true,"href":"https:\/\/lamascoteriaonline.co\/shop\/wp-json\/wp\/v2\/product_brand?post=7993"},{"taxonomy":"product_cat","embeddable":true,"href":"https:\/\/lamascoteriaonline.co\/shop\/wp-json\/wp\/v2\/product_cat?post=7993"},{"taxonomy":"product_tag","embeddable":true,"href":"https:\/\/lamascoteriaonline.co\/shop\/wp-json\/wp\/v2\/product_tag?post=7993"}],"curies":[{"name":"wp","href":"https:\/\/api.w.org\/{rel}","templated":true}]}}