{"id":767,"date":"2018-10-19T00:21:24","date_gmt":"2018-10-19T00:21:24","guid":{"rendered":"http:\/\/lamascoteriaonline.co\/shop\/?post_type=product&#038;p=767"},"modified":"2026-04-13T15:21:32","modified_gmt":"2026-04-13T15:21:32","slug":"vet-life-urinary-struviti","status":"publish","type":"product","link":"https:\/\/lamascoteriaonline.co\/shop\/product\/vet-life-urinary-struviti\/","title":{"rendered":"Vet Life Urinary Struvite"},"content":{"rendered":"<p>La f\u00f3rmula baja en prote\u00edna, calcio, f\u00f3sforo y magnesio de de Farmina Vet Life Urinary Struvite, crea un ambiente desfavorable para la formaci\u00f3n y precipitaci\u00f3n de cristales. Adem\u00e1s el sulfato de calcio ayuda mantener \u00e1cido el pH de su orina, favoreciendo la disoluci\u00f3n y previniendo la formaci\u00f3n de m\u00e1s c\u00e1lculos de estruvita, manteniendo tambi\u00e9n un ambiente poco favorable para el desarrollo bacteriano en la orina de tu perro.<\/p>\n","protected":false},"excerpt":{"rendered":"<p>La f\u00f3rmula baja en prote\u00edna, calcio, f\u00f3sforo y magnesio de de Farmina Vet Life Urinary Struvite, crea un ambiente desfavorable para la formaci\u00f3n y precipitaci\u00f3n de cristales. Adem\u00e1s el sulfato de calcio ayuda mantener \u00e1cido el pH de su orina, favoreciendo la disoluci\u00f3n y previniendo la formaci\u00f3n de m\u00e1s c\u00e1lculos de estruvita, manteniendo tambi\u00e9n un [&hellip;]<\/p>\n","protected":false},"featured_media":768,"comment_status":"open","ping_status":"closed","template":"","meta":{"_et_pb_use_builder":"","_et_pb_old_content":"","_et_gb_content_width":"","_joinchat":[]},"product_brand":[],"product_cat":[48],"product_tag":[],"class_list":{"0":"post-767","1":"product","2":"type-product","3":"status-publish","4":"has-post-thumbnail","6":"product_cat-vet-life","8":"first","9":"instock","10":"shipping-taxable","11":"purchasable","12":"product-type-variable"},"_links":{"self":[{"href":"https:\/\/lamascoteriaonline.co\/shop\/wp-json\/wp\/v2\/product\/767","targetHints":{"allow":["GET"]}}],"collection":[{"href":"https:\/\/lamascoteriaonline.co\/shop\/wp-json\/wp\/v2\/product"}],"about":[{"href":"https:\/\/lamascoteriaonline.co\/shop\/wp-json\/wp\/v2\/types\/product"}],"replies":[{"embeddable":true,"href":"https:\/\/lamascoteriaonline.co\/shop\/wp-json\/wp\/v2\/comments?post=767"}],"wp:featuredmedia":[{"embeddable":true,"href":"https:\/\/lamascoteriaonline.co\/shop\/wp-json\/wp\/v2\/media\/768"}],"wp:attachment":[{"href":"https:\/\/lamascoteriaonline.co\/shop\/wp-json\/wp\/v2\/media?parent=767"}],"wp:term":[{"taxonomy":"product_brand","embeddable":true,"href":"https:\/\/lamascoteriaonline.co\/shop\/wp-json\/wp\/v2\/product_brand?post=767"},{"taxonomy":"product_cat","embeddable":true,"href":"https:\/\/lamascoteriaonline.co\/shop\/wp-json\/wp\/v2\/product_cat?post=767"},{"taxonomy":"product_tag","embeddable":true,"href":"https:\/\/lamascoteriaonline.co\/shop\/wp-json\/wp\/v2\/product_tag?post=767"}],"curies":[{"name":"wp","href":"https:\/\/api.w.org\/{rel}","templated":true}]}}