{"id":747,"date":"2018-10-18T11:48:20","date_gmt":"2018-10-18T11:48:20","guid":{"rendered":"http:\/\/lamascoteriaonline.co\/shop\/?post_type=product&#038;p=747"},"modified":"2024-06-12T22:41:15","modified_gmt":"2024-06-12T22:41:15","slug":"monello-dog-cachorros","status":"publish","type":"product","link":"https:\/\/lamascoteriaonline.co\/shop\/product\/monello-dog-cachorros\/","title":{"rendered":"Monello Dog Cachorros"},"content":{"rendered":"<p><strong>Monello Dog Cachorros<\/strong>\u00a0es un alimento\u00a0<strong>PREMIUM ESPECIA<\/strong>L que cumple con todas las necesidades nutricionales de los perros en el desarrollo. Tiene ingredientes seleccionados, prote\u00ednas de origen animal y vegetal, con altos niveles de vitaminas y minerales, que proporcionan un crecimiento fuerte y sano.<\/p>\n","protected":false},"excerpt":{"rendered":"<p>Monello Dog Cachorros contiene linaza, aceite de oliva, y MOS, que proporcionan una mejor digesti\u00f3n y absorci\u00f3n por el cuerpo de su perrito, que ayudan en la belleza de la piel, pelaje adem\u00e1s de prevenir enfermedades cardiovasculares. Adem\u00e1s de proporcionar un menor volumen de heces, facilitando la limpieza y proporcionando un ambiente higi\u00e9nico, los Monello Dog Cachorros contiene Yucca schidigera que a trav\u00e9s de la saponina act\u00faa en el nivel intestinal reduciendo el olor de las heces.<\/p>\n","protected":false},"featured_media":8573,"comment_status":"open","ping_status":"closed","template":"","meta":{"_et_pb_use_builder":"","_et_pb_old_content":"","_et_gb_content_width":"","_joinchat":[]},"product_brand":[],"product_cat":[41],"product_tag":[],"class_list":{"0":"post-747","1":"product","2":"type-product","3":"status-publish","4":"has-post-thumbnail","6":"product_cat-monello","8":"first","9":"instock","10":"shipping-taxable","11":"purchasable","12":"product-type-variable"},"_links":{"self":[{"href":"https:\/\/lamascoteriaonline.co\/shop\/wp-json\/wp\/v2\/product\/747","targetHints":{"allow":["GET"]}}],"collection":[{"href":"https:\/\/lamascoteriaonline.co\/shop\/wp-json\/wp\/v2\/product"}],"about":[{"href":"https:\/\/lamascoteriaonline.co\/shop\/wp-json\/wp\/v2\/types\/product"}],"replies":[{"embeddable":true,"href":"https:\/\/lamascoteriaonline.co\/shop\/wp-json\/wp\/v2\/comments?post=747"}],"wp:featuredmedia":[{"embeddable":true,"href":"https:\/\/lamascoteriaonline.co\/shop\/wp-json\/wp\/v2\/media\/8573"}],"wp:attachment":[{"href":"https:\/\/lamascoteriaonline.co\/shop\/wp-json\/wp\/v2\/media?parent=747"}],"wp:term":[{"taxonomy":"product_brand","embeddable":true,"href":"https:\/\/lamascoteriaonline.co\/shop\/wp-json\/wp\/v2\/product_brand?post=747"},{"taxonomy":"product_cat","embeddable":true,"href":"https:\/\/lamascoteriaonline.co\/shop\/wp-json\/wp\/v2\/product_cat?post=747"},{"taxonomy":"product_tag","embeddable":true,"href":"https:\/\/lamascoteriaonline.co\/shop\/wp-json\/wp\/v2\/product_tag?post=747"}],"curies":[{"name":"wp","href":"https:\/\/api.w.org\/{rel}","templated":true}]}}