{"id":682,"date":"2018-10-05T23:46:05","date_gmt":"2018-10-05T23:46:05","guid":{"rendered":"http:\/\/lamascoteriaonline.co\/shop\/?post_type=product&#038;p=682"},"modified":"2024-08-05T16:29:02","modified_gmt":"2024-08-05T16:29:02","slug":"cipacan-carne-y-vegetales-x30k","status":"publish","type":"product","link":"https:\/\/lamascoteriaonline.co\/shop\/product\/cipacan-carne-y-vegetales-x30k\/","title":{"rendered":"Cipacan Carne"},"content":{"rendered":"<p style=\"background: white;\"><strong><span style=\"font-size: 10.5pt; font-family: 'Arial',sans-serif; color: #888888;\">Cipacan Croquetas de Carne y Vegetales<\/span><\/strong><span style=\"font-size: 10.5pt; font-family: 'Arial',sans-serif; color: #888888;\">\u00a0es un alimento extruido completo con croquetas bicolor, para suministrar a perros adultos. Las cantidades a suministrar debe ser de acuerdo al peso y los requerimientos de cada animal. Suministre el alimento repartido m\u00ednimo en dos raciones al d\u00eda acompa\u00f1ado de agua limpia y fresca; s\u00edrvalo seco y si debe estimular el consumo ofr\u00e9zcalo en forma de papilla.<\/span><\/p>\n<p style=\"background: white;\"><strong><span style=\"font-size: 10.5pt; font-family: 'Arial',sans-serif; color: #888888;\">Modo de uso de Cipacan Croquetas Carne y Vegetales:<\/span><\/strong><span style=\"font-size: 10.5pt; font-family: 'Arial',sans-serif; color: #888888;\"><br \/>\nSuministre\u00a0<strong><span style=\"font-family: 'Arial',sans-serif;\">CIPACAN ADULTOS CROQUETAS DE CARNE Y VEGETALES<\/span><\/strong>, a perros de 2 a 5 kilos de peso, entre 80 a 180 gramos diarios; de 5.1 y 10 kilos, entre 180 a 280 gramos diarios; de 10.1 a 20 Kilos, entre 280 a 490 gramos diarios; de 20.1 a 50 kilos, entre 490 a 1050 gramos diarios; mas de 50 kilos 1050 gramos mas 15 gramos por kilogramo de peso adicional, repartidos m\u00ednimos en dos comidas.<\/span><\/p>\n","protected":false},"excerpt":{"rendered":"<p>Cipacan Croquetas de Carne y Vegetales\u00a0es un alimento extruido completo con croquetas bicolor, para suministrar a perros adultos. Las cantidades a suministrar debe ser de acuerdo al peso y los requerimientos de cada animal. Suministre el alimento repartido m\u00ednimo en dos raciones al d\u00eda acompa\u00f1ado de agua limpia y fresca; s\u00edrvalo seco y si debe [&hellip;]<\/p>\n","protected":false},"featured_media":683,"comment_status":"open","ping_status":"closed","template":"","meta":{"_et_pb_use_builder":"","_et_pb_old_content":"","_et_gb_content_width":"","_joinchat":[]},"product_brand":[],"product_cat":[42],"product_tag":[],"class_list":{"0":"post-682","1":"product","2":"type-product","3":"status-publish","4":"has-post-thumbnail","6":"product_cat-cipacan","8":"first","9":"instock","10":"shipping-taxable","11":"purchasable","12":"product-type-variable"},"_links":{"self":[{"href":"https:\/\/lamascoteriaonline.co\/shop\/wp-json\/wp\/v2\/product\/682","targetHints":{"allow":["GET"]}}],"collection":[{"href":"https:\/\/lamascoteriaonline.co\/shop\/wp-json\/wp\/v2\/product"}],"about":[{"href":"https:\/\/lamascoteriaonline.co\/shop\/wp-json\/wp\/v2\/types\/product"}],"replies":[{"embeddable":true,"href":"https:\/\/lamascoteriaonline.co\/shop\/wp-json\/wp\/v2\/comments?post=682"}],"wp:featuredmedia":[{"embeddable":true,"href":"https:\/\/lamascoteriaonline.co\/shop\/wp-json\/wp\/v2\/media\/683"}],"wp:attachment":[{"href":"https:\/\/lamascoteriaonline.co\/shop\/wp-json\/wp\/v2\/media?parent=682"}],"wp:term":[{"taxonomy":"product_brand","embeddable":true,"href":"https:\/\/lamascoteriaonline.co\/shop\/wp-json\/wp\/v2\/product_brand?post=682"},{"taxonomy":"product_cat","embeddable":true,"href":"https:\/\/lamascoteriaonline.co\/shop\/wp-json\/wp\/v2\/product_cat?post=682"},{"taxonomy":"product_tag","embeddable":true,"href":"https:\/\/lamascoteriaonline.co\/shop\/wp-json\/wp\/v2\/product_tag?post=682"}],"curies":[{"name":"wp","href":"https:\/\/api.w.org\/{rel}","templated":true}]}}