{"id":676,"date":"2018-10-05T23:36:44","date_gmt":"2018-10-05T23:36:44","guid":{"rendered":"http:\/\/lamascoteriaonline.co\/shop\/?post_type=product&#038;p=676"},"modified":"2024-08-05T16:31:23","modified_gmt":"2024-08-05T16:31:23","slug":"cipacan-cachorros-x30kl","status":"publish","type":"product","link":"https:\/\/lamascoteriaonline.co\/shop\/product\/cipacan-cachorros-x30kl\/","title":{"rendered":"CipaCan Cachorros"},"content":{"rendered":"<p style=\"text-align: justify; background: white;\"><strong><span style=\"font-size: 10.5pt; font-family: 'Arial',sans-serif; color: #888888;\">Cipacan Cachorros Croquetas<\/span><\/strong><span style=\"font-size: 10.5pt; font-family: 'Arial',sans-serif; color: #888888;\">\u00a0es un alimento que se ofrece como complemento a la leche materna y se debe suministrar a perros cachorros a partir de la cuarta semana de edad y como \u00fanico alimento a partir de la octava semana hasta el primer a\u00f1o de vida en razas peque\u00f1as y medianas, y hasta el a\u00f1o y medio en razas grandes. Suministre el alimento repartido m\u00ednimo en tres raciones al d\u00eda acompa\u00f1ado de agua limpia y fresca; s\u00edrvalo seco y si debe estimular el consumo ofr\u00e9zcale en forma de papilla. En las tres \u00faltimas semanas de gestaci\u00f3n suministrar Cipacan Cachorros a las hembras, un 25% m\u00e1s de su raci\u00f3n diaria y durante el periodo de lactancia duplicar su raci\u00f3n de mantenimiento.<\/span><\/p>\n<p style=\"text-align: justify; background: white;\"><strong><span style=\"font-size: 10.5pt; font-family: 'Arial',sans-serif; color: #888888;\">Modo de uso de Cipacan Cachorros Croquetas:<\/span><\/strong><span style=\"font-size: 10.5pt; font-family: 'Arial',sans-serif; color: #888888;\"><br \/>\nSuministre CIPACAN CACHORROS, a perros de 1 a 5 kilos de peso, entre 35 a 155 gramos diarios; de 5.1 y 10 kilos, entre 158 a 290 gramos diarios; de 10.1 a 15 Kilos, entre 292 a 405 gramos diarios; de 15.1 a 20 kilos, entre 407 a 500 gramos diarios; de 20.1 a 30 kilos, entre 502 a 690 gramos diarios, de 30.1 a 40 kilos, entre 692 a 840 gramos diarios, de 40.1 a 50 kilos, entre 842 a 950 gramos diarios y mas de 50 kilos 950 gramos mas 19 gramos por kilogramo de peso adicional, repartidos m\u00ednimos en tres comidas<\/span><\/p>\n","protected":false},"excerpt":{"rendered":"<p>Cipacan Cachorros Croquetas\u00a0es un alimento que se ofrece como complemento a la leche materna y se debe suministrar a perros cachorros a partir de la cuarta semana de edad y como \u00fanico alimento a partir de la octava semana hasta el primer a\u00f1o de vida en razas peque\u00f1as y medianas, y hasta el a\u00f1o y [&hellip;]<\/p>\n","protected":false},"featured_media":677,"comment_status":"open","ping_status":"closed","template":"","meta":{"_et_pb_use_builder":"","_et_pb_old_content":"","_et_gb_content_width":"","_joinchat":[]},"product_brand":[],"product_cat":[42],"product_tag":[],"class_list":{"0":"post-676","1":"product","2":"type-product","3":"status-publish","4":"has-post-thumbnail","6":"product_cat-cipacan","8":"first","9":"instock","10":"shipping-taxable","11":"purchasable","12":"product-type-variable"},"_links":{"self":[{"href":"https:\/\/lamascoteriaonline.co\/shop\/wp-json\/wp\/v2\/product\/676","targetHints":{"allow":["GET"]}}],"collection":[{"href":"https:\/\/lamascoteriaonline.co\/shop\/wp-json\/wp\/v2\/product"}],"about":[{"href":"https:\/\/lamascoteriaonline.co\/shop\/wp-json\/wp\/v2\/types\/product"}],"replies":[{"embeddable":true,"href":"https:\/\/lamascoteriaonline.co\/shop\/wp-json\/wp\/v2\/comments?post=676"}],"wp:featuredmedia":[{"embeddable":true,"href":"https:\/\/lamascoteriaonline.co\/shop\/wp-json\/wp\/v2\/media\/677"}],"wp:attachment":[{"href":"https:\/\/lamascoteriaonline.co\/shop\/wp-json\/wp\/v2\/media?parent=676"}],"wp:term":[{"taxonomy":"product_brand","embeddable":true,"href":"https:\/\/lamascoteriaonline.co\/shop\/wp-json\/wp\/v2\/product_brand?post=676"},{"taxonomy":"product_cat","embeddable":true,"href":"https:\/\/lamascoteriaonline.co\/shop\/wp-json\/wp\/v2\/product_cat?post=676"},{"taxonomy":"product_tag","embeddable":true,"href":"https:\/\/lamascoteriaonline.co\/shop\/wp-json\/wp\/v2\/product_tag?post=676"}],"curies":[{"name":"wp","href":"https:\/\/api.w.org\/{rel}","templated":true}]}}