{"id":630,"date":"2018-10-02T12:00:26","date_gmt":"2018-10-02T12:00:26","guid":{"rendered":"http:\/\/lamascoteriaonline.co\/shop\/?post_type=product&#038;p=630"},"modified":"2020-04-06T18:46:25","modified_gmt":"2020-04-06T18:46:25","slug":"pelota-caucho-kong-activity","status":"publish","type":"product","link":"https:\/\/lamascoteriaonline.co\/shop\/product\/pelota-caucho-kong-activity\/","title":{"rendered":"Pelota Caucho Kong Activity"},"content":{"rendered":"<p style=\"text-align: justify; background: white;\"><span style=\"font-size: 10.5pt; font-family: 'Arial',sans-serif; color: #888888;\">Esta pelota es el juguete perfecto para cachorros con energ\u00eda para quemar . Llenar el centro de la pelota con alg\u00fan snack o pawi bones y mira que comience la diversi\u00f3n\u00a0<\/span><\/p>\n<p style=\"text-align: justify; background: white; box-sizing: border-box; font-variant-ligatures: normal; font-variant-caps: normal; orphans: 2; widows: 2; -webkit-text-stroke-width: 0px; text-decoration-style: initial; text-decoration-color: initial; word-spacing: 0px;\"><span style=\"font-size: 10.5pt; font-family: 'Arial',sans-serif; color: #888888;\">El dispensador de snacks mantiene los cachorros entretenidos al tiempo que mejora su desarrollo intelectual .<\/span><\/p>\n","protected":false},"excerpt":{"rendered":"<p>Esta pelota es el juguete perfecto para cachorros con energ\u00eda para quemar . Llenar el centro de la pelota con alg\u00fan snack o pawi bones y mira que comience la diversi\u00f3n\u00a0 El dispensador de snacks mantiene los cachorros entretenidos al tiempo que mejora su desarrollo intelectual .<\/p>\n","protected":false},"featured_media":631,"comment_status":"open","ping_status":"closed","template":"","meta":{"_et_pb_use_builder":"","_et_pb_old_content":"","_et_gb_content_width":"","_joinchat":[]},"product_brand":[],"product_cat":[37],"product_tag":[],"class_list":{"0":"post-630","1":"product","2":"type-product","3":"status-publish","4":"has-post-thumbnail","6":"product_cat-pelotas-para-perros","8":"first","9":"outofstock","10":"shipping-taxable","11":"purchasable","12":"product-type-simple"},"_links":{"self":[{"href":"https:\/\/lamascoteriaonline.co\/shop\/wp-json\/wp\/v2\/product\/630","targetHints":{"allow":["GET"]}}],"collection":[{"href":"https:\/\/lamascoteriaonline.co\/shop\/wp-json\/wp\/v2\/product"}],"about":[{"href":"https:\/\/lamascoteriaonline.co\/shop\/wp-json\/wp\/v2\/types\/product"}],"replies":[{"embeddable":true,"href":"https:\/\/lamascoteriaonline.co\/shop\/wp-json\/wp\/v2\/comments?post=630"}],"wp:featuredmedia":[{"embeddable":true,"href":"https:\/\/lamascoteriaonline.co\/shop\/wp-json\/wp\/v2\/media\/631"}],"wp:attachment":[{"href":"https:\/\/lamascoteriaonline.co\/shop\/wp-json\/wp\/v2\/media?parent=630"}],"wp:term":[{"taxonomy":"product_brand","embeddable":true,"href":"https:\/\/lamascoteriaonline.co\/shop\/wp-json\/wp\/v2\/product_brand?post=630"},{"taxonomy":"product_cat","embeddable":true,"href":"https:\/\/lamascoteriaonline.co\/shop\/wp-json\/wp\/v2\/product_cat?post=630"},{"taxonomy":"product_tag","embeddable":true,"href":"https:\/\/lamascoteriaonline.co\/shop\/wp-json\/wp\/v2\/product_tag?post=630"}],"curies":[{"name":"wp","href":"https:\/\/api.w.org\/{rel}","templated":true}]}}