{"id":628,"date":"2018-10-02T11:57:23","date_gmt":"2018-10-02T11:57:23","guid":{"rendered":"http:\/\/lamascoteriaonline.co\/shop\/?post_type=product&#038;p=628"},"modified":"2020-04-06T18:46:26","modified_gmt":"2020-04-06T18:46:26","slug":"juguete-perro-hartz-duraplay-pelota","status":"publish","type":"product","link":"https:\/\/lamascoteriaonline.co\/shop\/product\/juguete-perro-hartz-duraplay-pelota\/","title":{"rendered":"Juguete Perro Hartz Duraplay Pelota"},"content":{"rendered":"<h3 style=\"background: white; margin: 7.5pt 0cm 7.5pt 0cm;\"><span style=\"font-size: 10.5pt; font-family: 'Arial',sans-serif; color: #888888; background: white;\">Siente la Diferencia con la linea DURAPLAY de l\u00e1tex natural. cada juguete provee horas de diversi\u00f3n , gracias a su relleno de ultima tecnolog\u00eda, creando una imbatible sensaci\u00f3n de mordida. Todos vienen con esencia de Tocino para mantener el inter\u00e9s de tu mascota e incluso flotan en el agua. Perfecto para perros de todas las edades.<\/span><\/h3>\n","protected":false},"excerpt":{"rendered":"<p>Siente la Diferencia con la linea DURAPLAY de l\u00e1tex natural. cada juguete provee horas de diversi\u00f3n , gracias a su relleno de ultima tecnolog\u00eda, creando una imbatible sensaci\u00f3n de mordida. Todos vienen con esencia de Tocino para mantener el inter\u00e9s de tu mascota e incluso flotan en el agua. Perfecto para perros de todas las [&hellip;]<\/p>\n","protected":false},"featured_media":629,"comment_status":"open","ping_status":"closed","template":"","meta":{"_et_pb_use_builder":"","_et_pb_old_content":"","_et_gb_content_width":"","_joinchat":[]},"product_brand":[],"product_cat":[37],"product_tag":[],"class_list":{"0":"post-628","1":"product","2":"type-product","3":"status-publish","4":"has-post-thumbnail","6":"product_cat-pelotas-para-perros","8":"first","9":"outofstock","10":"shipping-taxable","11":"purchasable","12":"product-type-simple"},"_links":{"self":[{"href":"https:\/\/lamascoteriaonline.co\/shop\/wp-json\/wp\/v2\/product\/628","targetHints":{"allow":["GET"]}}],"collection":[{"href":"https:\/\/lamascoteriaonline.co\/shop\/wp-json\/wp\/v2\/product"}],"about":[{"href":"https:\/\/lamascoteriaonline.co\/shop\/wp-json\/wp\/v2\/types\/product"}],"replies":[{"embeddable":true,"href":"https:\/\/lamascoteriaonline.co\/shop\/wp-json\/wp\/v2\/comments?post=628"}],"wp:featuredmedia":[{"embeddable":true,"href":"https:\/\/lamascoteriaonline.co\/shop\/wp-json\/wp\/v2\/media\/629"}],"wp:attachment":[{"href":"https:\/\/lamascoteriaonline.co\/shop\/wp-json\/wp\/v2\/media?parent=628"}],"wp:term":[{"taxonomy":"product_brand","embeddable":true,"href":"https:\/\/lamascoteriaonline.co\/shop\/wp-json\/wp\/v2\/product_brand?post=628"},{"taxonomy":"product_cat","embeddable":true,"href":"https:\/\/lamascoteriaonline.co\/shop\/wp-json\/wp\/v2\/product_cat?post=628"},{"taxonomy":"product_tag","embeddable":true,"href":"https:\/\/lamascoteriaonline.co\/shop\/wp-json\/wp\/v2\/product_tag?post=628"}],"curies":[{"name":"wp","href":"https:\/\/api.w.org\/{rel}","templated":true}]}}