{"id":617,"date":"2018-10-02T03:01:15","date_gmt":"2018-10-02T03:01:15","guid":{"rendered":"http:\/\/lamascoteriaonline.co\/shop\/?post_type=product&#038;p=617"},"modified":"2020-04-06T18:41:21","modified_gmt":"2020-04-06T18:41:21","slug":"pawi-collar-trendy-ahogo-delgado","status":"publish","type":"product","link":"https:\/\/lamascoteriaonline.co\/shop\/product\/pawi-collar-trendy-ahogo-delgado\/","title":{"rendered":"Pawi Collar Trendy Ahogo Delgado"},"content":{"rendered":"<p style=\"text-align: justify; background: white;\"><span style=\"font-size: 10.5pt; font-family: 'Arial',sans-serif; color: #888888;\">Dise\u00f1ado con los mejores materiales y los \u00faltimos colores de moda !! Tu mascota siempre lucir\u00e1 diferente con la linea Trendy<\/span><\/p>\n<p style=\"text-align: justify; background: white; box-sizing: border-box; font-variant-ligatures: normal; font-variant-caps: normal; orphans: 2; widows: 2; -webkit-text-stroke-width: 0px; text-decoration-style: initial; text-decoration-color: initial; word-spacing: 0px;\"><span style=\"font-size: 10.5pt; font-family: 'Arial',sans-serif; color: #888888;\">Colores Surtidos<\/span><\/p>\n","protected":false},"excerpt":{"rendered":"<p>Dise\u00f1ado con los mejores materiales y los \u00faltimos colores de moda !! Tu mascota siempre lucir\u00e1 diferente con la linea Trendy Colores Surtidos<\/p>\n","protected":false},"featured_media":618,"comment_status":"open","ping_status":"closed","template":"","meta":{"_et_pb_use_builder":"","_et_pb_old_content":"","_et_gb_content_width":"","_joinchat":[]},"product_brand":[],"product_cat":[36],"product_tag":[],"class_list":{"0":"post-617","1":"product","2":"type-product","3":"status-publish","4":"has-post-thumbnail","6":"product_cat-collares-para-perro","8":"first","9":"outofstock","10":"shipping-taxable","11":"purchasable","12":"product-type-simple"},"_links":{"self":[{"href":"https:\/\/lamascoteriaonline.co\/shop\/wp-json\/wp\/v2\/product\/617","targetHints":{"allow":["GET"]}}],"collection":[{"href":"https:\/\/lamascoteriaonline.co\/shop\/wp-json\/wp\/v2\/product"}],"about":[{"href":"https:\/\/lamascoteriaonline.co\/shop\/wp-json\/wp\/v2\/types\/product"}],"replies":[{"embeddable":true,"href":"https:\/\/lamascoteriaonline.co\/shop\/wp-json\/wp\/v2\/comments?post=617"}],"wp:featuredmedia":[{"embeddable":true,"href":"https:\/\/lamascoteriaonline.co\/shop\/wp-json\/wp\/v2\/media\/618"}],"wp:attachment":[{"href":"https:\/\/lamascoteriaonline.co\/shop\/wp-json\/wp\/v2\/media?parent=617"}],"wp:term":[{"taxonomy":"product_brand","embeddable":true,"href":"https:\/\/lamascoteriaonline.co\/shop\/wp-json\/wp\/v2\/product_brand?post=617"},{"taxonomy":"product_cat","embeddable":true,"href":"https:\/\/lamascoteriaonline.co\/shop\/wp-json\/wp\/v2\/product_cat?post=617"},{"taxonomy":"product_tag","embeddable":true,"href":"https:\/\/lamascoteriaonline.co\/shop\/wp-json\/wp\/v2\/product_tag?post=617"}],"curies":[{"name":"wp","href":"https:\/\/api.w.org\/{rel}","templated":true}]}}