{"id":6060,"date":"2020-10-05T12:44:56","date_gmt":"2020-10-05T12:44:56","guid":{"rendered":"https:\/\/lamascoteriaonline.co\/shop\/?post_type=product&#038;p=6060"},"modified":"2020-10-05T12:47:25","modified_gmt":"2020-10-05T12:47:25","slug":"petys-panos-humedos-con-clorhexidina-anti-bacterial","status":"publish","type":"product","link":"https:\/\/lamascoteriaonline.co\/shop\/product\/petys-panos-humedos-con-clorhexidina-anti-bacterial\/","title":{"rendered":"Petys Pa\u00f1os Humedos Con Clorhexidina (Anti bacterial)"},"content":{"rendered":"<ul>\n<li>Los Pa\u00f1os H\u00famedos Clorhexidina Petys, limpian, neutralizan el mal olor y ayudan al control de g\u00e9rmenes y bacterias. Inactivan el 99.9% del SARS-CoV-2, generando as\u00ed mayor bienestar, seguridad y salud para las familias. Adem\u00e1s de inactivar el 99.9% del SARS-CoV-2, eliminan el 99.9% de bacterias comunes.\n<p>Con Vitamina E y Aloe Vera que humectan la piel. Libre de fragancia, para que sea amigable con tu mascota. Hipoalerg\u00e9nico y libre de alcohol.<\/li>\n<\/ul>\n","protected":false},"excerpt":{"rendered":"<p>Los Pa\u00f1os H\u00famedos Clorhexidina Petys, limpian, neutralizan el mal olor y ayudan al control de g\u00e9rmenes y bacterias. Inactivan el 99.9% del SARS-CoV-2, generando as\u00ed mayor bienestar, seguridad y salud para las familias. Adem\u00e1s de inactivar el 99.9% del SARS-CoV-2, eliminan el 99.9% de bacterias comunes. Con Vitamina E y Aloe Vera que humectan la [&hellip;]<\/p>\n","protected":false},"featured_media":6064,"comment_status":"open","ping_status":"closed","template":"","meta":{"_et_pb_use_builder":"","_et_pb_old_content":"","_et_gb_content_width":"","_joinchat":[]},"product_brand":[],"product_cat":[95,92],"product_tag":[],"class_list":{"0":"post-6060","1":"product","2":"type-product","3":"status-publish","4":"has-post-thumbnail","6":"product_cat-gato-higiene-varios","7":"product_cat-perro-higiene-belleza","9":"first","10":"instock","11":"shipping-taxable","12":"purchasable","13":"product-type-simple"},"_links":{"self":[{"href":"https:\/\/lamascoteriaonline.co\/shop\/wp-json\/wp\/v2\/product\/6060","targetHints":{"allow":["GET"]}}],"collection":[{"href":"https:\/\/lamascoteriaonline.co\/shop\/wp-json\/wp\/v2\/product"}],"about":[{"href":"https:\/\/lamascoteriaonline.co\/shop\/wp-json\/wp\/v2\/types\/product"}],"replies":[{"embeddable":true,"href":"https:\/\/lamascoteriaonline.co\/shop\/wp-json\/wp\/v2\/comments?post=6060"}],"wp:featuredmedia":[{"embeddable":true,"href":"https:\/\/lamascoteriaonline.co\/shop\/wp-json\/wp\/v2\/media\/6064"}],"wp:attachment":[{"href":"https:\/\/lamascoteriaonline.co\/shop\/wp-json\/wp\/v2\/media?parent=6060"}],"wp:term":[{"taxonomy":"product_brand","embeddable":true,"href":"https:\/\/lamascoteriaonline.co\/shop\/wp-json\/wp\/v2\/product_brand?post=6060"},{"taxonomy":"product_cat","embeddable":true,"href":"https:\/\/lamascoteriaonline.co\/shop\/wp-json\/wp\/v2\/product_cat?post=6060"},{"taxonomy":"product_tag","embeddable":true,"href":"https:\/\/lamascoteriaonline.co\/shop\/wp-json\/wp\/v2\/product_tag?post=6060"}],"curies":[{"name":"wp","href":"https:\/\/api.w.org\/{rel}","templated":true}]}}