{"id":606,"date":"2018-10-02T00:14:36","date_gmt":"2018-10-02T00:14:36","guid":{"rendered":"http:\/\/lamascoteriaonline.co\/shop\/?post_type=product&#038;p=606"},"modified":"2020-04-06T18:42:37","modified_gmt":"2020-04-06T18:42:37","slug":"jalador-basquetball-lil-pals","status":"publish","type":"product","link":"https:\/\/lamascoteriaonline.co\/shop\/product\/jalador-basquetball-lil-pals\/","title":{"rendered":"Jalador Basquetball Lil Pals"},"content":{"rendered":"<h3 style=\"background: white; margin: 7.5pt 0cm 7.5pt 0cm;\"><span style=\"font-size: 10.5pt; font-family: 'Arial',sans-serif; color: #888888; background: white;\">De nuestra linea para perros de razas peque\u00f1as y cachorros, tenemos este jalador, su suave tela es suave con sus enc\u00edas y le facilita transportarlo y su fuertes pelotas en los extremos en vinilo le a\u00f1aden extra diversi\u00f3n.<\/span><\/h3>\n","protected":false},"excerpt":{"rendered":"<p>De nuestra linea para perros de razas peque\u00f1as y cachorros, tenemos este jalador, su suave tela es suave con sus enc\u00edas y le facilita transportarlo y su fuertes pelotas en los extremos en vinilo le a\u00f1aden extra diversi\u00f3n.<\/p>\n","protected":false},"featured_media":607,"comment_status":"open","ping_status":"closed","template":"","meta":{"_et_pb_use_builder":"","_et_pb_old_content":"","_et_gb_content_width":"","_joinchat":[]},"product_brand":[],"product_cat":[35],"product_tag":[],"class_list":{"0":"post-606","1":"product","2":"type-product","3":"status-publish","4":"has-post-thumbnail","6":"product_cat-entrenamiento-y-destreza-perros","8":"first","9":"outofstock","10":"shipping-taxable","11":"purchasable","12":"product-type-simple"},"_links":{"self":[{"href":"https:\/\/lamascoteriaonline.co\/shop\/wp-json\/wp\/v2\/product\/606","targetHints":{"allow":["GET"]}}],"collection":[{"href":"https:\/\/lamascoteriaonline.co\/shop\/wp-json\/wp\/v2\/product"}],"about":[{"href":"https:\/\/lamascoteriaonline.co\/shop\/wp-json\/wp\/v2\/types\/product"}],"replies":[{"embeddable":true,"href":"https:\/\/lamascoteriaonline.co\/shop\/wp-json\/wp\/v2\/comments?post=606"}],"wp:featuredmedia":[{"embeddable":true,"href":"https:\/\/lamascoteriaonline.co\/shop\/wp-json\/wp\/v2\/media\/607"}],"wp:attachment":[{"href":"https:\/\/lamascoteriaonline.co\/shop\/wp-json\/wp\/v2\/media?parent=606"}],"wp:term":[{"taxonomy":"product_brand","embeddable":true,"href":"https:\/\/lamascoteriaonline.co\/shop\/wp-json\/wp\/v2\/product_brand?post=606"},{"taxonomy":"product_cat","embeddable":true,"href":"https:\/\/lamascoteriaonline.co\/shop\/wp-json\/wp\/v2\/product_cat?post=606"},{"taxonomy":"product_tag","embeddable":true,"href":"https:\/\/lamascoteriaonline.co\/shop\/wp-json\/wp\/v2\/product_tag?post=606"}],"curies":[{"name":"wp","href":"https:\/\/api.w.org\/{rel}","templated":true}]}}