{"id":604,"date":"2018-10-02T00:12:30","date_gmt":"2018-10-02T00:12:30","guid":{"rendered":"http:\/\/lamascoteriaonline.co\/shop\/?post_type=product&#038;p=604"},"modified":"2020-04-06T18:42:38","modified_gmt":"2020-04-06T18:42:38","slug":"jalador-futbol-lil-pals","status":"publish","type":"product","link":"https:\/\/lamascoteriaonline.co\/shop\/product\/jalador-futbol-lil-pals\/","title":{"rendered":"Jalador Futbol Lil Pals"},"content":{"rendered":"<p>De nuestra linea para perros de razas peque\u00f1as y cachorros, tenemos este jalador, su suave tela es suave con sus enc\u00edas y le facilita transportarlo y su fuertes pelotas en los extremos en vinilo le a\u00f1aden extra diversi\u00f3n.<\/p>\n","protected":false},"excerpt":{"rendered":"<p>De nuestra linea para perros de razas peque\u00f1as y cachorros, tenemos este jalador, su suave tela es suave con sus enc\u00edas y le facilita transportarlo y su fuertes pelotas en los extremos en vinilo le a\u00f1aden extra diversi\u00f3n.<\/p>\n","protected":false},"featured_media":605,"comment_status":"open","ping_status":"closed","template":"","meta":{"_et_pb_use_builder":"","_et_pb_old_content":"","_et_gb_content_width":"","_joinchat":[]},"product_brand":[],"product_cat":[35],"product_tag":[],"class_list":{"0":"post-604","1":"product","2":"type-product","3":"status-publish","4":"has-post-thumbnail","6":"product_cat-entrenamiento-y-destreza-perros","8":"first","9":"outofstock","10":"shipping-taxable","11":"purchasable","12":"product-type-simple"},"_links":{"self":[{"href":"https:\/\/lamascoteriaonline.co\/shop\/wp-json\/wp\/v2\/product\/604","targetHints":{"allow":["GET"]}}],"collection":[{"href":"https:\/\/lamascoteriaonline.co\/shop\/wp-json\/wp\/v2\/product"}],"about":[{"href":"https:\/\/lamascoteriaonline.co\/shop\/wp-json\/wp\/v2\/types\/product"}],"replies":[{"embeddable":true,"href":"https:\/\/lamascoteriaonline.co\/shop\/wp-json\/wp\/v2\/comments?post=604"}],"wp:featuredmedia":[{"embeddable":true,"href":"https:\/\/lamascoteriaonline.co\/shop\/wp-json\/wp\/v2\/media\/605"}],"wp:attachment":[{"href":"https:\/\/lamascoteriaonline.co\/shop\/wp-json\/wp\/v2\/media?parent=604"}],"wp:term":[{"taxonomy":"product_brand","embeddable":true,"href":"https:\/\/lamascoteriaonline.co\/shop\/wp-json\/wp\/v2\/product_brand?post=604"},{"taxonomy":"product_cat","embeddable":true,"href":"https:\/\/lamascoteriaonline.co\/shop\/wp-json\/wp\/v2\/product_cat?post=604"},{"taxonomy":"product_tag","embeddable":true,"href":"https:\/\/lamascoteriaonline.co\/shop\/wp-json\/wp\/v2\/product_tag?post=604"}],"curies":[{"name":"wp","href":"https:\/\/api.w.org\/{rel}","templated":true}]}}