{"id":5905,"date":"2020-09-16T16:17:29","date_gmt":"2020-09-16T16:17:29","guid":{"rendered":"https:\/\/lamascoteriaonline.co\/shop\/?post_type=product&#038;p=5905"},"modified":"2023-07-01T17:08:10","modified_gmt":"2023-07-01T17:08:10","slug":"dog-chow-cachorro-sin-colorantes","status":"publish","type":"product","link":"https:\/\/lamascoteriaonline.co\/shop\/product\/dog-chow-cachorro-sin-colorantes\/","title":{"rendered":"Dog Chow Cachorro Sin Colorantes"},"content":{"rendered":"<div class=\"sectionMarquee sectionMarquee_left toggle-hd js-kraken-toggle-trigger\" role=\"button\" aria-expanded=\"true\" aria-controls=\".js-kraken-toggle-target\">\n<div class=\"sectionMarquee-label\">\n<div class=\"sectionMarquee sectionMarquee_left toggle-hd js-kraken-toggle-trigger\" role=\"button\" aria-expanded=\"true\" aria-controls=\".js-kraken-toggle-target\">\n<div class=\"sectionMarquee-label\">\n<h2>INGREDIENTES Y NUTRICI\u00d3N<\/h2>\n<\/div>\n<\/div>\n<div class=\"toggle-bd js-kraken-toggle-target\" aria-hidden=\"false\" aria-labelledby=\".js-kraken-toggle-trigger\">\n<div class=\"quadrant\">\n<div class=\"quadrant-zone mix-quadrant-zone_2of3\">\n<div class=\"quarantine\">\n<p><span lang=\"ES-CO\" xml:lang=\"ES-CO\">Ma\u00edz y\/o sorgo, harina proteica de pollo, harina de carne y hueso, harina de soya y\/o concentrado proteico de soya, concentrado proteico de ma\u00edz, arroz, harina de pescado y\/o harina de alga , grasa animal y\/o aceite vegetal estabilizado con antioxidantes (BHT), saborizante a base de menudencias de cerdo y\/o pollo, trigo, sal, inulina, taurina, zanahoria deshidratada, arveja deshidratada, L-lisina, DL- Metionina, carbonato de calcio, fosfato de calcio, cloruro de colina, cloruro de potasio, niacina, suplementos vitam\u00ednicos (A, E, B12, D3), pantotenato de calcio, suplemento de riboflavina, biotina, \u00e1cido f\u00f3lico, mononitrato de tiamina, clorhidrato de piridoxina, complejo menadiona s\u00f3dica bisulfito (fuente de actividad de vitamina K),\u00a0 sulfato de zinc, proteinato de zinc, sulfato ferroso, proteinato de hierro,\u00a0 sulfato de manganeso, proteinato de manganeso, sulfato de cobre, proteinato de cobre, yodato de calcio, selenito de sodio, proteinato de selenio.<\/span><\/p>\n<p>&nbsp;<\/p>\n<p><span lang=\"ES\" xml:lang=\"ES\">ENERG\u00cdA METABOLIZABLE (CALCULADA) : 3.680 kcal\/kg<\/span><\/p>\n<\/div>\n<\/div>\n<div class=\"quadrant-zone mix-quadrant-zone_1of3\">\n<div class=\"dataTable\">\n<div class=\"dataTable-header\">AN\u00c1LISIS GARANTIZADO<\/div>\n<div data-entity-id=\"data_table_2_column-322846\">\n<table>\n<tbody>\n<tr>\n<td>Prote\u00edna Cruda (m\u00edn.):<\/td>\n<td>26%<\/td>\n<\/tr>\n<tr>\n<td>Grasa Cruda (m\u00edn):<\/td>\n<td>11%<\/td>\n<\/tr>\n<tr>\n<td>Fibra Cruda (m\u00e1x.):<\/td>\n<td>3,5%<\/td>\n<\/tr>\n<tr>\n<td>Humedad (m\u00e1x.):<\/td>\n<td>12%<\/td>\n<\/tr>\n<tr>\n<td>Cenizas (m\u00e1x.):<\/td>\n<td>9%<\/td>\n<\/tr>\n<tr>\n<td>Calcio (m\u00edn.- m\u00e1x.):<\/td>\n<td>1,0% \/ 1,6%<\/td>\n<\/tr>\n<tr>\n<td>F\u00f3sforo (m\u00edn.- m\u00e1x.):<\/td>\n<td>0.9% &#8211; 1.3%<\/td>\n<\/tr>\n<\/tbody>\n<\/table>\n<\/div>\n<\/div>\n<\/div>\n<\/div>\n<\/div>\n<\/div>\n<\/div>\n<p>&nbsp;<\/p>\n<h3 style=\"background: white; margin: 7.5pt 0cm 7.5pt 0cm;\"><\/h3>\n","protected":false},"excerpt":{"rendered":"<p>INGREDIENTES Y NUTRICI\u00d3N Ma\u00edz y\/o sorgo, harina proteica de pollo, harina de carne y hueso, harina de soya y\/o concentrado proteico de soya, concentrado proteico de ma\u00edz, arroz, harina de pescado y\/o harina de alga , grasa animal y\/o aceite vegetal estabilizado con antioxidantes (BHT), saborizante a base de menudencias de cerdo y\/o pollo, trigo, [&hellip;]<\/p>\n","protected":false},"featured_media":5910,"comment_status":"open","ping_status":"closed","template":"","meta":{"_et_pb_use_builder":"","_et_pb_old_content":"","_et_gb_content_width":"","_joinchat":[]},"product_brand":[],"product_cat":[25],"product_tag":[],"class_list":{"0":"post-5905","1":"product","2":"type-product","3":"status-publish","4":"has-post-thumbnail","6":"product_cat-dog-chow","8":"first","9":"instock","10":"shipping-taxable","11":"purchasable","12":"product-type-variable"},"_links":{"self":[{"href":"https:\/\/lamascoteriaonline.co\/shop\/wp-json\/wp\/v2\/product\/5905","targetHints":{"allow":["GET"]}}],"collection":[{"href":"https:\/\/lamascoteriaonline.co\/shop\/wp-json\/wp\/v2\/product"}],"about":[{"href":"https:\/\/lamascoteriaonline.co\/shop\/wp-json\/wp\/v2\/types\/product"}],"replies":[{"embeddable":true,"href":"https:\/\/lamascoteriaonline.co\/shop\/wp-json\/wp\/v2\/comments?post=5905"}],"wp:featuredmedia":[{"embeddable":true,"href":"https:\/\/lamascoteriaonline.co\/shop\/wp-json\/wp\/v2\/media\/5910"}],"wp:attachment":[{"href":"https:\/\/lamascoteriaonline.co\/shop\/wp-json\/wp\/v2\/media?parent=5905"}],"wp:term":[{"taxonomy":"product_brand","embeddable":true,"href":"https:\/\/lamascoteriaonline.co\/shop\/wp-json\/wp\/v2\/product_brand?post=5905"},{"taxonomy":"product_cat","embeddable":true,"href":"https:\/\/lamascoteriaonline.co\/shop\/wp-json\/wp\/v2\/product_cat?post=5905"},{"taxonomy":"product_tag","embeddable":true,"href":"https:\/\/lamascoteriaonline.co\/shop\/wp-json\/wp\/v2\/product_tag?post=5905"}],"curies":[{"name":"wp","href":"https:\/\/api.w.org\/{rel}","templated":true}]}}