{"id":5744,"date":"2020-08-26T14:49:41","date_gmt":"2020-08-26T14:49:41","guid":{"rendered":"https:\/\/lamascoteriaonline.co\/shop\/?post_type=product&#038;p=5744"},"modified":"2023-07-15T16:30:06","modified_gmt":"2023-07-15T16:30:06","slug":"lucky-senior","status":"publish","type":"product","link":"https:\/\/lamascoteriaonline.co\/shop\/product\/lucky-senior\/","title":{"rendered":"Lucky Senior"},"content":{"rendered":"<div class=\"scr_content\">\n<div class=\"subT-301\">\n<div class=\"block-301\">\n<div class=\"col-301 one\">\n<div class=\"block-301\">\n<div class=\"col-301 one\">\n<div class=\"block-301\">\n<div class=\"col-301 one\">\n<div class=\"block-301\">\n<div class=\"col-301 one\">\n<div class=\"block-301\">\n<div class=\"col-301 one\">\n<div class=\"block-301\">\n<div class=\"col-301 one\">\n<div class=\"block-301\">\n<div class=\"col-301 one\">\n<h3>Composici\u00f3n garantizada<\/h3>\n<div class=\"tbl-301\">\n<div class=\"col-301\">\n<ul>\n<li>Prote\u00edna cruda<\/li>\n<li>Grasa cruda<\/li>\n<li>Fibra cruda<\/li>\n<li>Cenizas<\/li>\n<li>Calcio<\/li>\n<li>F\u00f3sforo<\/li>\n<li>Humedad<\/li>\n<\/ul>\n<\/div>\n<div class=\"col-301\">\n<ul>\n<li>M\u00ednimo<\/li>\n<li>M\u00ednimo<\/li>\n<li>M\u00e1ximo<\/li>\n<li>M\u00e1ximo<\/li>\n<li>M\u00ednimo<\/li>\n<li>M\u00ednimo<\/li>\n<li>M\u00e1ximo<\/li>\n<\/ul>\n<\/div>\n<div class=\"col-301\">\n<ul>\n<li>28%<\/li>\n<li>10%<\/li>\n<li>6%<\/li>\n<li>7%<\/li>\n<li>0.9%<\/li>\n<li>0.8%<\/li>\n<li>10%<\/li>\n<\/ul>\n<\/div>\n<\/div>\n<\/div>\n<div class=\"col-301\">\n<h3>Contenido cal\u00f3rico calculado<\/h3>\n<p class=\"p-301\">Energ\u00eda Metabolizable (EM\/ME) 3360 kcal\/<span class=\"kg\">kg<\/span>, 1527 kcal\/lb, 336 kcal\/taza.<\/p>\n<h3>Indicaciones de uso<\/h3>\n<p class=\"p-301\">Alimento completo extruido para el perro adulto mayor.<\/p>\n<\/div>\n<\/div>\n<div class=\"block-301\">\n<div class=\"subT-301\">\n<h3>Ingredientes<\/h3>\n<\/div>\n<p class=\"p-301\">Harina de pollo, ma\u00edz, avena, almid\u00f3n de yuca, prote\u00edna de arveja, salvado de trigo, clara de huevo, pulpa de remolacha, hidrolizado de pollo, col\u00e1geno, prote\u00edna de trigo, aceite de pollo, \u00e1cidos grasos de cadena media, levadura (Saccharomyces cerevisiae), harina de pescado, aceite de pescado (fuente natural de omega 3), extracto de algas marinas (fuente natural de DHA), inulina (prebi\u00f3ticos), MOS (manano oligosac\u00e1ridos), carbonato de calcio, sal, cloruro de potasio, zeolita, zanahoria, lisina, cloruro de colina, zinc org\u00e1nico, hierro org\u00e1nico, sulfato de condroitina, vitamina E, biotina, sulfato de glucosamina, MSM, vitamina C, Yucca schidigera, sulfato de zinc, lute\u00edna, probi\u00f3ticos (Bacillus subtilis y\/o Bacillus amyloliquefaciens y\/o Lactobacillus sp. y\/o Bifidobacterium sp.), BHT, sulfato ferroso, L-carnitina, sulfato de manganeso, betacaroteno, taurina, cobre trib\u00e1sico, vitamina B2, pantotenato de calcio, vitamina A, vitamina B3, vitamina K, vitamina B1, vitamina B12, vitamina B6, yodato de calcio, selenio org\u00e1nico, vitamina D, \u00e1cido f\u00f3lico, selenito de sodio.<\/p>\n<\/div>\n<\/div>\n<\/div>\n<\/div>\n<\/div>\n<\/div>\n<\/div>\n<\/div>\n<\/div>\n<\/div>\n<\/div>\n<\/div>\n<\/div>\n<\/div>\n<\/div>\n","protected":false},"excerpt":{"rendered":"<p>Composici\u00f3n garantizada Prote\u00edna cruda Grasa cruda Fibra cruda Cenizas Calcio F\u00f3sforo Humedad M\u00ednimo M\u00ednimo M\u00e1ximo M\u00e1ximo M\u00ednimo M\u00ednimo M\u00e1ximo 28% 10% 6% 7% 0.9% 0.8% 10% Contenido cal\u00f3rico calculado Energ\u00eda Metabolizable (EM\/ME) 3360 kcal\/kg, 1527 kcal\/lb, 336 kcal\/taza. Indicaciones de uso Alimento completo extruido para el perro adulto mayor. Ingredientes Harina de pollo, ma\u00edz, avena, [&hellip;]<\/p>\n","protected":false},"featured_media":5747,"comment_status":"open","ping_status":"closed","template":"","meta":{"_et_pb_use_builder":"","_et_pb_old_content":"","_et_gb_content_width":"","_joinchat":[]},"product_brand":[],"product_cat":[112],"product_tag":[],"class_list":{"0":"post-5744","1":"product","2":"type-product","3":"status-publish","4":"has-post-thumbnail","6":"product_cat-lucky","8":"first","9":"instock","10":"shipping-taxable","11":"purchasable","12":"product-type-variable"},"_links":{"self":[{"href":"https:\/\/lamascoteriaonline.co\/shop\/wp-json\/wp\/v2\/product\/5744","targetHints":{"allow":["GET"]}}],"collection":[{"href":"https:\/\/lamascoteriaonline.co\/shop\/wp-json\/wp\/v2\/product"}],"about":[{"href":"https:\/\/lamascoteriaonline.co\/shop\/wp-json\/wp\/v2\/types\/product"}],"replies":[{"embeddable":true,"href":"https:\/\/lamascoteriaonline.co\/shop\/wp-json\/wp\/v2\/comments?post=5744"}],"wp:featuredmedia":[{"embeddable":true,"href":"https:\/\/lamascoteriaonline.co\/shop\/wp-json\/wp\/v2\/media\/5747"}],"wp:attachment":[{"href":"https:\/\/lamascoteriaonline.co\/shop\/wp-json\/wp\/v2\/media?parent=5744"}],"wp:term":[{"taxonomy":"product_brand","embeddable":true,"href":"https:\/\/lamascoteriaonline.co\/shop\/wp-json\/wp\/v2\/product_brand?post=5744"},{"taxonomy":"product_cat","embeddable":true,"href":"https:\/\/lamascoteriaonline.co\/shop\/wp-json\/wp\/v2\/product_cat?post=5744"},{"taxonomy":"product_tag","embeddable":true,"href":"https:\/\/lamascoteriaonline.co\/shop\/wp-json\/wp\/v2\/product_tag?post=5744"}],"curies":[{"name":"wp","href":"https:\/\/api.w.org\/{rel}","templated":true}]}}