{"id":5717,"date":"2020-08-26T13:37:04","date_gmt":"2020-08-26T13:37:04","guid":{"rendered":"https:\/\/lamascoteriaonline.co\/shop\/?post_type=product&#038;p=5717"},"modified":"2023-07-15T16:28:39","modified_gmt":"2023-07-15T16:28:39","slug":"lucky-cachorro-raza-pequena","status":"publish","type":"product","link":"https:\/\/lamascoteriaonline.co\/shop\/product\/lucky-cachorro-raza-pequena\/","title":{"rendered":"Lucky Cachorro Raza Peque\u00f1a"},"content":{"rendered":"<div class=\"scr_content\">\n<div class=\"subT-301\">\n<h3>Ingredientes<\/h3>\n<\/div>\n<p class=\"p-301\">Harina de pollo, ma\u00edz, aceite de pollo, avena, almid\u00f3n de yuca, arroz, huevo, prote\u00edna de arveja, prote\u00edna de trigo, harina de pescado, pulpa de remolacha, hidrolizado de pollo, levadura (Saccharomyces cerevisiae), aceite de pescado (fuente natural de omega 3), extracto de algas marinas (fuente natural de DHA), inulina (prebi\u00f3ticos), sal, lignocelulosa, carbonato de calcio, fosfato de calcio, L-lisina, zeolita, cloruro de potasio, cloruro de colina, zinc org\u00e1nico, hierro org\u00e1nico, biotina, L-carnitina, sulfato de zinc, vitamina C, vitamina E, Yucca schidigera, lute\u00edna, probi\u00f3ticos (Bacillus subtilis y\/o Bacillus amyloliquefaciens y\/o Lactobacillus sp. y\/o Bifidobacterium sp.), BHT, sulfato ferroso, vitamina A, betacaroteno, taurina, sulfato de manganeso, cobre trib\u00e1sico, pantotenato de calcio, vitamina B3, vitamina K, vitamina B2, vitamina B1, vitamina B12, vitamina B6, yodato de calcio, selenio org\u00e1nico, vitamina D, \u00e1cido f\u00f3lico, selenito de sodio.<\/p>\n<\/div>\n","protected":false},"excerpt":{"rendered":"<p>Ingredientes Harina de pollo, ma\u00edz, aceite de pollo, avena, almid\u00f3n de yuca, arroz, huevo, prote\u00edna de arveja, prote\u00edna de trigo, harina de pescado, pulpa de remolacha, hidrolizado de pollo, levadura (Saccharomyces cerevisiae), aceite de pescado (fuente natural de omega 3), extracto de algas marinas (fuente natural de DHA), inulina (prebi\u00f3ticos), sal, lignocelulosa, carbonato de calcio, [&hellip;]<\/p>\n","protected":false},"featured_media":5721,"comment_status":"open","ping_status":"closed","template":"","meta":{"_et_pb_use_builder":"","_et_pb_old_content":"","_et_gb_content_width":"","_joinchat":[]},"product_brand":[],"product_cat":[112],"product_tag":[],"class_list":{"0":"post-5717","1":"product","2":"type-product","3":"status-publish","4":"has-post-thumbnail","6":"product_cat-lucky","8":"first","9":"instock","10":"shipping-taxable","11":"purchasable","12":"product-type-variable"},"_links":{"self":[{"href":"https:\/\/lamascoteriaonline.co\/shop\/wp-json\/wp\/v2\/product\/5717","targetHints":{"allow":["GET"]}}],"collection":[{"href":"https:\/\/lamascoteriaonline.co\/shop\/wp-json\/wp\/v2\/product"}],"about":[{"href":"https:\/\/lamascoteriaonline.co\/shop\/wp-json\/wp\/v2\/types\/product"}],"replies":[{"embeddable":true,"href":"https:\/\/lamascoteriaonline.co\/shop\/wp-json\/wp\/v2\/comments?post=5717"}],"wp:featuredmedia":[{"embeddable":true,"href":"https:\/\/lamascoteriaonline.co\/shop\/wp-json\/wp\/v2\/media\/5721"}],"wp:attachment":[{"href":"https:\/\/lamascoteriaonline.co\/shop\/wp-json\/wp\/v2\/media?parent=5717"}],"wp:term":[{"taxonomy":"product_brand","embeddable":true,"href":"https:\/\/lamascoteriaonline.co\/shop\/wp-json\/wp\/v2\/product_brand?post=5717"},{"taxonomy":"product_cat","embeddable":true,"href":"https:\/\/lamascoteriaonline.co\/shop\/wp-json\/wp\/v2\/product_cat?post=5717"},{"taxonomy":"product_tag","embeddable":true,"href":"https:\/\/lamascoteriaonline.co\/shop\/wp-json\/wp\/v2\/product_tag?post=5717"}],"curies":[{"name":"wp","href":"https:\/\/api.w.org\/{rel}","templated":true}]}}