{"id":5640,"date":"2020-08-24T20:36:49","date_gmt":"2020-08-24T20:36:49","guid":{"rendered":"https:\/\/lamascoteriaonline.co\/shop\/?post_type=product&#038;p=5640"},"modified":"2024-06-12T23:03:49","modified_gmt":"2024-06-12T23:03:49","slug":"monello-select-cachorro","status":"publish","type":"product","link":"https:\/\/lamascoteriaonline.co\/shop\/product\/monello-select-cachorro\/","title":{"rendered":"Select Cachorro"},"content":{"rendered":"<p>Ingredientes seleccionados fuentes de prote\u00ednas, aceites, ingredientes funcionales, vitaminas y minerales, m\u00edn. 63% (harina de v\u00edsceras de aves \u2013 m\u00edn. 23%, aceite de aves, aceite de salm\u00f3n &#8211; m\u00edn. 0,5%, hidrolizado de h\u00edgado de aves, mezcla de huevos deshidratados, salvado de gluten de ma\u00edz, salvado de soya, biomasa de microalgas Schizochytrium sp. \u2013 m\u00edn. 0,2%, levadura de cerveza inactiva deshidratada, mezcla prebi\u00f3tica \u2013 m\u00edn. 0,13% &#8211; compuesto de: pared celular de levadura, galacto-oligosac\u00e1ridos, fructo-oligosac\u00e1ridos y levadura de ca\u00f1a de az\u00facar seca, hexametafosfato de sodio, extracto de Yucca \u2013 m\u00edn. 0,03%, lisina, vitaminas A, D3, E, C, K3, B1, B2, B6, B12, pantotenato de calcio, \u00e1cido f\u00f3lico, \u00e1cido nicot\u00ednico, biotina, cloruro de colina, minerales cloruro de sodio, cloruro de potasio, sulfato de manganeso, sulfato de zinc, glicinato de zinc, sulfato de hierro, sulfato de cobre, yodato de calcio, selenito de sodio, selenio metionina). Frutas, vegetales, granos y aditivos esenciales, m\u00edn. 37% (grano de ma\u00edz, salvado de trigo, arroz quebrado, mezcla concentrada de frutas y vegetales deshidratados &#8211; compuesta por: harina de papa dulce &#8211; m\u00edn. 0,35%, manzanas, pl\u00e1tanos &#8211; m\u00edn. 0,03%, ar\u00e1ndanos, zanahorias &#8211; m\u00edn. 0,03% y harina de arvejas &#8211; m\u00edn. 0,05%, pulpa de remolacha deshidratada &#8211; m\u00edn. 0,5% y aditivos antioxidantes BHA y BHT).<\/p>\n","protected":false},"excerpt":{"rendered":"<p>&nbsp;<\/p>\n<p>&nbsp;<\/p>\n","protected":false},"featured_media":10828,"comment_status":"open","ping_status":"closed","template":"","meta":{"_et_pb_use_builder":"","_et_pb_old_content":"","_et_gb_content_width":"","_joinchat":[]},"product_brand":[],"product_cat":[41],"product_tag":[],"class_list":{"0":"post-5640","1":"product","2":"type-product","3":"status-publish","4":"has-post-thumbnail","6":"product_cat-monello","8":"first","9":"instock","10":"shipping-taxable","11":"purchasable","12":"product-type-variable"},"_links":{"self":[{"href":"https:\/\/lamascoteriaonline.co\/shop\/wp-json\/wp\/v2\/product\/5640","targetHints":{"allow":["GET"]}}],"collection":[{"href":"https:\/\/lamascoteriaonline.co\/shop\/wp-json\/wp\/v2\/product"}],"about":[{"href":"https:\/\/lamascoteriaonline.co\/shop\/wp-json\/wp\/v2\/types\/product"}],"replies":[{"embeddable":true,"href":"https:\/\/lamascoteriaonline.co\/shop\/wp-json\/wp\/v2\/comments?post=5640"}],"wp:featuredmedia":[{"embeddable":true,"href":"https:\/\/lamascoteriaonline.co\/shop\/wp-json\/wp\/v2\/media\/10828"}],"wp:attachment":[{"href":"https:\/\/lamascoteriaonline.co\/shop\/wp-json\/wp\/v2\/media?parent=5640"}],"wp:term":[{"taxonomy":"product_brand","embeddable":true,"href":"https:\/\/lamascoteriaonline.co\/shop\/wp-json\/wp\/v2\/product_brand?post=5640"},{"taxonomy":"product_cat","embeddable":true,"href":"https:\/\/lamascoteriaonline.co\/shop\/wp-json\/wp\/v2\/product_cat?post=5640"},{"taxonomy":"product_tag","embeddable":true,"href":"https:\/\/lamascoteriaonline.co\/shop\/wp-json\/wp\/v2\/product_tag?post=5640"}],"curies":[{"name":"wp","href":"https:\/\/api.w.org\/{rel}","templated":true}]}}