{"id":5636,"date":"2020-08-24T20:29:11","date_gmt":"2020-08-24T20:29:11","guid":{"rendered":"https:\/\/lamascoteriaonline.co\/shop\/?post_type=product&#038;p=5636"},"modified":"2024-06-12T23:22:45","modified_gmt":"2024-06-12T23:22:45","slug":"monello-select-cat-castrado","status":"publish","type":"product","link":"https:\/\/lamascoteriaonline.co\/shop\/product\/monello-select-cat-castrado\/","title":{"rendered":"Select Cat Castrado"},"content":{"rendered":"<ul>\n<li>Composici\u00f3n b\u00e1sica del producto\n<p>Ingredientes seleccionados fuentes de prote\u00ednas, aceites, ingredientes funcionales, vitaminas y minerales, m\u00edn. 64% (harina de v\u00edsceras de aves &#8211; m\u00edn. 21%, harina de salm\u00f3n, harina de carne y huesos de pavo &#8211; m\u00edn. 1%, aceite de aves, aceite de salm\u00f3n, hidrolizado de h\u00edgado de aves, mezcla de huevos deshidratados, salvado de gluten de ma\u00edz, salvado de soya, biomasa de microalgas Schizochytrium sp. &#8211; min. 0,1%, levadura de cerveza inactiva deshidratada, mezcla prebi\u00f3tica &#8211; m\u00edn. 0,07% &#8211; compuesto de: pared celular de levadura, galacto-oligosac\u00e1ridos, fructo-oligosac\u00e1ridos y levadura de ca\u00f1a de az\u00facar seca, hexametafosfato de sodio, L-carnitina, extracto de Yucca &#8211; m\u00edn. 0,013%, metionina, taurina, vitaminas A, D3, E, C, K3, B1, B2, B6, B12, pantotenato de calcio, \u00e1cido f\u00f3lico, \u00e1cido nicot\u00ednico, biotina, cloruro de colina, minerales cloruro de sodio, cloruro de potasio, sulfato de manganeso, sulfato de zinc, glicinato de zinc, sulfato de hierro, sulfato de cobre, yodato de calcio, selenito de sodio, selenio metionina). Frutas, vegetales, granos y aditivos esenciales, m\u00edn. 36% (arroz quebrado, grano de ma\u00edz, salvado de trigo, mezcla concentrada de frutas y vegetales deshidratados &#8211; compuesta por: harina de papa dulce &#8211; m\u00edn. 0,35%, manzanas &#8211; m\u00edn. 0,03%, pl\u00e1tanos, ar\u00e1ndanos, zanahorias &#8211; m\u00edn. 0,03% y harina de arvejas &#8211; m\u00edn. 0,05%, pulpa de remolacha deshidratada &#8211; m\u00edn. 1,2%, \u00e1cido fosf\u00f3rico y aditivos antioxidantes BHA y BHT).<\/li>\n<\/ul>\n","protected":false},"excerpt":{"rendered":"<p>Composici\u00f3n b\u00e1sica del producto Ingredientes seleccionados fuentes de prote\u00ednas, aceites, ingredientes funcionales, vitaminas y minerales, m\u00edn. 64% (harina de v\u00edsceras de aves &#8211; m\u00edn. 21%, harina de salm\u00f3n, harina de carne y huesos de pavo &#8211; m\u00edn. 1%, aceite de aves, aceite de salm\u00f3n, hidrolizado de h\u00edgado de aves, mezcla de huevos deshidratados, salvado de [&hellip;]<\/p>\n","protected":false},"featured_media":10843,"comment_status":"open","ping_status":"closed","template":"","meta":{"_et_pb_use_builder":"","_et_pb_old_content":"","_et_gb_content_width":"","_joinchat":[]},"product_brand":[],"product_cat":[63],"product_tag":[],"class_list":{"0":"post-5636","1":"product","2":"type-product","3":"status-publish","4":"has-post-thumbnail","6":"product_cat-monello-gatos","8":"first","9":"instock","10":"shipping-taxable","11":"purchasable","12":"product-type-variable"},"_links":{"self":[{"href":"https:\/\/lamascoteriaonline.co\/shop\/wp-json\/wp\/v2\/product\/5636","targetHints":{"allow":["GET"]}}],"collection":[{"href":"https:\/\/lamascoteriaonline.co\/shop\/wp-json\/wp\/v2\/product"}],"about":[{"href":"https:\/\/lamascoteriaonline.co\/shop\/wp-json\/wp\/v2\/types\/product"}],"replies":[{"embeddable":true,"href":"https:\/\/lamascoteriaonline.co\/shop\/wp-json\/wp\/v2\/comments?post=5636"}],"wp:featuredmedia":[{"embeddable":true,"href":"https:\/\/lamascoteriaonline.co\/shop\/wp-json\/wp\/v2\/media\/10843"}],"wp:attachment":[{"href":"https:\/\/lamascoteriaonline.co\/shop\/wp-json\/wp\/v2\/media?parent=5636"}],"wp:term":[{"taxonomy":"product_brand","embeddable":true,"href":"https:\/\/lamascoteriaonline.co\/shop\/wp-json\/wp\/v2\/product_brand?post=5636"},{"taxonomy":"product_cat","embeddable":true,"href":"https:\/\/lamascoteriaonline.co\/shop\/wp-json\/wp\/v2\/product_cat?post=5636"},{"taxonomy":"product_tag","embeddable":true,"href":"https:\/\/lamascoteriaonline.co\/shop\/wp-json\/wp\/v2\/product_tag?post=5636"}],"curies":[{"name":"wp","href":"https:\/\/api.w.org\/{rel}","templated":true}]}}