{"id":4095,"date":"2019-07-24T18:20:26","date_gmt":"2019-07-24T18:20:26","guid":{"rendered":"https:\/\/lamascoteriaonline.co\/shop\/?post_type=product&#038;p=4095"},"modified":"2023-04-05T20:43:13","modified_gmt":"2023-04-05T20:43:13","slug":"royal-canin-mini-adulto","status":"publish","type":"product","link":"https:\/\/lamascoteriaonline.co\/shop\/product\/royal-canin-mini-adulto\/","title":{"rendered":"Royal Canin Mini Adulto"},"content":{"rendered":"<div class=\"second-benefit-title\">MANTENIMIENTO DEL PESO IDEAL<\/div>\n<div class=\"main-benefit-text\">\n<p>Ayuda a mantener el peso ideal del perro de raza peque\u00f1a: satisface sus elevadas necesidades energ\u00e9ticas y favorece la movilizaci\u00f3n de las grasas mediante la L-carnitina.<\/p>\n<\/div>\n<div class=\"second-banefit\">\n<div class=\"second-benefit-image\"><img loading=\"lazy\" decoding=\"async\" class=\"attachment-full size-full lazyloaded\" src=\"https:\/\/www.royalcanin.es\/wp-content\/uploads\/producto\/2018\/03\/20180326041054-mini-adult-SecondaryBenefit0.gif\" alt=\"\" width=\"99\" height=\"92\" data-was-processed=\"true\" \/><\/div>\n<div class=\"second-benefit-title\">PALATABILIDAD REFORZADA<\/div>\n<div class=\"second-benefit-text\">\n<p>Satisface los apetitos caprichosos de los perros de razas peque\u00f1as gracias a una f\u00f3rmula y una selecci\u00f3n de aromas exclusivos.<\/p>\n<\/div>\n<\/div>\n<div class=\"second-banefit\">\n<div class=\"second-benefit-image\"><img loading=\"lazy\" decoding=\"async\" class=\"attachment-full size-full lazyloaded\" src=\"https:\/\/www.royalcanin.es\/wp-content\/uploads\/producto\/2018\/03\/20180326041054-mini-adult-SecondaryBenefit1.gif\" alt=\"\" width=\"99\" height=\"92\" data-was-processed=\"true\" \/><\/div>\n<div class=\"second-benefit-title\">ESTADO DEL PELAJE<\/div>\n<div class=\"second-benefit-text\">\n<p>Esta f\u00f3rmula contiene nutrientes que favorecen la buena salud del pelo y de la piel. Enriquecido con EPA-DHA.<\/p>\n<\/div>\n<\/div>\n<p>&nbsp;<\/p>\n<p>&nbsp;<\/p>\n<p>&nbsp;<\/p>\n<p>&nbsp;<\/p>\n<p>&nbsp;<\/p>\n<div class=\"tab1-benefits\">\n<div class=\"col-xs-9 not-padding\">\n<p class=\"tab1-description\">\n<\/div>\n<\/div>\n","protected":false},"excerpt":{"rendered":"<p>MANTENIMIENTO DEL PESO IDEAL Ayuda a mantener el peso ideal del perro de raza peque\u00f1a: satisface sus elevadas necesidades energ\u00e9ticas y favorece la movilizaci\u00f3n de las grasas mediante la L-carnitina. PALATABILIDAD REFORZADA Satisface los apetitos caprichosos de los perros de razas peque\u00f1as gracias a una f\u00f3rmula y una selecci\u00f3n de aromas exclusivos. ESTADO DEL PELAJE [&hellip;]<\/p>\n","protected":false},"featured_media":4098,"comment_status":"open","ping_status":"closed","template":"","meta":{"_et_pb_use_builder":"","_et_pb_old_content":"","_et_gb_content_width":"","_joinchat":[]},"product_brand":[],"product_cat":[76],"product_tag":[],"class_list":{"0":"post-4095","1":"product","2":"type-product","3":"status-publish","4":"has-post-thumbnail","6":"product_cat-royal-canin","8":"first","9":"instock","10":"shipping-taxable","11":"purchasable","12":"product-type-variable"},"_links":{"self":[{"href":"https:\/\/lamascoteriaonline.co\/shop\/wp-json\/wp\/v2\/product\/4095","targetHints":{"allow":["GET"]}}],"collection":[{"href":"https:\/\/lamascoteriaonline.co\/shop\/wp-json\/wp\/v2\/product"}],"about":[{"href":"https:\/\/lamascoteriaonline.co\/shop\/wp-json\/wp\/v2\/types\/product"}],"replies":[{"embeddable":true,"href":"https:\/\/lamascoteriaonline.co\/shop\/wp-json\/wp\/v2\/comments?post=4095"}],"wp:featuredmedia":[{"embeddable":true,"href":"https:\/\/lamascoteriaonline.co\/shop\/wp-json\/wp\/v2\/media\/4098"}],"wp:attachment":[{"href":"https:\/\/lamascoteriaonline.co\/shop\/wp-json\/wp\/v2\/media?parent=4095"}],"wp:term":[{"taxonomy":"product_brand","embeddable":true,"href":"https:\/\/lamascoteriaonline.co\/shop\/wp-json\/wp\/v2\/product_brand?post=4095"},{"taxonomy":"product_cat","embeddable":true,"href":"https:\/\/lamascoteriaonline.co\/shop\/wp-json\/wp\/v2\/product_cat?post=4095"},{"taxonomy":"product_tag","embeddable":true,"href":"https:\/\/lamascoteriaonline.co\/shop\/wp-json\/wp\/v2\/product_tag?post=4095"}],"curies":[{"name":"wp","href":"https:\/\/api.w.org\/{rel}","templated":true}]}}