{"id":4075,"date":"2019-07-24T18:03:09","date_gmt":"2019-07-24T18:03:09","guid":{"rendered":"https:\/\/lamascoteriaonline.co\/shop\/?post_type=product&#038;p=4075"},"modified":"2023-04-05T20:50:52","modified_gmt":"2023-04-05T20:50:52","slug":"royal-canin-maxi-adulto","status":"publish","type":"product","link":"https:\/\/lamascoteriaonline.co\/shop\/product\/royal-canin-maxi-adulto\/","title":{"rendered":"Royal Canin Maxi Adulto"},"content":{"rendered":"<div class=\"second-benefit-title\">ALTA DIGESTIBILIDAD<\/div>\n<div class=\"main-benefit-text\">\n<p>Favorece la \u00f3ptima digestibilidad gracias a una f\u00f3rmula exclusiva que incluye prote\u00ednas de muy alta calidad y un aporte equilibrado de fibras alimentarias.<\/p>\n<\/div>\n<div class=\"second-banefit\">\n<div class=\"second-benefit-image\"><img loading=\"lazy\" decoding=\"async\" class=\"attachment-full size-full lazyloaded\" src=\"https:\/\/www.royalcanin.es\/wp-content\/uploads\/producto\/2018\/03\/20180326041112-maxi-adult-2012-SecondaryBenefit0.gif\" alt=\"\" width=\"99\" height=\"92\" data-was-processed=\"true\" \/><\/div>\n<div class=\"second-benefit-title\">HUESOS Y ARTICULACIONES<\/div>\n<div class=\"second-benefit-text\">\n<p>Contribuye a la salud de los huesos y de las articulaciones, particularmente sometidas al estr\u00e9s en los perros de tama\u00f1o grande.<\/p>\n<\/div>\n<\/div>\n<div class=\"second-banefit\">\n<div class=\"second-benefit-image\"><img loading=\"lazy\" decoding=\"async\" class=\"attachment-full size-full lazyloaded\" src=\"https:\/\/www.royalcanin.es\/wp-content\/uploads\/producto\/2018\/03\/20180326041112-maxi-adult-2012-SecondaryBenefit1.gif\" alt=\"\" width=\"99\" height=\"92\" data-was-processed=\"true\" \/><\/div>\n<div class=\"second-benefit-title\">OMEGA 3: EPA \u2013 DHA<\/div>\n<div class=\"second-benefit-text\">\n<p>F\u00f3rmula enriquecida con \u00e1cidos grasos omega 3 (EPA-DHA) para ayudar a mantener una piel sana.<\/p>\n<\/div>\n<\/div>\n<p>&nbsp;<\/p>\n<p>&nbsp;<\/p>\n<p>&nbsp;<\/p>\n<div class=\"tab1-benefits\">\n<div class=\"col-xs-9 not-padding\">\n<p class=\"tab1-description\">\n<\/div>\n<\/div>\n","protected":false},"excerpt":{"rendered":"<p>ALTA DIGESTIBILIDAD Favorece la \u00f3ptima digestibilidad gracias a una f\u00f3rmula exclusiva que incluye prote\u00ednas de muy alta calidad y un aporte equilibrado de fibras alimentarias. HUESOS Y ARTICULACIONES Contribuye a la salud de los huesos y de las articulaciones, particularmente sometidas al estr\u00e9s en los perros de tama\u00f1o grande. OMEGA 3: EPA \u2013 DHA F\u00f3rmula [&hellip;]<\/p>\n","protected":false},"featured_media":4076,"comment_status":"open","ping_status":"closed","template":"","meta":{"_et_pb_use_builder":"","_et_pb_old_content":"","_et_gb_content_width":"","_joinchat":[]},"product_brand":[],"product_cat":[76],"product_tag":[],"class_list":{"0":"post-4075","1":"product","2":"type-product","3":"status-publish","4":"has-post-thumbnail","6":"product_cat-royal-canin","8":"first","9":"instock","10":"shipping-taxable","11":"purchasable","12":"product-type-variable"},"_links":{"self":[{"href":"https:\/\/lamascoteriaonline.co\/shop\/wp-json\/wp\/v2\/product\/4075","targetHints":{"allow":["GET"]}}],"collection":[{"href":"https:\/\/lamascoteriaonline.co\/shop\/wp-json\/wp\/v2\/product"}],"about":[{"href":"https:\/\/lamascoteriaonline.co\/shop\/wp-json\/wp\/v2\/types\/product"}],"replies":[{"embeddable":true,"href":"https:\/\/lamascoteriaonline.co\/shop\/wp-json\/wp\/v2\/comments?post=4075"}],"wp:featuredmedia":[{"embeddable":true,"href":"https:\/\/lamascoteriaonline.co\/shop\/wp-json\/wp\/v2\/media\/4076"}],"wp:attachment":[{"href":"https:\/\/lamascoteriaonline.co\/shop\/wp-json\/wp\/v2\/media?parent=4075"}],"wp:term":[{"taxonomy":"product_brand","embeddable":true,"href":"https:\/\/lamascoteriaonline.co\/shop\/wp-json\/wp\/v2\/product_brand?post=4075"},{"taxonomy":"product_cat","embeddable":true,"href":"https:\/\/lamascoteriaonline.co\/shop\/wp-json\/wp\/v2\/product_cat?post=4075"},{"taxonomy":"product_tag","embeddable":true,"href":"https:\/\/lamascoteriaonline.co\/shop\/wp-json\/wp\/v2\/product_tag?post=4075"}],"curies":[{"name":"wp","href":"https:\/\/api.w.org\/{rel}","templated":true}]}}