{"id":3958,"date":"2019-06-27T12:33:14","date_gmt":"2019-06-27T12:33:14","guid":{"rendered":"https:\/\/lamascoteriaonline.co\/shop\/?post_type=product&#038;p=3958"},"modified":"2023-04-05T21:05:08","modified_gmt":"2023-04-05T21:05:08","slug":"royal-canin-golden-retriever-puppy-136-kg","status":"publish","type":"product","link":"https:\/\/lamascoteriaonline.co\/shop\/product\/royal-canin-golden-retriever-puppy-136-kg\/","title":{"rendered":"Royal Canin Golden Retriever Puppy"},"content":{"rendered":"<div class=\"second-benefit-title\">SALUD DE LA PIEL Y EL PELO<\/div>\n<div class=\"main-benefit-text\">\n<p>GOLDEN RETRIEVER JUNIOR helps support the skin\u2019s &#8216;barrier&#8217; role (exclusive complex) and maintain skin and coat health (EPA &amp; DHA). Enriched with borage oil.<\/p>\n<\/div>\n<div class=\"second-banefit\">\n<div class=\"second-benefit-image\"><\/div>\n<div class=\"second-benefit-title\">SALUD DIGESTIVA<\/div>\n<div class=\"second-benefit-text\">\n<p>El tama\u00f1o, forma, textura y f\u00f3rmula de la croqueta est\u00e1n adaptados al Golden Retriever cachorro.<\/p>\n<\/div>\n<\/div>\n<div class=\"second-banefit\">\n<div class=\"second-benefit-image\"><\/div>\n<div class=\"second-benefit-title\">DEFENSAS NATURALES<\/div>\n<div class=\"second-benefit-text\">\n<p>Esta f\u00f3rmula ayuda a mantener las defensas naturales del Golden Retriever cachorro.<\/p>\n<\/div>\n<\/div>\n<div class=\"second-banefit\">\n<div class=\"second-benefit-image\"><\/div>\n<div class=\"second-benefit-title\">CROQUETA EXCLUSIVA<\/div>\n<div class=\"second-benefit-text\">\n<p>Esta f\u00f3rmula contribuye a la salud digestiva y favorece el equilibrio de la flora intestinal.<\/p>\n<\/div>\n<\/div>\n<p>&nbsp;<\/p>\n<div class=\"tab1-benefits\">\n<div class=\"col-xs-9 not-padding\">\n<p class=\"tab1-description\">\n<\/div>\n<\/div>\n","protected":false},"excerpt":{"rendered":"<p>SALUD DE LA PIEL Y EL PELO GOLDEN RETRIEVER JUNIOR helps support the skin\u2019s &#8216;barrier&#8217; role (exclusive complex) and maintain skin and coat health (EPA &amp; DHA). Enriched with borage oil. SALUD DIGESTIVA El tama\u00f1o, forma, textura y f\u00f3rmula de la croqueta est\u00e1n adaptados al Golden Retriever cachorro. DEFENSAS NATURALES Esta f\u00f3rmula ayuda a mantener [&hellip;]<\/p>\n","protected":false},"featured_media":9936,"comment_status":"open","ping_status":"closed","template":"","meta":{"_et_pb_use_builder":"","_et_pb_old_content":"","_et_gb_content_width":"","_joinchat":[]},"product_brand":[],"product_cat":[76],"product_tag":[],"class_list":{"0":"post-3958","1":"product","2":"type-product","3":"status-publish","4":"has-post-thumbnail","6":"product_cat-royal-canin","8":"first","9":"instock","10":"shipping-taxable","11":"purchasable","12":"product-type-variable"},"_links":{"self":[{"href":"https:\/\/lamascoteriaonline.co\/shop\/wp-json\/wp\/v2\/product\/3958","targetHints":{"allow":["GET"]}}],"collection":[{"href":"https:\/\/lamascoteriaonline.co\/shop\/wp-json\/wp\/v2\/product"}],"about":[{"href":"https:\/\/lamascoteriaonline.co\/shop\/wp-json\/wp\/v2\/types\/product"}],"replies":[{"embeddable":true,"href":"https:\/\/lamascoteriaonline.co\/shop\/wp-json\/wp\/v2\/comments?post=3958"}],"wp:featuredmedia":[{"embeddable":true,"href":"https:\/\/lamascoteriaonline.co\/shop\/wp-json\/wp\/v2\/media\/9936"}],"wp:attachment":[{"href":"https:\/\/lamascoteriaonline.co\/shop\/wp-json\/wp\/v2\/media?parent=3958"}],"wp:term":[{"taxonomy":"product_brand","embeddable":true,"href":"https:\/\/lamascoteriaonline.co\/shop\/wp-json\/wp\/v2\/product_brand?post=3958"},{"taxonomy":"product_cat","embeddable":true,"href":"https:\/\/lamascoteriaonline.co\/shop\/wp-json\/wp\/v2\/product_cat?post=3958"},{"taxonomy":"product_tag","embeddable":true,"href":"https:\/\/lamascoteriaonline.co\/shop\/wp-json\/wp\/v2\/product_tag?post=3958"}],"curies":[{"name":"wp","href":"https:\/\/api.w.org\/{rel}","templated":true}]}}