{"id":3956,"date":"2019-06-27T12:30:47","date_gmt":"2019-06-27T12:30:47","guid":{"rendered":"https:\/\/lamascoteriaonline.co\/shop\/?post_type=product&#038;p=3956"},"modified":"2023-04-05T21:07:30","modified_gmt":"2023-04-05T21:07:30","slug":"royal-canin-pastor-aleman-puppy-136-kg","status":"publish","type":"product","link":"https:\/\/lamascoteriaonline.co\/shop\/product\/royal-canin-pastor-aleman-puppy-136-kg\/","title":{"rendered":"Royal Canin German Shepherd Puppy 13.6 kg"},"content":{"rendered":"<div class=\"second-benefit-title\">BUEN FUNCIONAMIENTO DEL SISTEMA DIGESTIVO<\/div>\n<div class=\"main-benefit-text\">\n<p>Una combinaci\u00f3n exclusiva de nutrientes que contribuye a la salud digestiva (prote\u00ednas L.I.P.) y favorece el equilibrio de la flora intestinal (FOS, MOS), contribuyendo as\u00ed a una buena calidad de las heces. Tiene en cuenta la sensibilidad digestiva del Pastor Alem\u00e1n cachorro.<\/p>\n<\/div>\n<div class=\"second-banefit\">\n<div class=\"second-benefit-image\"><\/div>\n<div class=\"second-benefit-title\">CROQUETA EXCLUSIVA<\/div>\n<div class=\"second-benefit-text\">\n<p>El tama\u00f1o, forma, textura y f\u00f3rmula de la croqueta est\u00e1n adaptados al Pastor Alem\u00e1n cachorro.<\/p>\n<\/div>\n<\/div>\n<div class=\"second-banefit\">\n<div class=\"second-benefit-image\"><\/div>\n<div class=\"second-benefit-title\">DEFENSAS NATURALES<\/div>\n<div class=\"second-benefit-text\">\n<p>Esta f\u00f3rmula ayuda a mantener las defensas naturales del Pastor Alem\u00e1n cachorro.<\/p>\n<\/div>\n<\/div>\n<div class=\"second-banefit\">\n<div class=\"second-benefit-image\"><\/div>\n<div class=\"second-benefit-title\">CROQUETA EXCLUSIVA<\/div>\n<div class=\"second-benefit-text\">\n<p>GERMAN SHEPHERD JUNIOR contribuye a la salud de los huesos y articulaciones del Pastor Alem\u00e1n cachorro gracias al contenido adaptado de calcio y f\u00f3sforo. Esta f\u00f3rmula exclusiva tambi\u00e9n ayuda al mantenimiento del peso ideal.<\/p>\n<\/div>\n<\/div>\n<p>&nbsp;<\/p>\n<div class=\"tab1-benefits\">\n<div class=\"col-xs-9 not-padding\">\n<p class=\"tab1-description\">\n<\/div>\n<\/div>\n","protected":false},"excerpt":{"rendered":"<p>BUEN FUNCIONAMIENTO DEL SISTEMA DIGESTIVO Una combinaci\u00f3n exclusiva de nutrientes que contribuye a la salud digestiva (prote\u00ednas L.I.P.) y favorece el equilibrio de la flora intestinal (FOS, MOS), contribuyendo as\u00ed a una buena calidad de las heces. Tiene en cuenta la sensibilidad digestiva del Pastor Alem\u00e1n cachorro. CROQUETA EXCLUSIVA El tama\u00f1o, forma, textura y f\u00f3rmula [&hellip;]<\/p>\n","protected":false},"featured_media":3957,"comment_status":"open","ping_status":"closed","template":"","meta":{"_et_pb_use_builder":"","_et_pb_old_content":"","_et_gb_content_width":"","_joinchat":[]},"product_brand":[],"product_cat":[76],"product_tag":[],"class_list":{"0":"post-3956","1":"product","2":"type-product","3":"status-publish","4":"has-post-thumbnail","6":"product_cat-royal-canin","8":"first","9":"instock","10":"shipping-taxable","11":"purchasable","12":"product-type-simple"},"_links":{"self":[{"href":"https:\/\/lamascoteriaonline.co\/shop\/wp-json\/wp\/v2\/product\/3956","targetHints":{"allow":["GET"]}}],"collection":[{"href":"https:\/\/lamascoteriaonline.co\/shop\/wp-json\/wp\/v2\/product"}],"about":[{"href":"https:\/\/lamascoteriaonline.co\/shop\/wp-json\/wp\/v2\/types\/product"}],"replies":[{"embeddable":true,"href":"https:\/\/lamascoteriaonline.co\/shop\/wp-json\/wp\/v2\/comments?post=3956"}],"wp:featuredmedia":[{"embeddable":true,"href":"https:\/\/lamascoteriaonline.co\/shop\/wp-json\/wp\/v2\/media\/3957"}],"wp:attachment":[{"href":"https:\/\/lamascoteriaonline.co\/shop\/wp-json\/wp\/v2\/media?parent=3956"}],"wp:term":[{"taxonomy":"product_brand","embeddable":true,"href":"https:\/\/lamascoteriaonline.co\/shop\/wp-json\/wp\/v2\/product_brand?post=3956"},{"taxonomy":"product_cat","embeddable":true,"href":"https:\/\/lamascoteriaonline.co\/shop\/wp-json\/wp\/v2\/product_cat?post=3956"},{"taxonomy":"product_tag","embeddable":true,"href":"https:\/\/lamascoteriaonline.co\/shop\/wp-json\/wp\/v2\/product_tag?post=3956"}],"curies":[{"name":"wp","href":"https:\/\/api.w.org\/{rel}","templated":true}]}}