{"id":3883,"date":"2019-06-17T20:36:43","date_gmt":"2019-06-17T20:36:43","guid":{"rendered":"https:\/\/lamascoteriaonline.co\/shop\/?post_type=product&#038;p=3883"},"modified":"2023-04-05T21:20:56","modified_gmt":"2023-04-05T21:20:56","slug":"royal-canin-pug-puppy-1-13kg","status":"publish","type":"product","link":"https:\/\/lamascoteriaonline.co\/shop\/product\/royal-canin-pug-puppy-1-13kg\/","title":{"rendered":"Royal Canin Pug Puppy  1.13kg"},"content":{"rendered":"<h3>Croqueta Exclusiva<\/h3>\n<p>La raza Pug es un claro ejemplo del tipo de mand\u00edbula &#8220;braquic\u00e9fala&#8221;, con un hocico muy corto. La forma, tama\u00f1o y textura de las exclusivas croquetas PUG PUPPY est\u00e1n dise\u00f1ados para facilitar la prensi\u00f3n y estimular la masticaci\u00f3n en el cachorro de raza Pug.<\/p>\n","protected":false},"excerpt":{"rendered":"<p>Croqueta Exclusiva La raza Pug es un claro ejemplo del tipo de mand\u00edbula &#8220;braquic\u00e9fala&#8221;, con un hocico muy corto. La forma, tama\u00f1o y textura de las exclusivas croquetas PUG PUPPY est\u00e1n dise\u00f1ados para facilitar la prensi\u00f3n y estimular la masticaci\u00f3n en el cachorro de raza Pug.<\/p>\n","protected":false},"featured_media":3884,"comment_status":"open","ping_status":"closed","template":"","meta":{"_et_pb_use_builder":"","_et_pb_old_content":"","_et_gb_content_width":"","_joinchat":[]},"product_brand":[],"product_cat":[76],"product_tag":[],"class_list":{"0":"post-3883","1":"product","2":"type-product","3":"status-publish","4":"has-post-thumbnail","6":"product_cat-royal-canin","8":"first","9":"instock","10":"shipping-taxable","11":"purchasable","12":"product-type-simple"},"_links":{"self":[{"href":"https:\/\/lamascoteriaonline.co\/shop\/wp-json\/wp\/v2\/product\/3883","targetHints":{"allow":["GET"]}}],"collection":[{"href":"https:\/\/lamascoteriaonline.co\/shop\/wp-json\/wp\/v2\/product"}],"about":[{"href":"https:\/\/lamascoteriaonline.co\/shop\/wp-json\/wp\/v2\/types\/product"}],"replies":[{"embeddable":true,"href":"https:\/\/lamascoteriaonline.co\/shop\/wp-json\/wp\/v2\/comments?post=3883"}],"wp:featuredmedia":[{"embeddable":true,"href":"https:\/\/lamascoteriaonline.co\/shop\/wp-json\/wp\/v2\/media\/3884"}],"wp:attachment":[{"href":"https:\/\/lamascoteriaonline.co\/shop\/wp-json\/wp\/v2\/media?parent=3883"}],"wp:term":[{"taxonomy":"product_brand","embeddable":true,"href":"https:\/\/lamascoteriaonline.co\/shop\/wp-json\/wp\/v2\/product_brand?post=3883"},{"taxonomy":"product_cat","embeddable":true,"href":"https:\/\/lamascoteriaonline.co\/shop\/wp-json\/wp\/v2\/product_cat?post=3883"},{"taxonomy":"product_tag","embeddable":true,"href":"https:\/\/lamascoteriaonline.co\/shop\/wp-json\/wp\/v2\/product_tag?post=3883"}],"curies":[{"name":"wp","href":"https:\/\/api.w.org\/{rel}","templated":true}]}}