{"id":3873,"date":"2019-06-17T20:24:33","date_gmt":"2019-06-17T20:24:33","guid":{"rendered":"https:\/\/lamascoteriaonline.co\/shop\/?post_type=product&#038;p=3873"},"modified":"2023-04-05T21:28:27","modified_gmt":"2023-04-05T21:28:27","slug":"royal-canin-bulldog-frances","status":"publish","type":"product","link":"https:\/\/lamascoteriaonline.co\/shop\/product\/royal-canin-bulldog-frances\/","title":{"rendered":"Royal Canin Bulldog Frances"},"content":{"rendered":"<div class=\"tab1-benefits\">\n<div class=\"col-xs-9 not-padding\">\n<h3 class=\"tab1-title\">Condici\u00f3n de la Masa M\u00fascular<\/h3>\n<p class=\"tab1-description\">Los perros de raza Bulldog Franc\u00e9s suelen tener una musculatura poderosa. FRENCH BULLDOG ADULT ayuda a mantener la masa muscular gracias a un contenido adecuado de prote\u00ednas (24% min.) Enriquecido con L-Carnitina.<\/p>\n<\/div>\n<\/div>\n<div class=\"clear\"><\/div>\n<div class=\"tab1-benefits\">\n<div class=\"col-xs-1\"><img loading=\"lazy\" decoding=\"async\" title=\" Piel Saludable \" src=\"https:\/\/www.royalcanin.co\/var\/royalcanin\/storage\/images\/subsidiaries\/mx3\/home\/productos\/products\/salud-y-nutricion-para-perros\/breed-health-nutrition\/french-bulldog-adult\/420\/32678558-7-esl-ES\/420_product_page_picto.png\" alt=\" Piel Saludable \" width=\"10\" height=\"10\" \/><\/div>\n<div class=\"col-xs-9 not-padding\">\n<h3 class=\"tab1-title\">Piel Saludable<\/h3>\n<p class=\"tab1-description\">La piel refleja el estado de salud de un perro. Esta f\u00f3rmula ayuda a promover la funci\u00f3n protectora de la piel gracias a un exclusivo complejo de nutrientes y a mantener la piel saludable (EPA y DHA).<\/p>\n<\/div>\n<\/div>\n<div class=\"clear\"><\/div>\n<div class=\"tab1-benefits\">\n<div class=\"col-xs-1\"><img loading=\"lazy\" decoding=\"async\" title=\" Reduce el olor de las heces \" src=\"https:\/\/www.royalcanin.co\/var\/royalcanin\/storage\/images\/subsidiaries\/mx3\/home\/productos\/products\/salud-y-nutricion-para-perros\/breed-health-nutrition\/french-bulldog-adult\/430\/32678562-7-esl-ES\/430_product_page_picto.png\" alt=\" Reduce el olor de las heces \" width=\"10\" height=\"10\" \/><\/div>\n<div class=\"col-xs-9 not-padding\">\n<h3 class=\"tab1-title\">Reduce el olor de las Heces<\/h3>\n<p class=\"tab1-description\">Esta f\u00f3rmula ayuda a reducir las fermentaciones intestinales que pueden dar lugar a trastornos digestivos, flatulencias y mal olor de las heces. FRENCH BULLDOG ADULT promueve una digesti\u00f3n saludable gracias a prote\u00ednas altamente digestibles (L.I.P.), un contenido adecuado de fibras y fuentes de carbohidratos de alta calidad.<\/p>\n<\/div>\n<\/div>\n","protected":false},"excerpt":{"rendered":"<p>Condici\u00f3n de la Masa M\u00fascular Los perros de raza Bulldog Franc\u00e9s suelen tener una musculatura poderosa. FRENCH BULLDOG ADULT ayuda a mantener la masa muscular gracias a un contenido adecuado de prote\u00ednas (24% min.) Enriquecido con L-Carnitina. Piel Saludable La piel refleja el estado de salud de un perro. Esta f\u00f3rmula ayuda a promover la [&hellip;]<\/p>\n","protected":false},"featured_media":3874,"comment_status":"open","ping_status":"closed","template":"","meta":{"_et_pb_use_builder":"","_et_pb_old_content":"","_et_gb_content_width":"","_joinchat":[]},"product_brand":[],"product_cat":[76],"product_tag":[],"class_list":{"0":"post-3873","1":"product","2":"type-product","3":"status-publish","4":"has-post-thumbnail","6":"product_cat-royal-canin","8":"first","9":"instock","10":"shipping-taxable","11":"purchasable","12":"product-type-variable"},"_links":{"self":[{"href":"https:\/\/lamascoteriaonline.co\/shop\/wp-json\/wp\/v2\/product\/3873","targetHints":{"allow":["GET"]}}],"collection":[{"href":"https:\/\/lamascoteriaonline.co\/shop\/wp-json\/wp\/v2\/product"}],"about":[{"href":"https:\/\/lamascoteriaonline.co\/shop\/wp-json\/wp\/v2\/types\/product"}],"replies":[{"embeddable":true,"href":"https:\/\/lamascoteriaonline.co\/shop\/wp-json\/wp\/v2\/comments?post=3873"}],"wp:featuredmedia":[{"embeddable":true,"href":"https:\/\/lamascoteriaonline.co\/shop\/wp-json\/wp\/v2\/media\/3874"}],"wp:attachment":[{"href":"https:\/\/lamascoteriaonline.co\/shop\/wp-json\/wp\/v2\/media?parent=3873"}],"wp:term":[{"taxonomy":"product_brand","embeddable":true,"href":"https:\/\/lamascoteriaonline.co\/shop\/wp-json\/wp\/v2\/product_brand?post=3873"},{"taxonomy":"product_cat","embeddable":true,"href":"https:\/\/lamascoteriaonline.co\/shop\/wp-json\/wp\/v2\/product_cat?post=3873"},{"taxonomy":"product_tag","embeddable":true,"href":"https:\/\/lamascoteriaonline.co\/shop\/wp-json\/wp\/v2\/product_tag?post=3873"}],"curies":[{"name":"wp","href":"https:\/\/api.w.org\/{rel}","templated":true}]}}