{"id":3546,"date":"2019-02-14T11:21:14","date_gmt":"2019-02-14T11:21:14","guid":{"rendered":"http:\/\/lamascoteriaonline.co\/shop\/?post_type=product&#038;p=3546"},"modified":"2019-02-14T11:21:14","modified_gmt":"2019-02-14T11:21:14","slug":"baxidin-anticeptico-desinfectante","status":"publish","type":"product","link":"https:\/\/lamascoteriaonline.co\/shop\/product\/baxidin-anticeptico-desinfectante\/","title":{"rendered":"Baxidin Anticeptico Desinfectante"},"content":{"rendered":"<p>&nbsp;<\/p>\n<div class=\"tab-content\">\n<div class=\"std\">\n<ul>\n<li>Antis\u00e9ptico de uso externo.<\/li>\n<li>\u00datil en la desinfecci\u00f3n y tratamiento de las heridas.<\/li>\n<li>Ayuda a mantener libre de microorganismos cualquier herida para mejorar los procesos de cicatrizaci\u00f3n.<\/li>\n<li>Controla enfermedades de piel causadas por hongos, virus o levaduras.<\/li>\n<li>Posee acci\u00f3n bactericida contra g\u00e9rmenes gram negativos y gram positivos, act\u00faa contra hongos, levaduras y virus (cubiertas lip\u00eddicas).<\/li>\n<\/ul>\n<\/div>\n<\/div>\n<p>&nbsp;<\/p>\n","protected":false},"excerpt":{"rendered":"<p>&nbsp; Antis\u00e9ptico de uso externo. \u00datil en la desinfecci\u00f3n y tratamiento de las heridas. Ayuda a mantener libre de microorganismos cualquier herida para mejorar los procesos de cicatrizaci\u00f3n. Controla enfermedades de piel causadas por hongos, virus o levaduras. Posee acci\u00f3n bactericida contra g\u00e9rmenes gram negativos y gram positivos, act\u00faa contra hongos, levaduras y virus (cubiertas [&hellip;]<\/p>\n","protected":false},"featured_media":3547,"comment_status":"open","ping_status":"closed","template":"","meta":{"_et_pb_use_builder":"","_et_pb_old_content":"","_et_gb_content_width":"","_joinchat":[]},"product_brand":[],"product_cat":[92],"product_tag":[],"class_list":{"0":"post-3546","1":"product","2":"type-product","3":"status-publish","4":"has-post-thumbnail","6":"product_cat-perro-higiene-belleza","8":"first","9":"instock","10":"shipping-taxable","11":"purchasable","12":"product-type-simple"},"_links":{"self":[{"href":"https:\/\/lamascoteriaonline.co\/shop\/wp-json\/wp\/v2\/product\/3546","targetHints":{"allow":["GET"]}}],"collection":[{"href":"https:\/\/lamascoteriaonline.co\/shop\/wp-json\/wp\/v2\/product"}],"about":[{"href":"https:\/\/lamascoteriaonline.co\/shop\/wp-json\/wp\/v2\/types\/product"}],"replies":[{"embeddable":true,"href":"https:\/\/lamascoteriaonline.co\/shop\/wp-json\/wp\/v2\/comments?post=3546"}],"wp:featuredmedia":[{"embeddable":true,"href":"https:\/\/lamascoteriaonline.co\/shop\/wp-json\/wp\/v2\/media\/3547"}],"wp:attachment":[{"href":"https:\/\/lamascoteriaonline.co\/shop\/wp-json\/wp\/v2\/media?parent=3546"}],"wp:term":[{"taxonomy":"product_brand","embeddable":true,"href":"https:\/\/lamascoteriaonline.co\/shop\/wp-json\/wp\/v2\/product_brand?post=3546"},{"taxonomy":"product_cat","embeddable":true,"href":"https:\/\/lamascoteriaonline.co\/shop\/wp-json\/wp\/v2\/product_cat?post=3546"},{"taxonomy":"product_tag","embeddable":true,"href":"https:\/\/lamascoteriaonline.co\/shop\/wp-json\/wp\/v2\/product_tag?post=3546"}],"curies":[{"name":"wp","href":"https:\/\/api.w.org\/{rel}","templated":true}]}}