{"id":3360,"date":"2019-01-23T17:31:12","date_gmt":"2019-01-23T17:31:12","guid":{"rendered":"http:\/\/lamascoteriaonline.co\/shop\/?post_type=product&#038;p=3360"},"modified":"2020-05-22T17:27:55","modified_gmt":"2020-05-22T17:27:55","slug":"petys-adios-olores","status":"publish","type":"product","link":"https:\/\/lamascoteriaonline.co\/shop\/product\/petys-adios-olores\/","title":{"rendered":"Petys Eliminador de Olores"},"content":{"rendered":"<p>&nbsp;<\/p>\n<ul>\n<li>Con una formulaci\u00f3n que elimina el 99.9% de las bacterias asociadas a lo malos olores en el entorno de las mascotas.<\/li>\n<li>Deja una agradable fragancia en el ambiente que aporta frescura y limpieza.<\/li>\n<li>Pr\u00e1ctica v\u00e1lvula que dispersa muy bien el l\u00edquido en el aire<\/li>\n<li>Puede usarse en cualquier lugar de la casa, especialmente donde m\u00e1s permanezcan las mascotas.<\/li>\n<li>Contiene: 280 ml.<\/li>\n<\/ul>\n<p>&nbsp;<\/p>\n","protected":false},"excerpt":{"rendered":"<p>&nbsp; Con una formulaci\u00f3n que elimina el 99.9% de las bacterias asociadas a lo malos olores en el entorno de las mascotas. Deja una agradable fragancia en el ambiente que aporta frescura y limpieza. Pr\u00e1ctica v\u00e1lvula que dispersa muy bien el l\u00edquido en el aire Puede usarse en cualquier lugar de la casa, especialmente donde [&hellip;]<\/p>\n","protected":false},"featured_media":5111,"comment_status":"open","ping_status":"closed","template":"","meta":{"_et_pb_use_builder":"","_et_pb_old_content":"","_et_gb_content_width":"","_joinchat":[]},"product_brand":[],"product_cat":[95,92],"product_tag":[],"class_list":{"0":"post-3360","1":"product","2":"type-product","3":"status-publish","4":"has-post-thumbnail","6":"product_cat-gato-higiene-varios","7":"product_cat-perro-higiene-belleza","9":"first","10":"instock","11":"shipping-taxable","12":"purchasable","13":"product-type-variable"},"_links":{"self":[{"href":"https:\/\/lamascoteriaonline.co\/shop\/wp-json\/wp\/v2\/product\/3360","targetHints":{"allow":["GET"]}}],"collection":[{"href":"https:\/\/lamascoteriaonline.co\/shop\/wp-json\/wp\/v2\/product"}],"about":[{"href":"https:\/\/lamascoteriaonline.co\/shop\/wp-json\/wp\/v2\/types\/product"}],"replies":[{"embeddable":true,"href":"https:\/\/lamascoteriaonline.co\/shop\/wp-json\/wp\/v2\/comments?post=3360"}],"wp:featuredmedia":[{"embeddable":true,"href":"https:\/\/lamascoteriaonline.co\/shop\/wp-json\/wp\/v2\/media\/5111"}],"wp:attachment":[{"href":"https:\/\/lamascoteriaonline.co\/shop\/wp-json\/wp\/v2\/media?parent=3360"}],"wp:term":[{"taxonomy":"product_brand","embeddable":true,"href":"https:\/\/lamascoteriaonline.co\/shop\/wp-json\/wp\/v2\/product_brand?post=3360"},{"taxonomy":"product_cat","embeddable":true,"href":"https:\/\/lamascoteriaonline.co\/shop\/wp-json\/wp\/v2\/product_cat?post=3360"},{"taxonomy":"product_tag","embeddable":true,"href":"https:\/\/lamascoteriaonline.co\/shop\/wp-json\/wp\/v2\/product_tag?post=3360"}],"curies":[{"name":"wp","href":"https:\/\/api.w.org\/{rel}","templated":true}]}}