{"id":3179,"date":"2019-01-19T21:35:19","date_gmt":"2019-01-19T21:35:19","guid":{"rendered":"http:\/\/lamascoteriaonline.co\/shop\/?post_type=product&#038;p=3179"},"modified":"2023-06-03T16:06:59","modified_gmt":"2023-06-03T16:06:59","slug":"diamond-natural-kitten","status":"publish","type":"product","link":"https:\/\/lamascoteriaonline.co\/shop\/product\/diamond-natural-kitten\/","title":{"rendered":"Diamond Natural Kitten"},"content":{"rendered":"<h6 id=\"tw-target-text\" class=\"tw-data-text tw-text-large tw-ta\" dir=\"ltr\" data-placeholder=\"Traducci\u00f3n\"><span class=\"Y2IQFc\" lang=\"es\">Diamond Naturals Kitten Chicken &amp; Rice Formula est\u00e1 espec\u00edficamente formulado para satisfacer las necesidades nutricionales de su gatito en crecimiento. El DHA y los nutrientes agregados respaldan el desarrollo adecuado del cerebro y la visi\u00f3n y un crecimiento \u00f3ptimo, mientras que los niveles adecuados de prote\u00edna, grasa y taurina aseguran que su gatito obtenga todo lo que necesita para crecer fuerte. <\/span><\/h6>\n<h6 class=\"tw-data-text tw-text-large tw-ta\" dir=\"ltr\" data-placeholder=\"Traducci\u00f3n\"><span class=\"Y2IQFc\" lang=\"es\">Esta f\u00f3rmula tambi\u00e9n es ideal para gatas adultas gestantes o lactantes. Ingredientes Pollo, harina de pollo, arroz blanco molido, guisantes, grasa de pollo (conservada con tocoferoles mixtos), prote\u00edna de papa, harina de pescado, harina de salm\u00f3n, producto de huevo, sabor natural, linaza, aceite de salm\u00f3n (una fuente de DHA), DL-metionina, cloruro de potasio, sal, cloruro de colina, taurina, ra\u00edz de achicoria seca, col rizada, semilla de ch\u00eda, calabaza, ar\u00e1ndanos, naranjas, quinua, algas marinas secas, coco, espinaca, zanahorias, papaya, extracto de yucca schidigera, producto de fermentaci\u00f3n de Lactobacillus plantarum seco, bacilo seco producto de fermentaci\u00f3n subtilis, producto de fermentaci\u00f3n de Lactobacillus acidophilus seco, producto de fermentaci\u00f3n de Enterococcus faecium seco, producto de fermentaci\u00f3n de Bifidobacterium animalis seco, proteinato de zinc, suplemento de vitamina E, niacina, proteinato de manganeso, proteinato de cobre, sulfato de zinc, sulfato de manganeso, sulfato de cobre, mononitrato de tiamina (vitamina B1), suplemento de vitamina A, biotina, yoduro de potasio, pantotenato de calcio, riboflavina (vitamina B2), clorhidrato de piridoxina (vitamina B6), suplemento de vitamina B12 ment, \u00f3xido manganoso, selenito de sodio, suplemento de vitamina D, \u00e1cido f\u00f3lico. Contiene una fuente de microorganismos vivos (viables) de origen natural.<\/span><\/h6>\n","protected":false},"excerpt":{"rendered":"<p>Diamond Naturals Kitten Chicken &amp; Rice Formula est\u00e1 espec\u00edficamente formulado para satisfacer las necesidades nutricionales de su gatito en crecimiento. El DHA y los nutrientes agregados respaldan el desarrollo adecuado del cerebro y la visi\u00f3n y un crecimiento \u00f3ptimo, mientras que los niveles adecuados de prote\u00edna, grasa y taurina aseguran que su gatito obtenga todo [&hellip;]<\/p>\n","protected":false},"featured_media":3182,"comment_status":"open","ping_status":"closed","template":"","meta":{"_et_pb_use_builder":"","_et_pb_old_content":"","_et_gb_content_width":"","_joinchat":[]},"product_brand":[],"product_cat":[105],"product_tag":[],"class_list":{"0":"post-3179","1":"product","2":"type-product","3":"status-publish","4":"has-post-thumbnail","6":"product_cat-gatos-seco-diamond-naturalis","8":"first","9":"instock","10":"shipping-taxable","11":"purchasable","12":"product-type-variable"},"_links":{"self":[{"href":"https:\/\/lamascoteriaonline.co\/shop\/wp-json\/wp\/v2\/product\/3179","targetHints":{"allow":["GET"]}}],"collection":[{"href":"https:\/\/lamascoteriaonline.co\/shop\/wp-json\/wp\/v2\/product"}],"about":[{"href":"https:\/\/lamascoteriaonline.co\/shop\/wp-json\/wp\/v2\/types\/product"}],"replies":[{"embeddable":true,"href":"https:\/\/lamascoteriaonline.co\/shop\/wp-json\/wp\/v2\/comments?post=3179"}],"wp:featuredmedia":[{"embeddable":true,"href":"https:\/\/lamascoteriaonline.co\/shop\/wp-json\/wp\/v2\/media\/3182"}],"wp:attachment":[{"href":"https:\/\/lamascoteriaonline.co\/shop\/wp-json\/wp\/v2\/media?parent=3179"}],"wp:term":[{"taxonomy":"product_brand","embeddable":true,"href":"https:\/\/lamascoteriaonline.co\/shop\/wp-json\/wp\/v2\/product_brand?post=3179"},{"taxonomy":"product_cat","embeddable":true,"href":"https:\/\/lamascoteriaonline.co\/shop\/wp-json\/wp\/v2\/product_cat?post=3179"},{"taxonomy":"product_tag","embeddable":true,"href":"https:\/\/lamascoteriaonline.co\/shop\/wp-json\/wp\/v2\/product_tag?post=3179"}],"curies":[{"name":"wp","href":"https:\/\/api.w.org\/{rel}","templated":true}]}}